{"id":3041,"date":"2025-11-14T11:13:14","date_gmt":"2025-11-14T03:13:14","guid":{"rendered":"https:\/\/minghanggroup.com\/?post_type=product&#038;p=3041"},"modified":"2025-11-14T17:28:36","modified_gmt":"2025-11-14T09:28:36","slug":"custom-glass-spice-bottles-seasoning-bottle-bulk","status":"publish","type":"product","link":"https:\/\/minghanggroup.com\/es\/producto\/custom-glass-spice-bottles-seasoning-bottle-bulk\/","title":{"rendered":"Botellas de vidrio personalizadas de 40 ml para especias y condimentos"},"content":{"rendered":"<p>Deja de lidiar con el desorden que hace que tu cocina se vea desordenada. Fabricamos elegantes frascos de vidrio para especias que no solo realzan la decoraci\u00f3n de tu cocina, sino que tambi\u00e9n mantienen tus especias frescas. No son simples frascos, sino el nuevo poder invisible de tu marca para cocinas y envases de alimentos ordenados y elegantes.<\/p>\n<h2>Caracter\u00edsticas del producto<\/h2>\n<ol>\n<li><strong>Cuello de botella redondeado:<\/strong>El cuello de botella redondeado y uniforme garantiza un buen sellado y, por lo tanto, no se permiten fugas.<\/li>\n<li><strong>Tapa de agitaci\u00f3n precisa:<\/strong>Los agujeros est\u00e1n distribuidos uniformemente en la tapa de metal y as\u00ed se puede lograr un control perfecto de la cantidad de especias, por ejemplo, pimienta, sal, az\u00facar y harina.<\/li>\n<li><strong>Dise\u00f1o ergon\u00f3mico:<\/strong>Las l\u00edneas suaves y delgadas de la botella de la combinaci\u00f3n con un dise\u00f1o bellamente c\u00f3nico brindan un agarre agradable y, por lo tanto, es f\u00e1cil de usar en la cocina.<\/li>\n<\/ol>\n<h2>Especificaciones clave<\/h2>\n<table style=\"border-collapse: collapse; width: 80%; margin-left: auto; margin-right: auto;\" border=\"0\" width=\"288\" cellspacing=\"0\" cellpadding=\"0\">\n<tbody>\n<tr style=\"height: 13.50pt;\">\n<td style=\"height: 13.5pt; width: 54pt; text-align: center;\" width=\"72\" height=\"18\">Capacidad<\/td>\n<td style=\"width: 54pt; text-align: center;\" width=\"72\">Tama\u00f1o<\/td>\n<td style=\"width: 54pt; text-align: center;\" width=\"72\">Opciones de color<\/td>\n<td style=\"width: 54pt; text-align: center;\" width=\"72\">Opciones de tapa<\/td>\n<\/tr>\n<tr style=\"height: 13.50pt;\">\n<td style=\"height: 13.5pt; text-align: center;\" height=\"18\">40 ml<\/td>\n<td style=\"text-align: center;\">4,5 * 10 cm<\/td>\n<td style=\"text-align: center;\">Claro, personalizado<\/td>\n<td style=\"text-align: center;\">Metal con agujeros uniformes<\/td>\n<\/tr>\n<\/tbody>\n<\/table>\n<h2>Caso de \u00e9xito<\/h2>\n<p>Una startup europea de condimentos nos contact\u00f3 porque buscaba un envase que reflejara su imagen minimalista y sofisticada. Por ello, creamos esta botella de vidrio para especias a medida. Adaptamos el dise\u00f1o a las caracter\u00edsticas de su producto, combinando un cuerpo de vidrio con un tap\u00f3n de rosca met\u00e1lico grueso y resistente. La alta transparencia de la botella hizo que los chiles, granos de pimienta y dientes de ajo de colores brillantes resultaran m\u00e1s atractivos para los clientes.<\/p>\n<p>Despu\u00e9s de todo, estas elegantes botellas de vidrio para especias fueron fundamentales para el crecimiento de las ventas del cliente de m\u00e1s del 30% en los primeros tres meses.<\/p>\n<h2>Consejos para personalizar botellas de vidrio para especias<\/h2>\n<p>Este contenedor de vidrio para condimentos ofrece diversas caracter\u00edsticas ajustables para satisfacer los requisitos precisos de una marca. Entre ellas se encuentran la selecci\u00f3n del grosor y la transparencia de la botella para un mejor efecto visual, la personalizaci\u00f3n del color, el proceso de galvanoplastia o el recubrimiento por pulverizaci\u00f3n de la tapa met\u00e1lica para que se integre con el estilo de la marca y la adici\u00f3n de serigraf\u00eda, estampado en caliente o etiquetas para mejorar el reconocimiento de la marca. Hay varios dise\u00f1os de orificios disponibles para acomodar condimentos de diferentes tama\u00f1os de part\u00edcula. Adem\u00e1s, tambi\u00e9n puede personalizar el volumen o el envoltorio de la caja de regalo para crear una versi\u00f3n \u00fanica de la botella de condimentos que destaque en el mercado.<\/p>","protected":false},"excerpt":{"rendered":"<p>Botellas de vidrio para especias dise\u00f1adas para dispensar de forma limpia. Una opci\u00f3n elegante para condimentos, ideal para grandes cantidades, personalizaci\u00f3n de marca y almacenamiento eficiente en la cocina.<\/p>","protected":false},"featured_media":3042,"template":"","meta":{"postBodyCss":"","postBodyMargin":[],"postBodyPadding":[],"postBodyBackground":{"backgroundType":"classic","gradient":""}},"product_brand":[],"product_cat":[15,17,53],"product_tag":[],"class_list":{"0":"post-3041","1":"product","2":"type-product","3":"status-publish","4":"has-post-thumbnail","6":"product_cat-glass-containers","7":"product_cat-glass-jars","8":"product_cat-spice-jars","10":"first","11":"instock","12":"shipping-taxable","13":"product-type-simple"},"jetpack_sharing_enabled":true,"_links":{"self":[{"href":"https:\/\/minghanggroup.com\/es\/wp-json\/wp\/v2\/product\/3041","targetHints":{"allow":["GET"]}}],"collection":[{"href":"https:\/\/minghanggroup.com\/es\/wp-json\/wp\/v2\/product"}],"about":[{"href":"https:\/\/minghanggroup.com\/es\/wp-json\/wp\/v2\/types\/product"}],"wp:featuredmedia":[{"embeddable":true,"href":"https:\/\/minghanggroup.com\/es\/wp-json\/wp\/v2\/media\/3042"}],"wp:attachment":[{"href":"https:\/\/minghanggroup.com\/es\/wp-json\/wp\/v2\/media?parent=3041"}],"wp:term":[{"taxonomy":"product_brand","embeddable":true,"href":"https:\/\/minghanggroup.com\/es\/wp-json\/wp\/v2\/product_brand?post=3041"},{"taxonomy":"product_cat","embeddable":true,"href":"https:\/\/minghanggroup.com\/es\/wp-json\/wp\/v2\/product_cat?post=3041"},{"taxonomy":"product_tag","embeddable":true,"href":"https:\/\/minghanggroup.com\/es\/wp-json\/wp\/v2\/product_tag?post=3041"}],"curies":[{"name":"wp","href":"https:\/\/api.w.org\/{rel}","templated":true}]}}