{"id":3031,"date":"2025-11-13T16:58:06","date_gmt":"2025-11-13T08:58:06","guid":{"rendered":"https:\/\/minghanggroup.com\/?post_type=product&#038;p=3031"},"modified":"2025-11-14T10:05:55","modified_gmt":"2025-11-14T02:05:55","slug":"custom-seasoning-container-dry-spice-grinder-bulk","status":"publish","type":"product","link":"https:\/\/minghanggroup.com\/es\/producto\/custom-seasoning-container-dry-spice-grinder-bulk\/","title":{"rendered":"Contenedor de condimentos personalizado de 200 ml con molinillo para envasado"},"content":{"rendered":"<p>Deja de lidiar con especias mal almacenadas que hacen que tu cocina luzca desordenada. Fabricamos frascos de especias de alta calidad que no solo mantienen tus especias frescas, sino que tambi\u00e9n transforman tu cocina en un lugar moderno. No son simples recipientes, se convierten en la nueva arma secreta de tu marca para la organizaci\u00f3n de la cocina y el envasado de alimentos.<\/p>\n<h2>Caracter\u00edsticas del producto<\/h2>\n<ol>\n<li><strong>Control de molienda preciso:<\/strong>El molinillo rotatorio de acero inoxidable es lo que le permite determinar con mucha precisi\u00f3n el grosor de su pimienta, sal y hierbas.<\/li>\n<li><strong>Estructura de sellado a prueba de humedad:<\/strong>La tapa de acero inoxidable y el anillo de sellado de silicona cuando se combinan, pueden evitar eficazmente la entrada de humedad, lo que hace que las especias que utilizar\u00e1 se mantengan frescas durante m\u00e1s tiempo.<\/li>\n<li><strong>Dise\u00f1o ergon\u00f3mico de botella:<\/strong>Gracias a las curvas fluidas de la botella y al buen agarre, se puede hacer muy f\u00e1cilmente con una mano, por lo que la experiencia del usuario es elevada.<\/li>\n<\/ol>\n<h2>Especificaciones clave<\/h2>\n<table style=\"border-collapse: collapse; width: 80%; margin-left: AUTO; margin-right: AUTO;\" border=\"0\" width=\"360\" cellspacing=\"0\" cellpadding=\"0\">\n<tbody>\n<tr style=\"height: 13.50pt;\">\n<td style=\"height: 13.5pt; width: 54pt; text-align: center;\" width=\"72\" height=\"18\">Capacidad<\/td>\n<td style=\"width: 54pt; text-align: center;\" width=\"72\">Tama\u00f1o<\/td>\n<td style=\"width: 54pt; text-align: center;\" width=\"72\">Opciones de color<\/td>\n<td style=\"width: 54pt; text-align: center;\" width=\"72\">Accesorio<\/td>\n<td style=\"width: 54pt; text-align: center;\" width=\"72\">Uso<\/td>\n<\/tr>\n<tr style=\"height: 13.50pt;\">\n<td style=\"height: 13.5pt; text-align: center;\" height=\"18\">200 ml<\/td>\n<td style=\"text-align: center;\">6,6 x 18,9 cm<\/td>\n<td style=\"text-align: center;\">Claro, personalizado<\/td>\n<td style=\"text-align: center;\">Molinillo de especias secas<\/td>\n<td style=\"text-align: center;\">Pimienta, Sal gruesa, Comino<\/td>\n<\/tr>\n<\/tbody>\n<\/table>\n<h2>Caso de \u00e9xito<\/h2>\n<p>Una marca canadiense de alimentos nos contact\u00f3 porque buscaba un tarro de condimentos de alta gama y un molinillo de especias secas con dise\u00f1o personalizado para su nueva l\u00ednea de sal del Himalaya y pimienta negra. Para realzar los colores naturales de las especias, elegimos un tarro de vidrio transparente con una elegante tapa de acero inoxidable cepillado y un n\u00facleo de cer\u00e1mica resistente con precisi\u00f3n de molienda ajustable para la parte funcional.<\/p>\n<p>El producto ha experimentado un aumento del 40% en las ventas minoristas en los tres meses posteriores a su lanzamiento y ha supuesto un gran \u00e9xito para la marca en sets de regalo y tiendas gourmet online.<\/p>\n<h2>Tus consejos de personalizaci\u00f3n<\/h2>\n<p>El contenedor de condimento para molinillo de especias secas est\u00e1 disponible en varios tama\u00f1os de botellas de vidrio para satisfacer las diferentes necesidades de envasado de especias. Los frascos pueden ser transparentes, esmerilados o impresos para reflejar la personalidad de la marca. Los cierres pueden ser de acero inoxidable, bamb\u00fa o pl\u00e1stico de colores, y est\u00e1 disponible el grabado de logotipo personalizado o la serigraf\u00eda para facilitar el reconocimiento de la marca. Adem\u00e1s, hay molinillos de cer\u00e1mica de molienda ajustable y un dise\u00f1o de sello a prueba de humedad para mantener las especias frescas durante mucho tiempo. El estilo puede ser el t\u00edpico simple y moderno o puede dise\u00f1ar juegos de regalo personalizados para satisfacer las necesidades espec\u00edficas de los clientes y ser ideal para la promoci\u00f3n de la marca y los pedidos al por mayor.<\/p>","protected":false},"excerpt":{"rendered":"<p>Contenedor de condimentos directo de f\u00e1brica con cuerpo de vidrio resistente y tapa de acero inoxidable. Molinillo de especias seco ideal para pedidos al por mayor, personalizaci\u00f3n OEM y marca.<\/p>","protected":false},"featured_media":3032,"template":"","meta":{"postBodyCss":"","postBodyMargin":[],"postBodyPadding":[],"postBodyBackground":{"backgroundType":"classic","gradient":""}},"product_brand":[],"product_cat":[15,17,53],"product_tag":[],"class_list":{"0":"post-3031","1":"product","2":"type-product","3":"status-publish","4":"has-post-thumbnail","6":"product_cat-glass-containers","7":"product_cat-glass-jars","8":"product_cat-spice-jars","10":"first","11":"instock","12":"shipping-taxable","13":"product-type-simple"},"jetpack_sharing_enabled":true,"_links":{"self":[{"href":"https:\/\/minghanggroup.com\/es\/wp-json\/wp\/v2\/product\/3031","targetHints":{"allow":["GET"]}}],"collection":[{"href":"https:\/\/minghanggroup.com\/es\/wp-json\/wp\/v2\/product"}],"about":[{"href":"https:\/\/minghanggroup.com\/es\/wp-json\/wp\/v2\/types\/product"}],"wp:featuredmedia":[{"embeddable":true,"href":"https:\/\/minghanggroup.com\/es\/wp-json\/wp\/v2\/media\/3032"}],"wp:attachment":[{"href":"https:\/\/minghanggroup.com\/es\/wp-json\/wp\/v2\/media?parent=3031"}],"wp:term":[{"taxonomy":"product_brand","embeddable":true,"href":"https:\/\/minghanggroup.com\/es\/wp-json\/wp\/v2\/product_brand?post=3031"},{"taxonomy":"product_cat","embeddable":true,"href":"https:\/\/minghanggroup.com\/es\/wp-json\/wp\/v2\/product_cat?post=3031"},{"taxonomy":"product_tag","embeddable":true,"href":"https:\/\/minghanggroup.com\/es\/wp-json\/wp\/v2\/product_tag?post=3031"}],"curies":[{"name":"wp","href":"https:\/\/api.w.org\/{rel}","templated":true}]}}