{"id":3010,"date":"2025-11-13T16:12:11","date_gmt":"2025-11-13T08:12:11","guid":{"rendered":"https:\/\/minghanggroup.com\/?post_type=product&#038;p=3010"},"modified":"2025-11-14T10:06:03","modified_gmt":"2025-11-14T02:06:03","slug":"empty-jars-for-spices-bulk-seasoning-jar","status":"publish","type":"product","link":"https:\/\/minghanggroup.com\/es\/producto\/empty-jars-for-spices-bulk-seasoning-jar\/","title":{"rendered":"Frascos vac\u00edos de 6 oz para especias con tapas para moler para condimentar"},"content":{"rendered":"<p>Deja de lidiar con el desorden que crea un caos en tu cocina. Creamos frascos vac\u00edos premium para especias con un peque\u00f1o molinillo que transforman tu cocina en un espacio elegante y mantienen tus especias frescas. No son solo recipientes, son la nueva arma secreta de tu marca para la organizaci\u00f3n de la cocina y el envasado de alimentos.<\/p>\n<h2>Caracter\u00edsticas del producto<\/h2>\n<p>Control de rectificado preciso<\/p>\n<p>El sistema de molienda de punta fina le brinda un control preciso sobre el grosor de la pimienta, la sal o las hierbas.<\/p>\n<p>Identificaci\u00f3n de colores<\/p>\n<p>Las tapas codificadas por colores (rojo, verde y negro) facilitan la identificaci\u00f3n de diferentes especias en los frascos de especias transparentes.<\/p>\n<p>Est\u00e9tica de cocina moderna<\/p>\n<p>El dise\u00f1o limpio y elegante ilumina el aspecto de los contenedores de almacenamiento de su cocina y hace que su mesa de comedor sea m\u00e1s elegante con su presencia.<\/p>\n<h2>Especificaciones clave<\/h2>\n<table style=\"border-collapse: collapse; width: 80%; margin-left: AUTO; margin-right: AUTO;\" border=\"0\" width=\"288\" cellspacing=\"0\" cellpadding=\"0\">\n<tbody>\n<tr style=\"height: 13.50pt;\">\n<td style=\"height: 13.5pt; width: 54pt; text-align: center;\" width=\"72\" height=\"18\">Capacidad<\/td>\n<td style=\"width: 54pt; text-align: center;\" width=\"72\">Tama\u00f1o<\/td>\n<td style=\"width: 54pt; text-align: center;\" width=\"72\">Opciones de color<\/td>\n<td style=\"width: 54pt; text-align: center;\" width=\"72\">Accesorios<\/td>\n<\/tr>\n<tr style=\"height: 13.50pt;\">\n<td style=\"height: 13.5pt; text-align: center;\" height=\"18\">180 ml\/6 oz<\/td>\n<td style=\"text-align: center;\">6,4 * 13 cm<\/td>\n<td style=\"text-align: center;\">Claro, personalizado<\/td>\n<td style=\"text-align: center;\">Molinillo de especias peque\u00f1o<\/td>\n<\/tr>\n<\/tbody>\n<\/table>\n<h2>Caso de \u00e9xito<\/h2>\n<p>Una marca europea de alimentaci\u00f3n nos encarg\u00f3 la personalizaci\u00f3n de frascos de especias con molinillo incorporado. Para que combinaran con su propia l\u00ednea de condimentos, optaron por colores brillantes para las tapas de retorta: amarillo para la c\u00farcuma, rojo para el piment\u00f3n y verde para las hierbas, lo que les dio un aspecto lujoso. Para satisfacer sus necesidades de presentaci\u00f3n en tienda, les proporcionamos venta directa de f\u00e1brica al por mayor, logotipos grabados con l\u00e1ser y empaques a medida.<\/p>\n<p>Su nueva l\u00ednea de frascos de condimentos se ha vuelto viral muy r\u00e1pidamente, lo cual es la raz\u00f3n principal de su mayor exposici\u00f3n en las estanter\u00edas y el crecimiento de ventas del 40% en el primer trimestre posterior al lanzamiento.<\/p>\n<h2>Tus consejos de personalizaci\u00f3n<\/h2>\n<p>En una caja de frascos vac\u00edos para especias con un molinillo peque\u00f1o, puede seleccionar entre varios mecanismos de molienda, por ejemplo, de cer\u00e1mica o acero inoxidable, seg\u00fan el tipo de especia y el grado de grano que desee. Si desea realizar un pedido grande, podemos empaquetarlo al por mayor, imprimir su marca privada y crear cajas personalizadas que no solo realzan su marca, sino que tambi\u00e9n facilitan la distribuci\u00f3n para el uso minorista y promocional.<\/p>","protected":false},"excerpt":{"rendered":"<p>Frascos vac\u00edos al por mayor para especias con peque\u00f1o molinillo de especias, suministro directo de f\u00e1brica para pedidos al por mayor, logotipo personalizado y empaque disponible para marcas de frascos de condimentos.<\/p>","protected":false},"featured_media":3019,"template":"","meta":{"postBodyCss":"","postBodyMargin":[],"postBodyPadding":[],"postBodyBackground":{"backgroundType":"classic","gradient":""}},"product_brand":[],"product_cat":[15,17,53],"product_tag":[],"class_list":{"0":"post-3010","1":"product","2":"type-product","3":"status-publish","4":"has-post-thumbnail","6":"product_cat-glass-containers","7":"product_cat-glass-jars","8":"product_cat-spice-jars","10":"first","11":"instock","12":"shipping-taxable","13":"product-type-simple"},"jetpack_sharing_enabled":true,"_links":{"self":[{"href":"https:\/\/minghanggroup.com\/es\/wp-json\/wp\/v2\/product\/3010","targetHints":{"allow":["GET"]}}],"collection":[{"href":"https:\/\/minghanggroup.com\/es\/wp-json\/wp\/v2\/product"}],"about":[{"href":"https:\/\/minghanggroup.com\/es\/wp-json\/wp\/v2\/types\/product"}],"wp:featuredmedia":[{"embeddable":true,"href":"https:\/\/minghanggroup.com\/es\/wp-json\/wp\/v2\/media\/3019"}],"wp:attachment":[{"href":"https:\/\/minghanggroup.com\/es\/wp-json\/wp\/v2\/media?parent=3010"}],"wp:term":[{"taxonomy":"product_brand","embeddable":true,"href":"https:\/\/minghanggroup.com\/es\/wp-json\/wp\/v2\/product_brand?post=3010"},{"taxonomy":"product_cat","embeddable":true,"href":"https:\/\/minghanggroup.com\/es\/wp-json\/wp\/v2\/product_cat?post=3010"},{"taxonomy":"product_tag","embeddable":true,"href":"https:\/\/minghanggroup.com\/es\/wp-json\/wp\/v2\/product_tag?post=3010"}],"curies":[{"name":"wp","href":"https:\/\/api.w.org\/{rel}","templated":true}]}}