{"id":2991,"date":"2025-11-13T15:02:56","date_gmt":"2025-11-13T07:02:56","guid":{"rendered":"https:\/\/minghanggroup.com\/?post_type=product&#038;p=2991"},"modified":"2025-11-14T10:06:14","modified_gmt":"2025-11-14T02:06:14","slug":"herb-jars-bulk-empty-spice-bottles","status":"publish","type":"product","link":"https:\/\/minghanggroup.com\/es\/producto\/herb-jars-bulk-empty-spice-bottles\/","title":{"rendered":"Frascos cuadrados de 4 oz para hierbas con tapas de acero inoxidable para envasado"},"content":{"rendered":"<p>Olv\u00eddate del desorden que hace que tu cocina luzca ca\u00f3tica. Creamos frascos de hierbas premium que transforman tu cocina en un espacio elegante y mantienen tus especias frescas. No son solo recipientes, son la nueva arma secreta de tu marca para la organizaci\u00f3n de la cocina y el envasado de alimentos.<\/p>\n<h2>Caracter\u00edsticas del producto<\/h2>\n<ol>\n<li><strong>Claro como el cristal:<\/strong>El recipiente transparente perfecto le ayuda a localizar las especias al instante sin tener que adivinar el momento de rellenarlas.<\/li>\n<li><strong>Tapa de agitaci\u00f3n precisa:<\/strong>La tapa de acero inoxidable con orificios espaciados uniformemente le permite tener un control perfecto sobre la cantidad de especias como pimienta, sal, az\u00facar o harina.<\/li>\n<li><strong>Botella cuadrada resistente:<\/strong>Al brindarle la oportunidad de almacenar m\u00e1s en menos espacio, no solo mantiene las cosas bien ordenadas, sino que tambi\u00e9n le ahorra el problema de que se rueden y, por lo tanto, es ideal para cocinas o comedores.<\/li>\n<\/ol>\n<h2>Especificaciones clave<\/h2>\n<table style=\"border-collapse: collapse; width: 80%; margin-left: auto; margin-right: auto;\" border=\"0\" width=\"360\" cellspacing=\"0\" cellpadding=\"0\">\n<tbody>\n<tr style=\"height: 13.50pt;\">\n<td style=\"height: 13.5pt; width: 54pt; text-align: center;\" width=\"72\" height=\"18\">Capacidad<\/td>\n<td style=\"width: 54pt; text-align: center;\" width=\"72\">Tama\u00f1o<\/td>\n<td style=\"width: 54pt; text-align: center;\" width=\"72\">Forma<\/td>\n<td style=\"width: 54pt; text-align: center;\" width=\"72\">Opciones de color<\/td>\n<td style=\"width: 54pt; text-align: center;\" width=\"72\">Uso<\/td>\n<\/tr>\n<tr style=\"height: 13.50pt;\">\n<td style=\"height: 13.5pt; text-align: center;\" height=\"18\">120 ml (4 oz)<\/td>\n<td style=\"text-align: center;\">4*9 cm<\/td>\n<td style=\"text-align: center;\">Cuadrado<\/td>\n<td style=\"text-align: center;\">Claro, personalizado<\/td>\n<td style=\"text-align: center;\">Empaquetar la pimienta, el chile, el caldo de pollo, la sal, etc.<\/td>\n<\/tr>\n<\/tbody>\n<\/table>\n<h2>Caso de \u00e9xito<\/h2>\n<p>Una marca de especias org\u00e1nicas del Reino Unido decidi\u00f3 contactarnos para personalizar estos frascos cuadrados de vidrio para hierbas. Los frascos transparentes vac\u00edos muestran los colores naturales de las especias, y las tapas met\u00e1licas le dan un toque chic. El cliente opt\u00f3 por tapas plateadas personalizadas y una etiqueta de marca para destacar una elegante tendencia de higiene en la cocina.<\/p>\n<p>Tras s\u00f3lo tres meses desde su lanzamiento, las ventas online de esta l\u00ednea de productos han aumentado un \u200b\u200d\u200b\u200c\u200d\u200b\u200d\u200c\u200d\u200b\u200c\u200d\u200b\u200d\u200c42%.<\/p>\n<h2>Tus consejos de personalizaci\u00f3n<\/h2>\n<p>Transforma\u200b\u200d\u200b\u200c\u200d\u200b\u200d\u200c\u200b\u200d\u200b\u200c\u200d\u200b\u200d\u200c tu colecci\u00f3n de cocina con frascos de hierbas personalizados que no solo lucen geniales, sino que tambi\u00e9n combinan con el estilo de tu marca. Puedes seleccionar un vidrio transparente o esmerilado para lucir los colores naturales de las hierbas y luego combinarlos con una tapa herm\u00e9tica de bamb\u00fa, acero inoxidable o negro mate para lograr una apariencia elegante. Imprime tu logotipo mediante serigraf\u00eda o grabado l\u00e1ser y crea etiquetas exclusivas que representen la personalidad de tu marca, es decir, si es org\u00e1nica, moderna o de lujo. Est\u00e1n disponibles en diferentes tama\u00f1os para hierbas secas, especias u hojas de t\u00e9. Adem\u00e1s, estas botellas de especias vac\u00edas pueden ser tu pr\u00f3ximo elegante set de regalo o ser los recipientes perfectos para restaurantes. Haga que su l\u00ednea de especias sea la m\u00e1s comentada a trav\u00e9s de una personalizaci\u00f3n que no solo atrae sino que tambi\u00e9n asegura que cada frasco sea una muestra de frescura y \u200b\u200d\u200b\u200c\u200d\u200b\u200d\u200c\u200b\u200d\u200b\u200c\u200d\u200b\u200d\u200ccalidad.<\/p>","protected":false},"excerpt":{"rendered":"<p>Frascos de vidrio para hierbas y botellas de especias vac\u00edas, directos de f\u00e1brica, disponibles para pedidos al por mayor y con marca personalizada. Ideales para compradores que buscan un embalaje duradero y moderno.<\/p>","protected":false},"featured_media":3006,"template":"","meta":{"postBodyCss":"","postBodyMargin":[],"postBodyPadding":[],"postBodyBackground":{"backgroundType":"classic","gradient":""}},"product_brand":[],"product_cat":[15,17,53],"product_tag":[],"class_list":{"0":"post-2991","1":"product","2":"type-product","3":"status-publish","4":"has-post-thumbnail","6":"product_cat-glass-containers","7":"product_cat-glass-jars","8":"product_cat-spice-jars","10":"first","11":"instock","12":"shipping-taxable","13":"product-type-simple"},"jetpack_sharing_enabled":true,"_links":{"self":[{"href":"https:\/\/minghanggroup.com\/es\/wp-json\/wp\/v2\/product\/2991","targetHints":{"allow":["GET"]}}],"collection":[{"href":"https:\/\/minghanggroup.com\/es\/wp-json\/wp\/v2\/product"}],"about":[{"href":"https:\/\/minghanggroup.com\/es\/wp-json\/wp\/v2\/types\/product"}],"wp:featuredmedia":[{"embeddable":true,"href":"https:\/\/minghanggroup.com\/es\/wp-json\/wp\/v2\/media\/3006"}],"wp:attachment":[{"href":"https:\/\/minghanggroup.com\/es\/wp-json\/wp\/v2\/media?parent=2991"}],"wp:term":[{"taxonomy":"product_brand","embeddable":true,"href":"https:\/\/minghanggroup.com\/es\/wp-json\/wp\/v2\/product_brand?post=2991"},{"taxonomy":"product_cat","embeddable":true,"href":"https:\/\/minghanggroup.com\/es\/wp-json\/wp\/v2\/product_cat?post=2991"},{"taxonomy":"product_tag","embeddable":true,"href":"https:\/\/minghanggroup.com\/es\/wp-json\/wp\/v2\/product_tag?post=2991"}],"curies":[{"name":"wp","href":"https:\/\/api.w.org\/{rel}","templated":true}]}}