{"id":2896,"date":"2025-11-12T17:01:34","date_gmt":"2025-11-12T09:01:34","guid":{"rendered":"https:\/\/minghanggroup.com\/?post_type=product&#038;p=2896"},"modified":"2025-11-14T10:06:20","modified_gmt":"2025-11-14T02:06:20","slug":"mini-spice-jars-with-metal-shaker-bulk-glass-containers","status":"publish","type":"product","link":"https:\/\/minghanggroup.com\/es\/producto\/mini-spice-jars-with-metal-shaker-bulk-glass-containers\/","title":{"rendered":"Mini tarros de especias de 10 ml y 15 ml con agitador de metal a granel"},"content":{"rendered":"<p>Olv\u00eddate del desorden que hace que tu cocina luzca ca\u00f3tica. Creamos mini frascos de especias premium que transforman tu cocina en un espacio elegante y mantienen tus especias frescas. No son solo recipientes, son la nueva arma secreta de tu marca para la organizaci\u00f3n de la cocina y el envasado de alimentos.<\/p>\n<h2>Caracter\u00edsticas del producto<\/h2>\n<ol>\n<li><strong>Opciones de forma dual:<\/strong>Elija entre vidrio redondo y cuadrado para su juego de contenedores de especias para que combine perfectamente con la est\u00e9tica de su marca.<\/li>\n<li><strong>Dispensaci\u00f3n de precisi\u00f3n:<\/strong>El dise\u00f1o de pico f\u00e1cil de usar le permite controlar perfectamente el flujo de especias para pimienta, sal, az\u00facar y harina.<\/li>\n<li><strong>Construcci\u00f3n duradera:<\/strong>El vidrio grueso con tapa de acero inoxidable mantiene las especias frescas y evita fugas en sus frascos de vidrio para especias.<\/li>\n<\/ol>\n<h2>Especificaciones clave<\/h2>\n<table style=\"border-collapse: collapse; width: 80%; margin-left: auto; margin-right: auto;\" border=\"0\" width=\"360\" cellspacing=\"0\" cellpadding=\"0\">\n<tbody>\n<tr style=\"height: 13.50pt;\">\n<td style=\"height: 13.5pt; width: 54pt; text-align: center;\" width=\"72\" height=\"18\">Capacidad (ml)<\/td>\n<td style=\"width: 54pt; text-align: center;\" width=\"72\">Tama\u00f1o (cm)<\/td>\n<td style=\"width: 54pt; text-align: center;\" width=\"72\">Forma<\/td>\n<td style=\"width: 54pt; text-align: center;\" width=\"72\">Opciones de color<\/td>\n<td style=\"width: 54pt; text-align: center;\" width=\"72\">Uso<\/td>\n<\/tr>\n<tr style=\"height: 13.50pt;\">\n<td style=\"height: 13.5pt; text-align: center;\" align=\"right\" height=\"18\">10<\/td>\n<td style=\"text-align: center;\">2.9 * 4.1<\/td>\n<td class=\"et2\" style=\"text-align: center;\" rowspan=\"2\">Redondo, cuadrado<\/td>\n<td class=\"et2\" style=\"text-align: center;\" rowspan=\"2\">Claro, personalizado<\/td>\n<td class=\"et2\" style=\"text-align: center;\" rowspan=\"2\">Empaquetar la pimienta, el chile, la sal, etc.<\/td>\n<\/tr>\n<tr style=\"height: 13.50pt;\">\n<td style=\"height: 13.5pt; text-align: center;\" align=\"right\" height=\"18\">15<\/td>\n<td style=\"text-align: center;\">3.1 * 4.6<\/td>\n<\/tr>\n<\/tbody>\n<\/table>\n<h2>Caso de \u00e9xito<\/h2>\n<p>Una f\u00e1brica de especias de Canad\u00e1 nos contact\u00f3 para solicitar un juego personalizado de mini frascos para especias. Los frascos tienen un atractivo cuerpo de vidrio transparente y una tapa de acero inoxidable resistente y atractiva, lo que los hace pr\u00e1cticos y est\u00e9ticos. Su peque\u00f1o tama\u00f1o los hace perfectos para mesas de restaurantes y cafeter\u00edas, y al mismo tiempo, el cuerpo de vidrio transparente permite a los clientes identificar r\u00e1pidamente las diferentes especias.<\/p>\n<p>Tras el lanzamiento del nuevo juego de tarros de especias, los clientes del sector de catering han estado realizando pedidos al por mayor, que han registrado un aumento del 25%.<\/p>\n<h2>Tus consejos de personalizaci\u00f3n<\/h2>\n<p>Estos peque\u00f1os tarros de especias se pueden personalizar de forma muy flexible para adaptarse a diferentes escenarios de usuario y al posicionamiento de la marca. Por ejemplo, los compradores pueden elegir entre botellas cuadradas o redondas para que sean compatibles con diferentes estilos de presentaci\u00f3n, y el material de la tapa puede elegirse entre acero inoxidable, aleaci\u00f3n de aluminio o pl\u00e1stico, lo que proporciona una gran variedad de acabados, como brillante, mate o pintado en aerosol. Adem\u00e1s, se pueden imprimir logotipos de marca o marcas graduadas en los tarros para que sean m\u00e1s reconocibles y para un mejor servicio a los usuarios. Adem\u00e1s, los clientes de alta gama pueden recibir una caja de regalo o juegos de bandejas de bamb\u00fa para que el juego de contenedores de especias luzca m\u00e1s elegante.<\/p>","protected":false},"excerpt":{"rendered":"<p>Descubra nuestros miniespecieros: un set de contenedores de vidrio personalizables para especias, disponible para pedidos al por mayor. Suministro directo de f\u00e1brica que garantiza calidad, entrega r\u00e1pida y opciones de marca OEM.<\/p>","protected":false},"featured_media":2897,"template":"","meta":{"postBodyCss":"","postBodyMargin":[],"postBodyPadding":[],"postBodyBackground":{"backgroundType":"classic","gradient":""}},"product_brand":[],"product_cat":[15,17,53],"product_tag":[],"class_list":{"0":"post-2896","1":"product","2":"type-product","3":"status-publish","4":"has-post-thumbnail","6":"product_cat-glass-containers","7":"product_cat-glass-jars","8":"product_cat-spice-jars","10":"first","11":"instock","12":"shipping-taxable","13":"product-type-simple"},"jetpack_sharing_enabled":true,"_links":{"self":[{"href":"https:\/\/minghanggroup.com\/es\/wp-json\/wp\/v2\/product\/2896","targetHints":{"allow":["GET"]}}],"collection":[{"href":"https:\/\/minghanggroup.com\/es\/wp-json\/wp\/v2\/product"}],"about":[{"href":"https:\/\/minghanggroup.com\/es\/wp-json\/wp\/v2\/types\/product"}],"wp:featuredmedia":[{"embeddable":true,"href":"https:\/\/minghanggroup.com\/es\/wp-json\/wp\/v2\/media\/2897"}],"wp:attachment":[{"href":"https:\/\/minghanggroup.com\/es\/wp-json\/wp\/v2\/media?parent=2896"}],"wp:term":[{"taxonomy":"product_brand","embeddable":true,"href":"https:\/\/minghanggroup.com\/es\/wp-json\/wp\/v2\/product_brand?post=2896"},{"taxonomy":"product_cat","embeddable":true,"href":"https:\/\/minghanggroup.com\/es\/wp-json\/wp\/v2\/product_cat?post=2896"},{"taxonomy":"product_tag","embeddable":true,"href":"https:\/\/minghanggroup.com\/es\/wp-json\/wp\/v2\/product_tag?post=2896"}],"curies":[{"name":"wp","href":"https:\/\/api.w.org\/{rel}","templated":true}]}}