{"id":2876,"date":"2025-11-12T15:24:00","date_gmt":"2025-11-12T07:24:00","guid":{"rendered":"https:\/\/minghanggroup.com\/?post_type=product&#038;p=2876"},"modified":"2025-11-14T10:06:26","modified_gmt":"2025-11-14T02:06:26","slug":"cute-spice-jars-season-storage-containers-wholesale","status":"publish","type":"product","link":"https:\/\/minghanggroup.com\/es\/producto\/cute-spice-jars-season-storage-containers-wholesale\/","title":{"rendered":"Tarros de especias de 250 ml con tapa de bamb\u00fa (venta al por mayor)"},"content":{"rendered":"<p>No sigas lidiando con un almacenamiento de especias aburrido que hace que tu cocina luzca mon\u00f3tona. Fabricamos frascos de especias adorables de alta calidad que no solo te ayudan a guardar tus especias de forma fresca, sino que tambi\u00e9n hacen de tu cocina un lugar moderno. No son simples recipientes, son la nueva arma secreta de tu marca para la organizaci\u00f3n de la cocina y el envasado de alimentos.<\/p>\n<h2>Caracter\u00edsticas del producto<\/h2>\n<ol>\n<li><strong>Dise\u00f1o de onda texturizada:<\/strong>El patr\u00f3n de ondas irregulares en nuestros lindos frascos de especias para almacenamiento de cocina atrae la mirada del cliente y hace que los contenedores de almacenamiento de condimentos sean un agarre c\u00f3modo para el cliente.<\/li>\n<li><strong>Tapa de bamb\u00fa natural:<\/strong>Las tapas de bamb\u00fa junto con los anillos de sellado mantienen sus especias frescas y, si sus recipientes para almacenar condimentos se mojan, evitan que la humedad los da\u00f1e.<\/li>\n<li><strong>Opciones de color personalizadas:<\/strong>Al elegir un color transparente o cualquier color personalizado, puede combinar con su marca y tener lindos frascos de especias que combinen perfectamente con su marca.<\/li>\n<\/ol>\n<h2>Especificaciones clave<\/h2>\n<table style=\"border-collapse: collapse; width: 80%; margin-left: AUTO; margin-right: AUTO;\" border=\"0\" width=\"360\" cellspacing=\"0\" cellpadding=\"0\">\n<tbody>\n<tr style=\"height: 13.50pt;\">\n<td style=\"height: 13.5pt; width: 54pt; text-align: center;\" width=\"72\" height=\"18\">Capacidad<\/td>\n<td style=\"width: 54pt; text-align: center;\" width=\"72\">Materiales<\/td>\n<td style=\"width: 54pt; text-align: center;\" width=\"72\">Opciones de color<\/td>\n<td style=\"width: 54pt; text-align: center;\" width=\"72\">Tapas<\/td>\n<td style=\"width: 54pt; text-align: center;\" width=\"72\">Tratamiento de superficies<\/td>\n<\/tr>\n<tr style=\"height: 13.50pt;\">\n<td style=\"height: 13.5pt; text-align: center;\" height=\"18\">250 ml<\/td>\n<td style=\"text-align: center;\">Vidrio blanco alto, vidrio resistente al calor<\/td>\n<td style=\"text-align: center;\">Borrar,Aceptar personalizaci\u00f3n<\/td>\n<td style=\"text-align: center;\">Tapa de bamb\u00fa \/ Tapa de vidrio \/ Tapa de corcho \/ Tapa de pl\u00e1stico PE<\/td>\n<td style=\"text-align: center;\">Serigraf\u00eda\/Esmerilado\/Calcoman\u00eda\/Aerosol de color\/Etiqueta, etc.<\/td>\n<\/tr>\n<\/tbody>\n<\/table>\n<h2>Caso de \u00e9xito<\/h2>\n<p>Nuestro equipo tuvo la oportunidad de colaborar con un restaurante canadiense para crear una l\u00ednea \u00fanica de encantadores frascos de especias con tapas de bamb\u00fa personalizadas. Estas especias est\u00e1n envasadas en vidrio ultratransparente de grado alimenticio, y cada recipiente incluye una tapa de bamb\u00fa ecol\u00f3gico y una cuchara del mismo material. El logotipo de la marca grabado a l\u00e1ser en las tapas es una forma discreta de presentar su marca.<\/p>\n<p>Muchos clientes, que han reemplazado sus recipientes para almacenar condimentos con estos productos, escribieron en sus comentarios que el dise\u00f1o \u00fanico de los frascos combina muy bien con el estilo del restaurante y que la amplia abertura les permiti\u00f3 tomar f\u00e1cilmente las especias.<\/p>\n<h2>Tus consejos de personalizaci\u00f3n<\/h2>\n<p>\u00a1Qu\u00e9 bonito tarro de especias para promocionar tu marca con uno personalizado! Puedes grabar tu logotipo o imagen con l\u00e1ser en la tapa de bamb\u00fa, una excelente combinaci\u00f3n entre la naturaleza y tu marca; o simplemente puedes cambiar el material de la tapa para reflejar el color de tu marca, como madera, bamb\u00fa de colores o metal, y a\u00f1adir un estilo vers\u00e1til. La parte de vidrio del recipiente tambi\u00e9n est\u00e1 disponible para personalizarse con acabado transparente o esmerilado, y con diferentes capacidades para condimentos. Envuelto con una base de madera o un juego de cucharas de bamb\u00fa, realzar\u00e1 el aspecto general, siendo una excelente soluci\u00f3n para la organizaci\u00f3n de la cocina y la industria de los regalos.<\/p>","protected":false},"excerpt":{"rendered":"<p>Descubra nuestros lindos frascos de especias con tapas de bamb\u00fa: contenedores de almacenamiento de condimentos fabricados directamente de f\u00e1brica, personalizables para pedidos al por mayor con entrega r\u00e1pida y opciones OEM.<\/p>","protected":false},"featured_media":2877,"template":"","meta":{"postBodyCss":"","postBodyMargin":[],"postBodyPadding":[],"postBodyBackground":{"backgroundType":"classic","gradient":""}},"product_brand":[],"product_cat":[15,17,53],"product_tag":[],"class_list":{"0":"post-2876","1":"product","2":"type-product","3":"status-publish","4":"has-post-thumbnail","6":"product_cat-glass-containers","7":"product_cat-glass-jars","8":"product_cat-spice-jars","10":"first","11":"instock","12":"shipping-taxable","13":"product-type-simple"},"jetpack_sharing_enabled":true,"_links":{"self":[{"href":"https:\/\/minghanggroup.com\/es\/wp-json\/wp\/v2\/product\/2876","targetHints":{"allow":["GET"]}}],"collection":[{"href":"https:\/\/minghanggroup.com\/es\/wp-json\/wp\/v2\/product"}],"about":[{"href":"https:\/\/minghanggroup.com\/es\/wp-json\/wp\/v2\/types\/product"}],"wp:featuredmedia":[{"embeddable":true,"href":"https:\/\/minghanggroup.com\/es\/wp-json\/wp\/v2\/media\/2877"}],"wp:attachment":[{"href":"https:\/\/minghanggroup.com\/es\/wp-json\/wp\/v2\/media?parent=2876"}],"wp:term":[{"taxonomy":"product_brand","embeddable":true,"href":"https:\/\/minghanggroup.com\/es\/wp-json\/wp\/v2\/product_brand?post=2876"},{"taxonomy":"product_cat","embeddable":true,"href":"https:\/\/minghanggroup.com\/es\/wp-json\/wp\/v2\/product_cat?post=2876"},{"taxonomy":"product_tag","embeddable":true,"href":"https:\/\/minghanggroup.com\/es\/wp-json\/wp\/v2\/product_tag?post=2876"}],"curies":[{"name":"wp","href":"https:\/\/api.w.org\/{rel}","templated":true}]}}