{"id":2836,"date":"2025-11-12T14:04:17","date_gmt":"2025-11-12T06:04:17","guid":{"rendered":"https:\/\/minghanggroup.com\/?post_type=product&#038;p=2836"},"modified":"2025-11-14T10:06:33","modified_gmt":"2025-11-14T02:06:33","slug":"spice-shaker-jars-wholesaler-glass-jars-factory","status":"publish","type":"product","link":"https:\/\/minghanggroup.com\/es\/producto\/spice-shaker-jars-wholesaler-glass-jars-factory\/","title":{"rendered":"Frascos para especias de 85 ml con tapa para almacenamiento"},"content":{"rendered":"<p>No dejes que un tarro de hierbas desordenado te cause problemas y haga que tu cocina luzca desordenada. Fabricamos especieros de primera calidad que no solo le dan un toque moderno a tu cocina, sino que tambi\u00e9n mantienen tus especias frescas. No son simples recipientes, son la nueva arma secreta de tu marca para la organizaci\u00f3n de la cocina y el envasado de alimentos.<\/p>\n<h2>Caracter\u00edsticas del producto<\/h2>\n<p><strong>Agarre ergon\u00f3mico:<\/strong>El dise\u00f1o suave y curvo del agarre de su frasco de hierbas lo hace c\u00f3modo y f\u00e1cil de manejar para cualquier uso en la cocina.<\/p>\n<p><strong>Personalizaci\u00f3n de color:<\/strong>Puede elegir el color de las tapas entre negro, rojo, amarillo, plateado o verde para combinar con la marca de su frasco de hierbas.<\/p>\n<p><strong>Tapa agitadora de precisi\u00f3n:<\/strong>Los agujeros le permiten controlar perfectamente el flujo de especias para pimienta, sal, az\u00facar y \u200b\u200d\u200b\u200c\u200d\u200b\u200d\u200c\u200d\u200b\u200c\u200d\u200b\u200d\u200charina.<\/p>\n<h2>Especificaciones clave<\/h2>\n<table style=\"border-collapse: collapse; width: 80%; margin-left: AUTO; margin-right: AUTO;\" border=\"0\" width=\"288\" cellspacing=\"0\" cellpadding=\"0\">\n<tbody>\n<tr style=\"height: 13.50pt;\">\n<td style=\"height: 13.5pt; width: 54pt; text-align: center;\" width=\"72\" height=\"18\">Capacidad<\/td>\n<td style=\"width: 54pt; text-align: center;\" width=\"72\">Tapas<\/td>\n<td style=\"width: 54pt; text-align: center;\" width=\"72\">Opciones de color<\/td>\n<td style=\"width: 54pt; text-align: center;\" width=\"72\">Uso<\/td>\n<\/tr>\n<tr style=\"height: 13.50pt;\">\n<td style=\"height: 13.5pt; text-align: center;\" height=\"18\">85 ml<\/td>\n<td style=\"text-align: center;\">Tap\u00f3n de rosca de mariposa<\/td>\n<td style=\"text-align: center;\">Claro, personalizado<\/td>\n<td style=\"text-align: center;\">Hierbas secas, especias, pimienta, condimentos y m\u00e1s<\/td>\n<\/tr>\n<\/tbody>\n<\/table>\n<h2>Caso de \u00e9xito<\/h2>\n<p>Un fabricante canadiense de art\u00edculos para el hogar nos contact\u00f3 para personalizar este tarro de hierbas, junto con un tarro transparente de vainilla para mostrar los colores puros de las especias. La marca cre\u00f3 un c\u00f3digo de colores simple e intuitivo para los diferentes tipos de especias, personalizando tapas abatibles en rojo, amarillo y verde.<\/p>\n<p>El resultado result\u00f3 ser muy impresionante: el producto no solo se hizo m\u00e1s visible en las estanter\u00edas, sino que tambi\u00e9n gener\u00f3 un aumento del 25 % en las ventas en tres meses.<\/p>\n<h2>Tus consejos de personalizaci\u00f3n<\/h2>\n<p>Una de las mejores maneras de aumentar el conocimiento de la marca es mediante un dise\u00f1o moderno y elegante de su marca en estos frascos para especias. Es posible que desee considerar personalizar el color de la tapa, por ejemplo, eligiendo colores brillantes como rojo, verde o amarillo para que correspondan con diferentes especias. Esto no solo simplifica la clasificaci\u00f3n, sino que tambi\u00e9n convierte el estante en una especie de punto visual. Tambi\u00e9n puede ser posible colocar el logotipo, grabado o etiqueta de su marca en la tapa o botella. Considere usar un sello a prueba de humedad o vidrio esmerilado para darle una apariencia agradable al producto y aseg\u00farese de que la apariencia y la funci\u00f3n del producto est\u00e9n en l\u00ednea con la identidad de la marca.<\/p>","protected":false},"excerpt":{"rendered":"<p>Descubra dise\u00f1os vibrantes de frascos para especias y frascos para hierbas: directos de f\u00e1brica, personalizables y disponibles para pedidos al por mayor para satisfacer sus necesidades de empaquetado de condimentos.<\/p>","protected":false},"featured_media":2866,"template":"","meta":{"postBodyCss":"","postBodyMargin":[],"postBodyPadding":[],"postBodyBackground":{"backgroundType":"classic","gradient":""}},"product_brand":[],"product_cat":[15,17,53],"product_tag":[],"class_list":{"0":"post-2836","1":"product","2":"type-product","3":"status-publish","4":"has-post-thumbnail","6":"product_cat-glass-containers","7":"product_cat-glass-jars","8":"product_cat-spice-jars","10":"first","11":"instock","12":"shipping-taxable","13":"product-type-simple"},"jetpack_sharing_enabled":true,"_links":{"self":[{"href":"https:\/\/minghanggroup.com\/es\/wp-json\/wp\/v2\/product\/2836","targetHints":{"allow":["GET"]}}],"collection":[{"href":"https:\/\/minghanggroup.com\/es\/wp-json\/wp\/v2\/product"}],"about":[{"href":"https:\/\/minghanggroup.com\/es\/wp-json\/wp\/v2\/types\/product"}],"wp:featuredmedia":[{"embeddable":true,"href":"https:\/\/minghanggroup.com\/es\/wp-json\/wp\/v2\/media\/2866"}],"wp:attachment":[{"href":"https:\/\/minghanggroup.com\/es\/wp-json\/wp\/v2\/media?parent=2836"}],"wp:term":[{"taxonomy":"product_brand","embeddable":true,"href":"https:\/\/minghanggroup.com\/es\/wp-json\/wp\/v2\/product_brand?post=2836"},{"taxonomy":"product_cat","embeddable":true,"href":"https:\/\/minghanggroup.com\/es\/wp-json\/wp\/v2\/product_cat?post=2836"},{"taxonomy":"product_tag","embeddable":true,"href":"https:\/\/minghanggroup.com\/es\/wp-json\/wp\/v2\/product_tag?post=2836"}],"curies":[{"name":"wp","href":"https:\/\/api.w.org\/{rel}","templated":true}]}}