{"id":2772,"date":"2025-11-12T10:39:54","date_gmt":"2025-11-12T02:39:54","guid":{"rendered":"https:\/\/minghanggroup.com\/?post_type=product&#038;p=2772"},"modified":"2026-03-02T15:08:54","modified_gmt":"2026-03-02T07:08:54","slug":"bulk-transparent-round-glass-hot-sauce-containers","status":"publish","type":"product","link":"https:\/\/minghanggroup.com\/es\/producto\/bulk-transparent-round-glass-hot-sauce-containers\/","title":{"rendered":"Contenedores redondos de vidrio transparente para salsa picante de 8 oz a granel"},"content":{"rendered":"<p>Estos\u200b\u200d\u200b\u200c\u200d\u200b\u200d\u200c\u200b\u200d\u200b\u200c\u200d\u200b\u200d\u200c recipientes para salsa picante est\u00e1n alojados en una botella de vidrio transparente, delgada y moderna, con una tapa de rosca negra, lo que hace que sea muy conveniente para cualquier persona percibir visualmente la salsa roja vibrante y tambi\u00e9n las hojuelas de chile rojo.<\/p>\n<h2>Caracter\u00edsticas del producto<\/h2>\n<ul>\n<li><strong>Vidrio transparente:<\/strong> Un recipiente de vidrio transparente es una excelente herramienta que revela el rico color y la pureza de la salsa picante al cliente.<\/li>\n<li><strong>Tap\u00f3n de rosca negro:<\/strong> Un envase de salsa picante fresco y bien cerrado con un tap\u00f3n de rosca negro es muy eficaz para evitar fugas durante el transporte de la salsa.<\/li>\n<li><strong>Comodidad y facilidad de uso:<\/strong> La forma delgada y elegante de la botella se adaptar\u00e1 perfectamente a la mano, por lo que los compradores no tendr\u00e1n problemas para verter y controlar la cantidad del producto.<\/li>\n<\/ul>\n<h2 style=\"text-align: left;\">Especificaciones clave<\/h2>\n<table class=\"aligncenter\" style=\"border-collapse: collapse; width: 492.77pt;\" border=\"0\" width=\"657\" cellspacing=\"0\" cellpadding=\"0\">\n<tbody>\n<tr style=\"height: 13.50pt;\">\n<td style=\"height: 13.50pt; width: 107.25pt;\" width=\"143\" height=\"18\">Especificaci\u00f3n<\/td>\n<td style=\"width: 385.50pt;\" width=\"514\">Detalles<\/td>\n<\/tr>\n<tr style=\"height: 13.50pt;\">\n<td style=\"height: 13.50pt;\" height=\"18\">Capacidad<\/td>\n<td>250 ml (8 oz)<\/td>\n<\/tr>\n<tr style=\"height: 13.50pt;\">\n<td style=\"height: 13.50pt;\" height=\"18\">Dimensiones<\/td>\n<td>5,2 cm \u00d7 18,9 cm<\/td>\n<\/tr>\n<tr style=\"height: 13.50pt;\">\n<td style=\"height: 13.50pt;\" height=\"18\">Material<\/td>\n<td>Cerveza negra de vidrio transparente de calidad alimentaria<\/td>\n<\/tr>\n<tr style=\"height: 13.50pt;\">\n<td style=\"height: 13.50pt;\" height=\"18\">Tipo de botella<\/td>\n<td>Botella de vidrio redonda con cuello largo, base plana y hombro liso.<\/td>\n<\/tr>\n<tr style=\"height: 13.50pt;\">\n<td style=\"height: 13.50pt;\" height=\"18\">Cierre<\/td>\n<td>Rosca de tornillo est\u00e1ndar (se adapta a tapas de pl\u00e1stico\/metal + revestimiento)<\/td>\n<\/tr>\n<tr style=\"height: 13.50pt;\">\n<td style=\"height: 13.50pt;\" height=\"18\">Ideal para<\/td>\n<td>Salsa picante, salsa barbacoa, aderezo<\/td>\n<\/tr>\n<tr style=\"height: 13.50pt;\">\n<td style=\"height: 13.50pt;\" height=\"18\">Caso de uso<\/td>\n<td>Envases de salsa vac\u00edos, botellas de salsa picante a granel<\/td>\n<\/tr>\n<\/tbody>\n<\/table>\n<h2>Caso pr\u00e1ctico: La historia de un fabricante de salsas artesanales<\/h2>\n<p>En busca de un buen producto que reflejara su marca, una startup dedicada a la producci\u00f3n de salsas \u00fanicas en lotes peque\u00f1os necesitaba envases fiables para salsas picantes. Finalmente, eligieron esta botella de vidrio de 250 ml. \u00bfCu\u00e1l fue el resultado de sus experimentos online? Sus ingresos por comercio electr\u00f3nico aumentaron un 20 % en el primer trimestre, y los consumidores, en particular, destacaron el sofisticado envase del producto como la principal raz\u00f3n de sus compras. La funcionalidad antifugas tambi\u00e9n redujo la incidencia de productos da\u00f1ados hasta un 95 %. Han pedido 200 000 botellas al por mayor para las l\u00edneas de sabor de dos nuevos productos, lo que demuestra su gran satisfacci\u00f3n con el rendimiento del producto.<\/p>\n<h2>Soluciones personalizadas para contenedores de salsa picante<\/h2>\n<ul>\n<li><strong>Marcas de capacidad serigrafiadas:<\/strong> Haga que las marcas de capacidad sean permanentes imprimi\u00e9ndolas para brindar practicidad y profesionalismo al mismo tiempo.<\/li>\n<li><strong>Colores de vidrio personalizados:<\/strong> Considere opciones de color \u00e1mbar o verde para su vidrio para proteger las salsas sensibles a la luz.<\/li>\n<li><strong>Patrones de vidrio texturizado:<\/strong> La idea de superficies texturizadas no solo proporciona un efecto visual sorprendente, sino que tambi\u00e9n resuelve el problema del agarre brindando est\u00e9tica y funcionalidad al mismo tiempo.<\/li>\n<li><strong>Reguladores de flujo dedicados:<\/strong> Dise\u00f1e reguladores de flujo dedicados para regular el caudal de productos m\u00e1s espesos, como jarabes o salsas.<\/li>\n<\/ul>","protected":false},"excerpt":{"rendered":"<p>Botellas delgadas de vidrio para salsa picante a granel con tapas negras, dise\u00f1adas como pr\u00e1cticos recipientes para salsas. Ideales para la venta al por mayor con env\u00edo r\u00e1pido.<\/p>","protected":false},"featured_media":2853,"template":"","meta":{"postBodyCss":"","postBodyMargin":[],"postBodyPadding":[],"postBodyBackground":{"backgroundType":"classic","gradient":""}},"product_brand":[],"product_cat":[15,16,54],"product_tag":[72,98],"class_list":{"0":"post-2772","1":"product","2":"type-product","3":"status-publish","4":"has-post-thumbnail","6":"product_cat-glass-containers","7":"product_cat-glass-bottles","8":"product_cat-hot-sauce-bottles","9":"product_tag-juice-bottles","10":"product_tag-salad-dressing-bottles","12":"first","13":"instock","14":"shipping-taxable","15":"product-type-simple"},"jetpack_sharing_enabled":true,"_links":{"self":[{"href":"https:\/\/minghanggroup.com\/es\/wp-json\/wp\/v2\/product\/2772","targetHints":{"allow":["GET"]}}],"collection":[{"href":"https:\/\/minghanggroup.com\/es\/wp-json\/wp\/v2\/product"}],"about":[{"href":"https:\/\/minghanggroup.com\/es\/wp-json\/wp\/v2\/types\/product"}],"wp:featuredmedia":[{"embeddable":true,"href":"https:\/\/minghanggroup.com\/es\/wp-json\/wp\/v2\/media\/2853"}],"wp:attachment":[{"href":"https:\/\/minghanggroup.com\/es\/wp-json\/wp\/v2\/media?parent=2772"}],"wp:term":[{"taxonomy":"product_brand","embeddable":true,"href":"https:\/\/minghanggroup.com\/es\/wp-json\/wp\/v2\/product_brand?post=2772"},{"taxonomy":"product_cat","embeddable":true,"href":"https:\/\/minghanggroup.com\/es\/wp-json\/wp\/v2\/product_cat?post=2772"},{"taxonomy":"product_tag","embeddable":true,"href":"https:\/\/minghanggroup.com\/es\/wp-json\/wp\/v2\/product_tag?post=2772"}],"curies":[{"name":"wp","href":"https:\/\/api.w.org\/{rel}","templated":true}]}}