{"id":2749,"date":"2025-11-12T11:33:21","date_gmt":"2025-11-12T03:33:21","guid":{"rendered":"https:\/\/minghanggroup.com\/?post_type=product&#038;p=2749"},"modified":"2025-11-14T10:06:40","modified_gmt":"2025-11-14T02:06:40","slug":"4oz-glass-herb-jars-with-bamboo-lid-for-seasoning","status":"publish","type":"product","link":"https:\/\/minghanggroup.com\/es\/producto\/4oz-glass-herb-jars-with-bamboo-lid-for-seasoning\/","title":{"rendered":"Frascos de vidrio de 4 oz para hierbas con tapa de bamb\u00fa para condimentar"},"content":{"rendered":"<p>No sigas luchando con un almacenamiento inadecuado de especias que solo ensucia tu cocina. Fabricamos frascos de especias cuadrados de vidrio de alta calidad que no solo mantienen tus especias frescas, sino que tambi\u00e9n realzan la apariencia de tu cocina. No son solo recipientes, son la nueva arma secreta de tu marca para la organizaci\u00f3n de la cocina y el envasado de alimentos.<\/p>\n<h2>Caracter\u00edsticas del producto<\/h2>\n<p>Opciones de colores vibrantes: para frascos de vidrio para hierbas y recipientes para especias, puede elegir \u00e1mbar, rojo, azul o verde para combinar perfectamente con el aspecto de su marca.<\/p>\n<p>Tapa de bamb\u00fa natural: las tapas de bamb\u00fa no solo ofrecen un aspecto natural a sus recipientes para almacenar especias, sino tambi\u00e9n un sello herm\u00e9tico: \u00bfqu\u00e9 podr\u00eda ser m\u00e1s perfecto para la pimienta, la sal y las hierbas?<\/p>\n<p>Dise\u00f1o cuadrado moderno: la elegante forma cuadrada de los recipientes de almacenamiento de su cocina y su colecci\u00f3n de especias es lo que los hace geniales, para cualquier negocio de alimentos, con solo mirarlo.<\/p>\n<h2>Especificaciones clave<\/h2>\n<table style=\"border-collapse: collapse; width: 80%; margin-left: auto; margin-right: auto;\" border=\"0\" width=\"360\" cellspacing=\"0\" cellpadding=\"0\">\n<tbody>\n<tr style=\"height: 13.50pt;\">\n<td style=\"height: 13.5pt; width: 54pt; text-align: center;\" width=\"72\" height=\"18\">Capacidad<\/td>\n<td style=\"width: 54pt; text-align: center;\" width=\"72\">Forma<\/td>\n<td style=\"width: 54pt; text-align: center;\" width=\"72\">Opciones de color<\/td>\n<td style=\"width: 54pt; text-align: center;\" width=\"72\">Material<\/td>\n<td style=\"width: 54pt; text-align: center;\" width=\"72\">Opciones de tapa<\/td>\n<\/tr>\n<tr style=\"height: 13.50pt;\">\n<td style=\"height: 13.5pt; text-align: center;\" height=\"18\">120 ml\/4 oz<\/td>\n<td style=\"text-align: center;\">Cuadrado<\/td>\n<td style=\"text-align: center;\">\u00c1mbar, Rojo, Azul, Verde, Personalizado<\/td>\n<td style=\"text-align: center;\">Vidrio duradero<\/td>\n<td style=\"text-align: center;\">Bamb\u00fa, metal, pl\u00e1stico, tapas para cocteleras<\/td>\n<\/tr>\n<\/tbody>\n<\/table>\n<h2>Caso de \u00e9xito<\/h2>\n<p>Una marca ecol\u00f3gica europea colabor\u00f3 \u200b\u200bcon nosotros para desarrollar una gama de frascos de especias cuadrados de vidrio de alta gama para su l\u00ednea de vainilla. Para conservar la frescura de las especias y protegerlas de la luz, optaron por frascos de vidrio de color \u00e1mbar intenso y azul cobalto. Por otro lado, la imagen ecol\u00f3gica de la marca alcanz\u00f3 un nuevo nivel gracias a las tapas de bamb\u00fa personalizadas, con el logotipo de la marca.<\/p>\n<p>Despu\u00e9s del lanzamiento del producto, las ventas de la marca aumentaron un \u200b\u200d\u200b\u200c\u200d\u200b\u200d\u200c\u200b\u200d\u200b\u200c\u200d\u200b\u200d\u200c28%.<\/p>\n<h2>Tus consejos de personalizaci\u00f3n<\/h2>\n<p>Los frascos de especias cuadrados de vidrio son lo suficientemente adaptables para adaptarse a diferentes posiciones de la marca y pueden estar hechos de vidrio \u00e1mbar, azul, verde o transparente para corresponder con la paleta de colores de cualquier l\u00ednea de hierbas o especias. Las tapas pueden ser de bamb\u00fa, aluminio o pl\u00e1stico y pueden tener el logotipo de la marca grabado a l\u00e1ser o impreso para ayudar a una imagen de marca que sea natural o moderna. Adem\u00e1s de eso, existen posibilidades de tener juntas de sellado a prueba de humedad, tapas con orificios para rociar o tapas de cuchara para mejorar la funcionalidad, as\u00ed como el lado visual de los frascos de especias que as\u00ed se convierten no solo en herramientas de almacenamiento, sino tambi\u00e9n en un medio de la est\u00e9tica de la cocina de la marca.<\/p>","protected":false},"excerpt":{"rendered":"<p>Elegantes frascos de vidrio para hierbas con tapas de bamb\u00fa: fabricados directamente de f\u00e1brica, personalizables y disponibles a granel para realzar el empaque de especias de su marca con un atractivo moderno.<\/p>","protected":false},"featured_media":2750,"template":"","meta":{"postBodyCss":"","postBodyMargin":[],"postBodyPadding":[],"postBodyBackground":{"backgroundType":"classic","gradient":""}},"product_brand":[],"product_cat":[15,17,53],"product_tag":[],"class_list":{"0":"post-2749","1":"product","2":"type-product","3":"status-publish","4":"has-post-thumbnail","6":"product_cat-glass-containers","7":"product_cat-glass-jars","8":"product_cat-spice-jars","10":"first","11":"instock","12":"shipping-taxable","13":"product-type-simple"},"jetpack_sharing_enabled":true,"_links":{"self":[{"href":"https:\/\/minghanggroup.com\/es\/wp-json\/wp\/v2\/product\/2749","targetHints":{"allow":["GET"]}}],"collection":[{"href":"https:\/\/minghanggroup.com\/es\/wp-json\/wp\/v2\/product"}],"about":[{"href":"https:\/\/minghanggroup.com\/es\/wp-json\/wp\/v2\/types\/product"}],"wp:featuredmedia":[{"embeddable":true,"href":"https:\/\/minghanggroup.com\/es\/wp-json\/wp\/v2\/media\/2750"}],"wp:attachment":[{"href":"https:\/\/minghanggroup.com\/es\/wp-json\/wp\/v2\/media?parent=2749"}],"wp:term":[{"taxonomy":"product_brand","embeddable":true,"href":"https:\/\/minghanggroup.com\/es\/wp-json\/wp\/v2\/product_brand?post=2749"},{"taxonomy":"product_cat","embeddable":true,"href":"https:\/\/minghanggroup.com\/es\/wp-json\/wp\/v2\/product_cat?post=2749"},{"taxonomy":"product_tag","embeddable":true,"href":"https:\/\/minghanggroup.com\/es\/wp-json\/wp\/v2\/product_tag?post=2749"}],"curies":[{"name":"wp","href":"https:\/\/api.w.org\/{rel}","templated":true}]}}