{"id":2660,"date":"2025-11-11T16:16:12","date_gmt":"2025-11-11T08:16:12","guid":{"rendered":"https:\/\/minghanggroup.com\/?post_type=product&#038;p=2660"},"modified":"2026-03-02T15:09:28","modified_gmt":"2026-03-02T07:09:28","slug":"bulk-round-hot-sause-bottles-for-pepper-sauce","status":"publish","type":"product","link":"https:\/\/minghanggroup.com\/es\/producto\/bulk-round-hot-sause-bottles-for-pepper-sauce\/","title":{"rendered":"Botellas redondas a granel para salsa picante (250 ml, 350 ml y 500 ml)"},"content":{"rendered":"<p>Estas botellas para salsa picante son de vidrio transparente, con l\u00edneas suaves y redondeadas, disponibles en tres tama\u00f1os diferentes. Incluyen un tap\u00f3n de rosca rojo brillante, f\u00e1cil de usar y con un dise\u00f1o atractivo.<\/p>\n<h2>Caracter\u00edsticas del producto<\/h2>\n<ul>\n<li><strong>Material de vidrio puro:<\/strong> En los envases de vidrio transparente, pocos clientes pueden resistirse al encanto del color vivo y la textura de la salsa de chile.<\/li>\n<li><strong>Sello de seguridad y a prueba de fugas:<\/strong> La frescura del producto es una caracter\u00edstica del tap\u00f3n de rosca, garantizada por un revestimiento a prueba de manipulaciones, y se evitan fugas durante el transporte y el almacenamiento del producto.<\/li>\n<li><strong>Dise\u00f1o de botella minimalista:<\/strong> La forma limpia y cil\u00edndrica, junto con las l\u00edneas suaves y elegantes, dan como resultado una combinaci\u00f3n de funcionalidad y f\u00e1cil almacenamiento.<\/li>\n<\/ul>\n<h2 style=\"text-align: left;\">Especificaciones clave<\/h2>\n<table class=\"aligncenter\" style=\"border-collapse: collapse; width: 588.77pt;\" border=\"0\" width=\"785\" cellspacing=\"0\" cellpadding=\"0\">\n<tbody>\n<tr style=\"height: 13.50pt;\">\n<td style=\"height: 13.50pt; width: 108.75pt;\" width=\"145\" height=\"18\">Especificaci\u00f3n<\/td>\n<td style=\"width: 480.00pt;\" width=\"640\">Detalles<\/td>\n<\/tr>\n<tr style=\"height: 13.50pt;\">\n<td style=\"height: 13.50pt;\" height=\"18\">Material<\/td>\n<td>Cerveza negra de vidrio transparente (apta para uso alimentario)<\/td>\n<\/tr>\n<tr style=\"height: 13.50pt;\">\n<td style=\"height: 13.50pt;\" height=\"18\">Forma de la botella<\/td>\n<td>Botella de vidrio redonda de paredes rectas con base plana y hombro liso.<\/td>\n<\/tr>\n<tr style=\"height: 13.50pt;\">\n<td style=\"height: 13.50pt;\" height=\"18\">Tallas disponibles<\/td>\n<td>250 ml (5,2 cm \u00d7 17,8 cm), 350 ml (5,8 cm \u00d7 19,5 cm), 500 ml (6,5 cm \u00d7 21,7 cm)<\/td>\n<\/tr>\n<tr style=\"height: 13.50pt;\">\n<td style=\"height: 13.50pt;\" height=\"18\">Ideal para<\/td>\n<td>Botella para salsa picante, botellas para salsa de pimienta<\/td>\n<\/tr>\n<\/tbody>\n<\/table>\n<h2>Historia de \u00e9xito: Una marca de salsa de chile pr\u00f3spera<\/h2>\n<p>Uno de nuestros clientes, una startup especializada en salsa de chile artesanal y de producci\u00f3n a peque\u00f1a escala, necesitaba botellas para salsa picante que pudieran satisfacer la creciente demanda de su marca. Finalmente, optaron por nuestras botellas de vidrio de 350 ml. Tras el primer semestre del lanzamiento, su facturaci\u00f3n aument\u00f3 un 40 %, el resistente material de vidrio redujo las roturas en un 30 % y, en menos de un a\u00f1o, realizaron un nuevo pedido de 500\u00a0000 botellas. Consideran que la robustez de las botellas durante el transporte y las buenas opiniones de los clientes sobre su facilidad de uso son las razones de su \u00e9xito y de los nuevos pedidos.<\/p>\n<h2>Sugerencias para personalizar botellas de salsa picante<\/h2>\n<ul>\n<li><strong>Logotipo impreso:<\/strong> Imprima el logotipo de su marca directamente en la botella de vidrio, obteniendo as\u00ed una apariencia de m\u00e1xima calidad.<\/li>\n<li><strong>Graduaciones serigrafiadas:<\/strong> Imprima graduaciones permanentes curadas con calor para indicar el volumen.<\/li>\n<li><strong>Vidrio coloreado:<\/strong> Proteja su producto sensible a la luz con un recipiente de vidrio \u00e1mbar o verde en lugar del transparente.<\/li>\n<li><strong>Marca grabada al \u00e1cido:<\/strong> Marca tu creaci\u00f3n con la ayuda del m\u00e9todo de grabado en vidrio, logrando as\u00ed una imagen de marca elegante y atemporal.<\/li>\n<\/ul>","protected":false},"excerpt":{"rendered":"<p>Botella transparente para salsa picante con tap\u00f3n de rosca rojo, dise\u00f1o cil\u00edndrico elegante y sencillo. Ideal para envasar salsa picante. Muestras gratuitas disponibles.<\/p>","protected":false},"featured_media":2684,"template":"","meta":{"postBodyCss":"","postBodyMargin":[],"postBodyPadding":[],"postBodyBackground":{"backgroundType":"classic","gradient":""}},"product_brand":[],"product_cat":[15,16,54],"product_tag":[98],"class_list":{"0":"post-2660","1":"product","2":"type-product","3":"status-publish","4":"has-post-thumbnail","6":"product_cat-glass-containers","7":"product_cat-glass-bottles","8":"product_cat-hot-sauce-bottles","9":"product_tag-salad-dressing-bottles","11":"first","12":"instock","13":"shipping-taxable","14":"product-type-simple"},"jetpack_sharing_enabled":true,"_links":{"self":[{"href":"https:\/\/minghanggroup.com\/es\/wp-json\/wp\/v2\/product\/2660","targetHints":{"allow":["GET"]}}],"collection":[{"href":"https:\/\/minghanggroup.com\/es\/wp-json\/wp\/v2\/product"}],"about":[{"href":"https:\/\/minghanggroup.com\/es\/wp-json\/wp\/v2\/types\/product"}],"wp:featuredmedia":[{"embeddable":true,"href":"https:\/\/minghanggroup.com\/es\/wp-json\/wp\/v2\/media\/2684"}],"wp:attachment":[{"href":"https:\/\/minghanggroup.com\/es\/wp-json\/wp\/v2\/media?parent=2660"}],"wp:term":[{"taxonomy":"product_brand","embeddable":true,"href":"https:\/\/minghanggroup.com\/es\/wp-json\/wp\/v2\/product_brand?post=2660"},{"taxonomy":"product_cat","embeddable":true,"href":"https:\/\/minghanggroup.com\/es\/wp-json\/wp\/v2\/product_cat?post=2660"},{"taxonomy":"product_tag","embeddable":true,"href":"https:\/\/minghanggroup.com\/es\/wp-json\/wp\/v2\/product_tag?post=2660"}],"curies":[{"name":"wp","href":"https:\/\/api.w.org\/{rel}","templated":true}]}}