{"id":2624,"date":"2025-11-11T17:02:12","date_gmt":"2025-11-11T09:02:12","guid":{"rendered":"https:\/\/minghanggroup.com\/?post_type=product&#038;p=2624"},"modified":"2025-11-14T10:06:54","modified_gmt":"2025-11-14T02:06:54","slug":"clear-spices-jars-glass-containers-bulk","status":"publish","type":"product","link":"https:\/\/minghanggroup.com\/es\/producto\/clear-spices-jars-glass-containers-bulk\/","title":{"rendered":"Tarros de especias de vidrio transparente de 80 ml y 120 ml para almacenamiento a granel"},"content":{"rendered":"<p>Olv\u00eddate del desorden que hace que tu cocina luzca ca\u00f3tica. Fabricamos recipientes de vidrio premium para especias que transforman tu cocina en un espacio elegante y mantienen tus especias frescas. No son solo recipientes, son la nueva arma secreta de tu marca para la organizaci\u00f3n de la cocina y el envasado de alimentos.<\/p>\n<h2>Caracter\u00edsticas del producto<\/h2>\n<ol>\n<li><strong>Claridad cristalina:<\/strong>El vidrio de alta transparencia le permite ver sus especias de un vistazo: ya no tendr\u00e1 que adivinar cu\u00e1ndo es el momento de volver a pedir sus recipientes de vidrio para especias.<\/li>\n<li><strong>Sello seguro:<\/strong>La tapa de metal crea un sello herm\u00e9tico para mantener las especias frescas y evitar derrames en sus contenedores de almacenamiento de especias.<\/li>\n<li><strong>Uso vers\u00e1til:<\/strong>Perfecto tanto para especias secas como pimienta como para salsas h\u00famedas o aceite: el recipiente de especias perfecto para cualquier cocina.<\/li>\n<\/ol>\n<h2>Especificaciones clave<\/h2>\n<table style=\"border-collapse: collapse; width: 80%; margin-right: auto; margin-left: auto;\" border=\"0\" width=\"288\" cellspacing=\"0\" cellpadding=\"0\">\n<tbody>\n<tr style=\"height: 13.50pt;\">\n<td style=\"height: 13.5pt; width: 54pt; text-align: center;\" width=\"72\" height=\"18\">Capacidad<\/td>\n<td style=\"width: 54pt; text-align: center;\" width=\"72\">Forma<\/td>\n<td style=\"width: 54pt; text-align: center;\" width=\"72\">Opciones de tapa<\/td>\n<td style=\"width: 54pt; text-align: center;\" width=\"72\">Uso vers\u00e1til<\/td>\n<\/tr>\n<tr style=\"height: 13.50pt;\">\n<td style=\"height: 13.5pt; text-align: center;\" height=\"18\">80 ml<\/td>\n<td class=\"et2\" style=\"text-align: center;\" rowspan=\"2\">Redondo<\/td>\n<td class=\"et2\" style=\"text-align: center;\" rowspan=\"2\">Aluminio, madera, pl\u00e1stico<\/td>\n<td class=\"et2\" style=\"text-align: center;\" rowspan=\"2\">Perfecto para salsas y aceites.<\/td>\n<\/tr>\n<tr style=\"height: 13.50pt;\">\n<td style=\"height: 13.5pt; text-align: center;\" height=\"18\">120 ml<\/td>\n<\/tr>\n<\/tbody>\n<\/table>\n<h2>Caso de \u00e9xito<\/h2>\n<p>Una innovadora empresa canadiense de alimentos colabor\u00f3 \u200b\u200bcon nosotros para renovar sus envases con nuestro juego de recipientes de vidrio para especias. La idea era crear frascos elegantes y transparentes que transmitieran visualmente el colorido de sus condimentos puros. Adem\u00e1s, optaron por tapas de aluminio cepillado personalizadas y la impresi\u00f3n de su logotipo para realzar su identidad de marca.<\/p>\n<p>Solo pasaron tres meses para que el paquete fuera un gran \u00e9xito y las ventas aumentaron un 30% como resultado del conjunto.<\/p>\n<h2>Tus consejos de personalizaci\u00f3n<\/h2>\n<p>Materiales de tapa intercambiables, como bamb\u00fa o acero inoxidable, son algunas de las m\u00faltiples posibilidades de personalizaci\u00f3n que ofrece este especiero de vidrio para su marca. Para mayor visibilidad y reconocimiento de marca, se puede imprimir el logotipo en la botella mediante serigraf\u00eda o estampado en caliente. Adem\u00e1s, se puede instalar una tapa con colador giratorio o una tapa con cuchara medidora para facilitar su uso y aumentar el valor del producto.<\/p>","protected":false},"excerpt":{"rendered":"<p>Juego de especias de vidrio resistente con tapas herm\u00e9ticas. Frascos de especias perfectos para mantener tus hierbas, polvos y condimentos frescos y bien organizados en la cocina.<\/p>","protected":false},"featured_media":2626,"template":"","meta":{"postBodyCss":"","postBodyMargin":[],"postBodyPadding":[],"postBodyBackground":{"backgroundType":"classic","gradient":""}},"product_brand":[],"product_cat":[15,17,53],"product_tag":[],"class_list":{"0":"post-2624","1":"product","2":"type-product","3":"status-publish","4":"has-post-thumbnail","6":"product_cat-glass-containers","7":"product_cat-glass-jars","8":"product_cat-spice-jars","10":"first","11":"instock","12":"shipping-taxable","13":"product-type-simple"},"jetpack_sharing_enabled":true,"_links":{"self":[{"href":"https:\/\/minghanggroup.com\/es\/wp-json\/wp\/v2\/product\/2624","targetHints":{"allow":["GET"]}}],"collection":[{"href":"https:\/\/minghanggroup.com\/es\/wp-json\/wp\/v2\/product"}],"about":[{"href":"https:\/\/minghanggroup.com\/es\/wp-json\/wp\/v2\/types\/product"}],"wp:featuredmedia":[{"embeddable":true,"href":"https:\/\/minghanggroup.com\/es\/wp-json\/wp\/v2\/media\/2626"}],"wp:attachment":[{"href":"https:\/\/minghanggroup.com\/es\/wp-json\/wp\/v2\/media?parent=2624"}],"wp:term":[{"taxonomy":"product_brand","embeddable":true,"href":"https:\/\/minghanggroup.com\/es\/wp-json\/wp\/v2\/product_brand?post=2624"},{"taxonomy":"product_cat","embeddable":true,"href":"https:\/\/minghanggroup.com\/es\/wp-json\/wp\/v2\/product_cat?post=2624"},{"taxonomy":"product_tag","embeddable":true,"href":"https:\/\/minghanggroup.com\/es\/wp-json\/wp\/v2\/product_tag?post=2624"}],"curies":[{"name":"wp","href":"https:\/\/api.w.org\/{rel}","templated":true}]}}