{"id":2619,"date":"2025-11-11T15:25:41","date_gmt":"2025-11-11T07:25:41","guid":{"rendered":"https:\/\/minghanggroup.com\/?post_type=product&#038;p=2619"},"modified":"2026-03-02T15:10:04","modified_gmt":"2026-03-02T07:10:04","slug":"wholesale-clear-glass-soy-sauce-bottles-with-screw-lid","status":"publish","type":"product","link":"https:\/\/minghanggroup.com\/es\/producto\/wholesale-clear-glass-soy-sauce-bottles-with-screw-lid\/","title":{"rendered":"Botellas de vidrio transparente para salsa de soja con tapa de rosca, 80 ml \u2013 400 ml, venta al por mayor"},"content":{"rendered":"<p>Estas botellas de salsa de soja est\u00e1n hechas de vidrio puro y transparente. Su dise\u00f1o ergon\u00f3mico y curvo proporciona una sujeci\u00f3n c\u00f3moda. Su belleza y utilidad son perfectas, un ejemplo perfecto de la uni\u00f3n ideal entre forma y funci\u00f3n.<\/p>\n<h2>Caracter\u00edsticas del producto<\/h2>\n<ul>\n<li><strong>Dise\u00f1o de mango ergon\u00f3mico:<\/strong> El dise\u00f1o del mango redondeado no solo facilita un vertido m\u00e1s c\u00f3modo, sino que tambi\u00e9n garantiza un agarre firme, lo que le permite verter el l\u00edquido de manera precisa y sin l\u00edquido con \u200b\u200d\u200b\u200c\u200d\u200b\u200d\u200c\u200d\u200b\u200c\u200d\u200b\u200d\u200cfacilidad.<\/li>\n<li><strong>Material de vidrio transparente:<\/strong> La botella est\u00e1 hecha de vidrio transparente, lo que ayuda a medir visualmente la salsa de soja que queda en el interior.<\/li>\n<li><strong>Diferentes tama\u00f1os ofrecidos:<\/strong> Est\u00e1n disponibles en diferentes tama\u00f1os para satisfacer distintos requisitos.<\/li>\n<\/ul>\n<h2 style=\"text-align: left;\">Especificaciones clave<\/h2>\n<table class=\"aligncenter\" style=\"border-collapse: collapse; width: 439.52pt;\" border=\"0\" width=\"586\" cellspacing=\"0\" cellpadding=\"0\">\n<tbody>\n<tr style=\"height: 13.50pt;\">\n<td style=\"height: 13.50pt; width: 73.50pt;\" width=\"98\" height=\"18\">Capacidad<\/td>\n<td style=\"width: 88.50pt;\" width=\"118\">Altura (cm)<\/td>\n<td style=\"width: 91.50pt;\" width=\"122\">Di\u00e1metro (cm)<\/td>\n<td style=\"width: 186.00pt;\" width=\"248\">Ideal para<\/td>\n<\/tr>\n<tr style=\"height: 13.50pt;\">\n<td style=\"height: 13.50pt;\" height=\"18\">80 ml<\/td>\n<td class=\"et2\">15<\/td>\n<td class=\"et2\">4.3<\/td>\n<td>Paquetes de muestra, mini ap\u00f3sitos<\/td>\n<\/tr>\n<tr style=\"height: 13.50pt;\">\n<td style=\"height: 13.50pt;\" height=\"18\">120 ml<\/td>\n<td class=\"et2\">15.5<\/td>\n<td class=\"et2\">5<\/td>\n<td>Salsa picante, chupitos de vinagre<\/td>\n<\/tr>\n<tr style=\"height: 13.50pt;\">\n<td style=\"height: 13.50pt;\" height=\"18\">180 ml<\/td>\n<td class=\"et2\">19.5<\/td>\n<td class=\"et2\">5.2<\/td>\n<td>Salsa de soja, glaseados para barbacoa<\/td>\n<\/tr>\n<tr style=\"height: 13.50pt;\">\n<td style=\"height: 13.50pt;\" height=\"18\">220 ml<\/td>\n<td class=\"et2\">21.5<\/td>\n<td class=\"et2\">5.5<\/td>\n<td>Salsa de tomate, mezclas picantes<\/td>\n<\/tr>\n<tr style=\"height: 13.50pt;\">\n<td style=\"height: 13.50pt;\" height=\"18\">360 ml<\/td>\n<td class=\"et2\">24<\/td>\n<td class=\"et2\">6.5<\/td>\n<td>Condimentos de tama\u00f1o familiar<\/td>\n<\/tr>\n<tr style=\"height: 13.50pt;\">\n<td style=\"height: 13.50pt;\" height=\"18\">400 ml<\/td>\n<td class=\"et2\">26<\/td>\n<td class=\"et2\">6.5<\/td>\n<td>Recargas a granel para restaurantes<\/td>\n<\/tr>\n<\/tbody>\n<\/table>\n<h2>Historia de \u00e9xito: Utilizar el dise\u00f1o para mejorar el conocimiento de la marca<\/h2>\n<p>El fabricante de k\u00e9tchup especial se enfrentaba al problema de diferenciar su producto en un mercado muy competitivo. Tras cambiar a nuestra botella curva de 220 ml para salsa de tomate, cuya forma \u00fanica fue lo primero que notaron los clientes, encontraron una soluci\u00f3n. En tan solo tres meses, las ventas minoristas aumentaron un 30 %, y el gerente de la tienda afirm\u00f3 que el dise\u00f1o distintivo de la botella fue el principal factor que atrajo a los clientes. Las compras recurrentes aumentaron un 72 %. Como resultado, la empresa ya cuenta con cinco pedidos importantes y ha ampliado su l\u00ednea de productos con la introducci\u00f3n del envase familiar de 360 \u200b\u200bml.<\/p>\n<h2>Sugerencias para personalizar botellas de salsa<\/h2>\n<ul>\n<li><strong>Profundidad de curva ajustable:<\/strong> Puedes cambiar el grado de concavidad de la cintura de la botella para hacer la curva m\u00e1s o menos visible.<\/li>\n<li><strong>Marcas de volumen elevado:<\/strong> Introduzca marcas de volumen en relieve en el hombro de la botella.<\/li>\n<li><strong>Ubicaci\u00f3n del logotipo serigrafiado:<\/strong> Imprima silenciosamente el logotipo de su marca en el \u00e1rea curva para una mejor exposici\u00f3n.<\/li>\n<li><strong>Variantes de vidrio coloreado:<\/strong> Utilizar vidrio color \u00e1mbar o verde, adecuado para productos sensibles a la luz, manteniendo intacto el dise\u00f1o de la silueta de la botella.<\/li>\n<\/ul>\n<p>\u00bfBusca mejorar la ergonom\u00eda de su producto? Cont\u00e1ctenos hoy mismo y presentaremos su marca con las botellas de vidrio especiales para salsa de soja m\u00e1s econ\u00f3micas e inalcanzables.<\/p>","protected":false},"excerpt":{"rendered":"<p>Botella de salsa de tomate de vidrio transparente y botella de salsa de soja con dise\u00f1o de cintura contorneada, perfecta para salsas y lista para compra al por mayor con entrega r\u00e1pida.<\/p>","protected":false},"featured_media":2621,"template":"","meta":{"postBodyCss":"","postBodyMargin":[],"postBodyPadding":[],"postBodyBackground":{"backgroundType":"classic","gradient":""}},"product_brand":[],"product_cat":[15,16,54],"product_tag":[99,98],"class_list":{"0":"post-2619","1":"product","2":"type-product","3":"status-publish","4":"has-post-thumbnail","6":"product_cat-glass-containers","7":"product_cat-glass-bottles","8":"product_cat-hot-sauce-bottles","9":"product_tag-glass-vinegar-bottles","10":"product_tag-salad-dressing-bottles","12":"first","13":"instock","14":"shipping-taxable","15":"product-type-simple"},"jetpack_sharing_enabled":true,"_links":{"self":[{"href":"https:\/\/minghanggroup.com\/es\/wp-json\/wp\/v2\/product\/2619","targetHints":{"allow":["GET"]}}],"collection":[{"href":"https:\/\/minghanggroup.com\/es\/wp-json\/wp\/v2\/product"}],"about":[{"href":"https:\/\/minghanggroup.com\/es\/wp-json\/wp\/v2\/types\/product"}],"wp:featuredmedia":[{"embeddable":true,"href":"https:\/\/minghanggroup.com\/es\/wp-json\/wp\/v2\/media\/2621"}],"wp:attachment":[{"href":"https:\/\/minghanggroup.com\/es\/wp-json\/wp\/v2\/media?parent=2619"}],"wp:term":[{"taxonomy":"product_brand","embeddable":true,"href":"https:\/\/minghanggroup.com\/es\/wp-json\/wp\/v2\/product_brand?post=2619"},{"taxonomy":"product_cat","embeddable":true,"href":"https:\/\/minghanggroup.com\/es\/wp-json\/wp\/v2\/product_cat?post=2619"},{"taxonomy":"product_tag","embeddable":true,"href":"https:\/\/minghanggroup.com\/es\/wp-json\/wp\/v2\/product_tag?post=2619"}],"curies":[{"name":"wp","href":"https:\/\/api.w.org\/{rel}","templated":true}]}}