{"id":2574,"date":"2025-11-11T13:50:04","date_gmt":"2025-11-11T05:50:04","guid":{"rendered":"https:\/\/minghanggroup.com\/?post_type=product&#038;p=2574"},"modified":"2026-03-02T15:17:01","modified_gmt":"2026-03-02T07:17:01","slug":"bulk-empty-bbq-sauce-bottles-with-textured-design","status":"publish","type":"product","link":"https:\/\/minghanggroup.com\/es\/producto\/bulk-empty-bbq-sauce-bottles-with-textured-design\/","title":{"rendered":"Botellas vac\u00edas de salsa barbacoa a granel con dise\u00f1o texturizado de 100 ml a 300 ml"},"content":{"rendered":"<p>Estas botellas para salsa barbacoa tienen un elegante dise\u00f1o texturizado que no solo es ergon\u00f3mico, sino tambi\u00e9n muy c\u00f3modo. Adem\u00e1s de ser funcionales, su dise\u00f1o texturizado les da a las botellas de vidrio transparente un aspecto elegante.<\/p>\n<h2>Caracter\u00edsticas del producto<\/h2>\n<ul>\n<li><strong>Caracter\u00edstica de agarre mejorado:<\/strong> La textura de la superficie permite al usuario tener un agarre s\u00f3lido incluso si las manos est\u00e1n aceitosas y, por lo tanto, se mejora la seguridad durante el uso.<\/li>\n<li><strong>Efecto visual de primera clase:<\/strong> La combinaci\u00f3n de vidrio ligero y texturizado da como resultado una apariencia visual muy elegante y \u00fanica.<\/li>\n<li><strong>Soluciones de tama\u00f1os variados:<\/strong> El producto se ofrece en cinco tama\u00f1os que van desde 100 ml a 300 ml para satisfacer diferentes requisitos, como tama\u00f1os de muestra, envases de regalo y productos de tama\u00f1o completo.<\/li>\n<\/ul>\n<h2 style=\"text-align: left;\">Especificaciones clave<\/h2>\n<table class=\"aligncenter\" style=\"border-collapse: collapse; width: 555.02pt;\" border=\"0\" width=\"740\" cellspacing=\"0\" cellpadding=\"0\">\n<tbody>\n<tr style=\"height: 13.50pt;\">\n<td style=\"height: 13.50pt; width: 86.25pt;\" width=\"115\" height=\"18\">Tama\u00f1o<\/td>\n<td style=\"width: 63.00pt;\" width=\"84\">Capacidad<\/td>\n<td style=\"width: 138.00pt;\" width=\"184\">Dimensiones (D \u00d7 Al)<\/td>\n<td style=\"width: 267.75pt;\" width=\"357\">Mejor para<\/td>\n<\/tr>\n<tr style=\"height: 13.50pt;\">\n<td style=\"height: 13.50pt;\" height=\"18\">Mini<\/td>\n<td>100 ml<\/td>\n<td>4,7 cm \u00d7 17 cm<\/td>\n<td>Samplers, porciones de hotel, mezclas de especias<\/td>\n<\/tr>\n<tr style=\"height: 13.50pt;\">\n<td style=\"height: 13.50pt;\" height=\"18\">Peque\u00f1o<\/td>\n<td>170 ml<\/td>\n<td>5,7 cm \u00d7 17,4 cm<\/td>\n<td>Singles al por menor, paquetes en l\u00ednea<\/td>\n<\/tr>\n<tr style=\"height: 13.50pt;\">\n<td style=\"height: 13.50pt;\" height=\"18\">Medio<\/td>\n<td>220 ml<\/td>\n<td>5,8 cm \u00d7 18,6 cm<\/td>\n<td>Tiendas gourmet, kits de comida<\/td>\n<\/tr>\n<tr style=\"height: 13.50pt;\">\n<td style=\"height: 13.50pt;\" height=\"18\">Grande<\/td>\n<td>250 ml<\/td>\n<td>6,2 cm \u00d7 21,9 cm<\/td>\n<td>Salsa barbacoa, salsa picante, vinagre<\/td>\n<\/tr>\n<tr style=\"height: 13.50pt;\">\n<td style=\"height: 13.50pt;\" height=\"18\">Extra grande<\/td>\n<td>300 ml<\/td>\n<td>6,5 cm \u00d7 22,5 cm<\/td>\n<td>Servicios de comida, estaciones de recarga, paquetes familiares.<\/td>\n<\/tr>\n<\/tbody>\n<\/table>\n<h2>Caso de \u00e9xito: La soluci\u00f3n del problema del deslizamiento de la botella<\/h2>\n<p>Una salsa barbacoa elaborada por una empresa local recibi\u00f3 comentarios de los clientes, quienes indicaban que las botellas lisas eran dif\u00edciles de agarrar al hacer barbacoas al aire libre. Tras el cambio a nuestras botellas vac\u00edas de salsa texturizadas de 250 ml, la situaci\u00f3n mejor\u00f3 de inmediato. Las quejas de los clientes sobre el deslizamiento de las botellas se redujeron en un 80 % y la textura distintiva result\u00f3 ser la promoci\u00f3n de la marca, lo que impuls\u00f3 el fortalecimiento de su imagen. Finalmente, las ventas en l\u00ednea aumentaron un 25 %. La empresa ha aumentado su stock con cuatro pedidos grandes de 200\u00a0000 botellas cada uno y ha a\u00f1adido un tama\u00f1o de 170 ml a su nueva l\u00ednea de productos.<\/p>\n<h2>Ideas para personalizar botellas de salsa vac\u00edas<\/h2>\n<ul>\n<li><strong>Varias texturas:<\/strong> Tenga diferentes texturas, como l\u00edneas sutiles o patrones geom\u00e9tricos llamativos, en su producto.<\/li>\n<li><strong>Logotipo en relieve:<\/strong> Haga que su logotipo sea parte del patr\u00f3n texturizado como un elemento en relieve.<\/li>\n<li><strong>Dise\u00f1o de dos texturas:<\/strong> Utilice diferentes texturas en el cuerpo y el cuello de la botella para crear inter\u00e9s visual.<\/li>\n<li><strong>Efecto de vidrio degradado:<\/strong> Emplea un efecto degradado de oscuro a claro no solo para enfatizar la textura, sino tambi\u00e9n para hacer que el color de la salsa se vea m\u00e1s \u200b\u200d\u200b\u200c\u200d\u200b\u200d\u200c\u200b\u200d\u200b\u200c\u200d\u200b\u200d\u200catractivo.<\/li>\n<\/ul>","protected":false},"excerpt":{"rendered":"<p>Botellas de salsa vac\u00edas y resistentes con vidrio texturizado y tapas de colores. Perfectas para salsas, aderezos o mezclas para barbacoa. Botella de salsa barbacoa personalizable. Muestra gratis.<\/p>","protected":false},"featured_media":2606,"template":"","meta":{"postBodyCss":"","postBodyMargin":[],"postBodyPadding":[],"postBodyBackground":{"backgroundType":"classic","gradient":""}},"product_brand":[],"product_cat":[15,16,54],"product_tag":[99,98],"class_list":{"0":"post-2574","1":"product","2":"type-product","3":"status-publish","4":"has-post-thumbnail","6":"product_cat-glass-containers","7":"product_cat-glass-bottles","8":"product_cat-hot-sauce-bottles","9":"product_tag-glass-vinegar-bottles","10":"product_tag-salad-dressing-bottles","12":"first","13":"instock","14":"shipping-taxable","15":"product-type-simple"},"jetpack_sharing_enabled":true,"_links":{"self":[{"href":"https:\/\/minghanggroup.com\/es\/wp-json\/wp\/v2\/product\/2574","targetHints":{"allow":["GET"]}}],"collection":[{"href":"https:\/\/minghanggroup.com\/es\/wp-json\/wp\/v2\/product"}],"about":[{"href":"https:\/\/minghanggroup.com\/es\/wp-json\/wp\/v2\/types\/product"}],"wp:featuredmedia":[{"embeddable":true,"href":"https:\/\/minghanggroup.com\/es\/wp-json\/wp\/v2\/media\/2606"}],"wp:attachment":[{"href":"https:\/\/minghanggroup.com\/es\/wp-json\/wp\/v2\/media?parent=2574"}],"wp:term":[{"taxonomy":"product_brand","embeddable":true,"href":"https:\/\/minghanggroup.com\/es\/wp-json\/wp\/v2\/product_brand?post=2574"},{"taxonomy":"product_cat","embeddable":true,"href":"https:\/\/minghanggroup.com\/es\/wp-json\/wp\/v2\/product_cat?post=2574"},{"taxonomy":"product_tag","embeddable":true,"href":"https:\/\/minghanggroup.com\/es\/wp-json\/wp\/v2\/product_tag?post=2574"}],"curies":[{"name":"wp","href":"https:\/\/api.w.org\/{rel}","templated":true}]}}