{"id":2569,"date":"2025-11-11T13:12:26","date_gmt":"2025-11-11T05:12:26","guid":{"rendered":"https:\/\/minghanggroup.com\/?post_type=product&#038;p=2569"},"modified":"2026-03-02T15:17:17","modified_gmt":"2026-03-02T07:17:17","slug":"custom-empty-glass-condiment-bottles-with-pump-graduations","status":"publish","type":"product","link":"https:\/\/minghanggroup.com\/es\/producto\/custom-empty-glass-condiment-bottles-with-pump-graduations\/","title":{"rendered":"Botellas de vidrio vac\u00edas para condimentos de 200 ml, 300 ml y 500 ml con bomba y graduaciones"},"content":{"rendered":"<p>Estas botellas de vidrio para condimentos est\u00e1n hechas de vidrio transparente y tienen graduaciones impresas. Su capacidad var\u00eda de 200 ml a 500 ml y cuentan con un cabezal dosificador de metal negro y plateado, ideal para la dispensaci\u00f3n comercial de condimentos.<\/p>\n<h2>Caracter\u00edsticas del producto<\/h2>\n<ul>\n<li><strong>Dise\u00f1o del cabezal de la bomba:<\/strong> Con los cabezales de bomba de metal negro y plateado, la dispensaci\u00f3n de salsa se puede realizar con mucha precisi\u00f3n, lo que resulta muy conveniente e higi\u00e9nico.<\/li>\n<li><strong>Cuerpo de botella graduada transparente:<\/strong> El cuerpo transparente de la botella tambi\u00e9n viene con graduaciones claras, por lo que resulta muy f\u00e1cil ver la salsa que queda, as\u00ed como el uso, lo que facilita una medici\u00f3n muy precisa.<\/li>\n<li><strong>Combinaci\u00f3n pr\u00e1ctica y est\u00e9ticamente agradable:<\/strong> El cabezal de la bomba de metal junto con el cuerpo de vidrio transparente le da un aspecto moderno y contempor\u00e1neo, una combinaci\u00f3n perfecta de funcionalidad y atractivo visual.<\/li>\n<\/ul>\n<h2 style=\"text-align: left;\">Especificaciones clave<\/h2>\n<table class=\"aligncenter\" style=\"border-collapse: collapse; width: 477.02pt;\" border=\"0\" width=\"636\" cellspacing=\"0\" cellpadding=\"0\">\n<tbody>\n<tr style=\"height: 13.50pt;\">\n<td style=\"height: 13.50pt; width: 126.75pt;\" width=\"169\" height=\"18\">Caracter\u00edstica<\/td>\n<td style=\"width: 350.25pt;\" width=\"467\">Especificaci\u00f3n<\/td>\n<\/tr>\n<tr style=\"height: 13.50pt;\">\n<td style=\"height: 13.50pt;\" height=\"18\">Capacidades<\/td>\n<td>200 ml (7 oz) \/ 300 ml (10 oz) \/ 500 ml (16 oz)<\/td>\n<\/tr>\n<tr style=\"height: 13.50pt;\">\n<td style=\"height: 13.50pt;\" height=\"18\">Dimensiones (D\u00d7H)<\/td>\n<td>5,5\u00d719,5 cm \/ 6\u00d723,5 cm \/ 6,5\u00d727,5 cm<\/td>\n<\/tr>\n<tr style=\"height: 13.50pt;\">\n<td style=\"height: 13.50pt;\" height=\"18\">Forma<\/td>\n<td>Botella negra de pared recta con marcas de volumen moldeadas<\/td>\n<\/tr>\n<tr style=\"height: 13.50pt;\">\n<td style=\"height: 13.50pt;\" height=\"18\">Material<\/td>\n<td>Vidrio de borosilicato alto<\/td>\n<\/tr>\n<tr style=\"height: 13.50pt;\">\n<td style=\"height: 13.50pt;\" height=\"18\">Cierre incluido<\/td>\n<td>Bomba de prensa plateada (personalizable)<\/td>\n<\/tr>\n<tr style=\"height: 13.50pt;\">\n<td style=\"height: 13.50pt;\" height=\"18\">Mejor para<\/td>\n<td>Salsa de ostras, salsa de chile, aderezo, condimento<\/td>\n<\/tr>\n<tr style=\"height: 13.50pt;\">\n<td style=\"height: 13.50pt;\" height=\"18\">Uso ideal<\/td>\n<td>Botellas de condimentos de vidrio, botellas de condimentos vac\u00edas<\/td>\n<\/tr>\n<\/tbody>\n<\/table>\n<h2>Historia de \u00e9xito: Crecimiento de distribuidores<\/h2>\n<p>El fabricante de salsas especiales que usaba botellas flexibles desiguales, lo que provocaba fugas y confusi\u00f3n entre los clientes sobre el tama\u00f1o de las porciones, cambi\u00f3 a nuestras botellas vac\u00edas de condimentos con dispensadores integrados: 200 ml para las pruebas en l\u00ednea y 300 ml para la venta minorista. Las quejas de los clientes se redujeron a cero y las repeticiones alcanzaron el 48 % en tan solo dos meses, tras lo cual volvieron a pedir m\u00e1s de 300\u00a0000 unidades.<\/p>\n<h2>Sugerencias para personalizar botellas de vidrio para condimentos<\/h2>\n<ul>\n<li><strong>Logotipo de la marca grabado:<\/strong> Tiene un peque\u00f1o logotipo grabado colocado cerca de las marcas para una personalizaci\u00f3n personalizada sin interferir con las marcas.<\/li>\n<li><strong>Protecci\u00f3n del \u00e1mbar:<\/strong> A\u00f1ade un ligero tinte \u00e1mbar a la salsa picante a base de vinagre para que la radiaci\u00f3n de la luz no la deteriore.<\/li>\n<li><strong>Base texturizada:<\/strong> Grabe un trozo de malla fina en la base para ayudar a que la botella permanezca firme sobre la superficie de la encimera incluso si esta est\u00e1 mojada y usted est\u00e1 en un restaurante.<\/li>\n<li><strong>Efecto de vidrio degradado:<\/strong> Utilice un degradado muy leve desde el lado oscuro al lado claro para agregar m\u00e1s profundidad y al mismo tiempo permitir que las escamas sean claramente \u200b\u200d\u200b\u200c\u200d\u200b\u200d\u200c\u200b\u200d\u200b\u200c\u200d\u200b\u200d\u200cvisibles.<\/li>\n<\/ul>","protected":false},"excerpt":{"rendered":"<p>Botellas de vidrio transparente para condimentos con dosificadores y graduaciones claras. Pr\u00e1cticas botellas para condimentos en aire acondicionado, ideales para restaurantes. Env\u00edo r\u00e1pido.<\/p>","protected":false},"featured_media":2570,"template":"","meta":{"postBodyCss":"","postBodyMargin":[],"postBodyPadding":[],"postBodyBackground":{"backgroundType":"classic","gradient":""}},"product_brand":[],"product_cat":[15,16,54],"product_tag":[99],"class_list":{"0":"post-2569","1":"product","2":"type-product","3":"status-publish","4":"has-post-thumbnail","6":"product_cat-glass-containers","7":"product_cat-glass-bottles","8":"product_cat-hot-sauce-bottles","9":"product_tag-glass-vinegar-bottles","11":"first","12":"instock","13":"shipping-taxable","14":"product-type-simple"},"jetpack_sharing_enabled":true,"_links":{"self":[{"href":"https:\/\/minghanggroup.com\/es\/wp-json\/wp\/v2\/product\/2569","targetHints":{"allow":["GET"]}}],"collection":[{"href":"https:\/\/minghanggroup.com\/es\/wp-json\/wp\/v2\/product"}],"about":[{"href":"https:\/\/minghanggroup.com\/es\/wp-json\/wp\/v2\/types\/product"}],"wp:featuredmedia":[{"embeddable":true,"href":"https:\/\/minghanggroup.com\/es\/wp-json\/wp\/v2\/media\/2570"}],"wp:attachment":[{"href":"https:\/\/minghanggroup.com\/es\/wp-json\/wp\/v2\/media?parent=2569"}],"wp:term":[{"taxonomy":"product_brand","embeddable":true,"href":"https:\/\/minghanggroup.com\/es\/wp-json\/wp\/v2\/product_brand?post=2569"},{"taxonomy":"product_cat","embeddable":true,"href":"https:\/\/minghanggroup.com\/es\/wp-json\/wp\/v2\/product_cat?post=2569"},{"taxonomy":"product_tag","embeddable":true,"href":"https:\/\/minghanggroup.com\/es\/wp-json\/wp\/v2\/product_tag?post=2569"}],"curies":[{"name":"wp","href":"https:\/\/api.w.org\/{rel}","templated":true}]}}