{"id":2564,"date":"2025-11-11T11:12:38","date_gmt":"2025-11-11T03:12:38","guid":{"rendered":"https:\/\/minghanggroup.com\/?post_type=product&#038;p=2564"},"modified":"2026-03-02T15:17:40","modified_gmt":"2026-03-02T07:17:40","slug":"bulk-glass-empty-bottles-for-hot-sauce-with-press-pump","status":"publish","type":"product","link":"https:\/\/minghanggroup.com\/es\/producto\/bulk-glass-empty-bottles-for-hot-sauce-with-press-pump\/","title":{"rendered":"Botellas vac\u00edas de vidrio a granel para salsa picante con bomba de presi\u00f3n de 300 ml y 500 ml"},"content":{"rendered":"<p>Este pr\u00e1ctico recipiente con pulsador para botellas vac\u00edas de salsa picante est\u00e1 hecho de vidrio transparente y cuenta con una bomba met\u00e1lica plateada graduada. Puede usarse como botella para salsa ligera o como recipiente multiusos para otras salsas.<\/p>\n<h2>Caracter\u00edsticas del producto<\/h2>\n<ul>\n<li><strong>Degradados claros:<\/strong> La botella transparente est\u00e1 equipada con graduaciones claras, por lo que el volumen restante de la salsa siempre es visible.<\/li>\n<li><strong>Sistema de dispensaci\u00f3n higi\u00e9nica:<\/strong> El sistema de bomba de un solo toque permite una dispensaci\u00f3n higi\u00e9nica sin contaminaci\u00f3n cruzada.<\/li>\n<li><strong>Durable:<\/strong> La combinaci\u00f3n de un cuerpo de vidrio resistente con un acabado met\u00e1lico lo convierte en un utensilio diario ideal para una cocina profesional.<\/li>\n<\/ul>\n<h2 style=\"text-align: left;\">Especificaciones clave<\/h2>\n<table class=\"aligncenter\" style=\"border-collapse: collapse; width: 492.02pt;\" border=\"0\" width=\"656\" cellspacing=\"0\" cellpadding=\"0\">\n<tbody>\n<tr style=\"height: 13.50pt;\">\n<td style=\"height: 13.50pt; width: 126.75pt;\" width=\"169\" height=\"18\">Caracter\u00edstica<\/td>\n<td style=\"width: 365.25pt;\" width=\"487\">Especificaci\u00f3n<\/td>\n<\/tr>\n<tr style=\"height: 13.50pt;\">\n<td style=\"height: 13.50pt;\" height=\"18\">Capacidades<\/td>\n<td>300 ml (10 oz) \/ 500 ml (16 oz)<\/td>\n<\/tr>\n<tr style=\"height: 13.50pt;\">\n<td style=\"height: 13.50pt;\" height=\"18\">Dimensiones (D\u00d7H)<\/td>\n<td>6\u00d721 cm \/ 6,5\u00d725 cm<\/td>\n<\/tr>\n<tr style=\"height: 13.50pt;\">\n<td style=\"height: 13.50pt;\" height=\"18\">Forma<\/td>\n<td>Botella negra de pared recta con marcas de volumen moldeadas<\/td>\n<\/tr>\n<tr style=\"height: 13.50pt;\">\n<td style=\"height: 13.50pt;\" height=\"18\">Material<\/td>\n<td>Vidrio de borosilicato alto<\/td>\n<\/tr>\n<tr style=\"height: 13.50pt;\">\n<td style=\"height: 13.50pt;\" height=\"18\">Cierre incluido<\/td>\n<td>Bomba de prensa plateada (personalizable)<\/td>\n<\/tr>\n<tr style=\"height: 13.50pt;\">\n<td style=\"height: 13.50pt;\" height=\"18\">Mejor para<\/td>\n<td>Salsa picante, salsa de chile, vinagre, salsa de ostras, condimento<\/td>\n<\/tr>\n<tr style=\"height: 13.50pt;\">\n<td style=\"height: 13.50pt;\" height=\"18\">Uso ideal<\/td>\n<td>Botellas vac\u00edas para salsa picante, botellas para salsa<\/td>\n<\/tr>\n<\/tbody>\n<\/table>\n<h2>Caso de \u00e9xito: Mejora de la eficiencia en restaurantes<\/h2>\n<p>Un distribuidor regional de productos alimenticios ten\u00eda problemas con el consumo incorrecto de salsa y el desperdicio de la misma. Implementaron nuestras botellas vac\u00edas de 500 ml con dispensador de bot\u00f3n y lograron los siguientes resultados: la cadena de restaurantes de barbacoa, gracias al uso de la bomba controlable, redujo el desperdicio de salsa en un 41 % tras el uso de estas botellas; una marca artesanal, gracias a este concepto funcional, tambi\u00e9n experiment\u00f3 un aumento del 38 % en los pedidos al por mayor. Por lo tanto, el distribuidor ha realizado cuatro pedidos importantes desde entonces y no solo ha ampliado el uso de envases de 300 ml de su salsa picante insignia, sino que tambi\u00e9n incluye otros productos.<\/p>\n<h2>Sugerencias para personalizar botellas de salsa<\/h2>\n<ul>\n<li><strong>Marca serigr\u00e1fica:<\/strong> A\u00f1ade el nombre del restaurante o el logotipo justo debajo de las graduaciones imprimi\u00e9ndolo.<\/li>\n<li><strong>Color del cabezal de la bomba:<\/strong> El color del cabezal de la bomba se puede adaptar a la imagen de marca de su restaurante.<\/li>\n<li><strong>Dise\u00f1o de fondo texturizado:<\/strong> Haz la parte inferior de la botella con un patr\u00f3n antideslizante para un mejor agarre.<\/li>\n<li><strong>Precinto de seguridad:<\/strong> Una botella equipada con un sello de seguridad es f\u00e1cil de abrir por primera vez en establecimientos de servicio de alimentos.<\/li>\n<\/ul>","protected":false},"excerpt":{"rendered":"<p>Botellas vac\u00edas resistentes para salsa picante con dispensador y marcas de medici\u00f3n claras. Ideales para restaurantes, env\u00edos r\u00e1pidos y pedidos al por mayor.<\/p>","protected":false},"featured_media":2899,"template":"","meta":{"postBodyCss":"","postBodyMargin":[],"postBodyPadding":[],"postBodyBackground":{"backgroundType":"classic","gradient":""}},"product_brand":[],"product_cat":[15,16,54],"product_tag":[99],"class_list":{"0":"post-2564","1":"product","2":"type-product","3":"status-publish","4":"has-post-thumbnail","6":"product_cat-glass-containers","7":"product_cat-glass-bottles","8":"product_cat-hot-sauce-bottles","9":"product_tag-glass-vinegar-bottles","11":"first","12":"instock","13":"shipping-taxable","14":"product-type-simple"},"jetpack_sharing_enabled":true,"_links":{"self":[{"href":"https:\/\/minghanggroup.com\/es\/wp-json\/wp\/v2\/product\/2564","targetHints":{"allow":["GET"]}}],"collection":[{"href":"https:\/\/minghanggroup.com\/es\/wp-json\/wp\/v2\/product"}],"about":[{"href":"https:\/\/minghanggroup.com\/es\/wp-json\/wp\/v2\/types\/product"}],"wp:featuredmedia":[{"embeddable":true,"href":"https:\/\/minghanggroup.com\/es\/wp-json\/wp\/v2\/media\/2899"}],"wp:attachment":[{"href":"https:\/\/minghanggroup.com\/es\/wp-json\/wp\/v2\/media?parent=2564"}],"wp:term":[{"taxonomy":"product_brand","embeddable":true,"href":"https:\/\/minghanggroup.com\/es\/wp-json\/wp\/v2\/product_brand?post=2564"},{"taxonomy":"product_cat","embeddable":true,"href":"https:\/\/minghanggroup.com\/es\/wp-json\/wp\/v2\/product_cat?post=2564"},{"taxonomy":"product_tag","embeddable":true,"href":"https:\/\/minghanggroup.com\/es\/wp-json\/wp\/v2\/product_tag?post=2564"}],"curies":[{"name":"wp","href":"https:\/\/api.w.org\/{rel}","templated":true}]}}