{"id":2557,"date":"2025-11-10T15:08:56","date_gmt":"2025-11-10T07:08:56","guid":{"rendered":"https:\/\/minghanggroup.com\/?post_type=product&#038;p=2557"},"modified":"2026-01-20T14:11:41","modified_gmt":"2026-01-20T06:11:41","slug":"flat-small-hot-sauce-bottles-for-pepper-sauce-bulk-supplier","status":"publish","type":"product","link":"https:\/\/minghanggroup.com\/es\/producto\/flat-small-hot-sauce-bottles-for-pepper-sauce-bulk-supplier\/","title":{"rendered":"Botellas planas peque\u00f1as de 125 ml para salsa picante a granel"},"content":{"rendered":"<p>Este frasco de vidrio plano, compacto y transparente, con su cuerpo redondeado y tapa de rosca negra, es ideal para almacenar peque\u00f1as botellas de salsa picante, salsas de chile y otros condimentos picantes.<\/p>\n<h2>Caracter\u00edsticas del producto<\/h2>\n<ul>\n<li><strong>A prueba de fugas y seguro:<\/strong> El tap\u00f3n de rosca herm\u00e9tico del frasco garantiza que los productos le lleguen en buenas condiciones, lo que limita los casos de da\u00f1os durante el env\u00edo.<\/li>\n<li><strong>F\u00e1cil de usar:<\/strong> El cuello y el pico regulares funcionan con un adaptador de pico (que se puede comprar por separado) para una dispensaci\u00f3n precisa, especialmente si se trata de salsas de chile a base de vinagre.<\/li>\n<li><strong>Llamativo:<\/strong> Gracias a su forma compacta y al material de vidrio transparente, su etiqueta se vuelve muy visible en comparaci\u00f3n con numerosos recipientes para salsa de barbacoa.<\/li>\n<\/ul>\n<h2 style=\"text-align: left;\">Especificaciones clave<\/h2>\n<table class=\"aligncenter\" style=\"border-collapse: collapse; width: 471.02pt;\" border=\"0\" width=\"628\" cellspacing=\"0\" cellpadding=\"0\">\n<tbody>\n<tr style=\"height: 13.50pt;\">\n<td style=\"height: 13.50pt; width: 86.25pt;\" width=\"115\" height=\"18\">Caracter\u00edstica<\/td>\n<td style=\"width: 384.75pt;\" width=\"513\">Detalle<\/td>\n<\/tr>\n<tr style=\"height: 13.50pt;\">\n<td style=\"height: 13.50pt;\" height=\"18\">Capacidad<\/td>\n<td>125 ml<\/td>\n<\/tr>\n<tr style=\"height: 13.50pt;\">\n<td style=\"height: 13.50pt;\" height=\"18\">Dimensiones<\/td>\n<td>6,4 cm (ancho) \u00d7 13 cm (alto)<\/td>\n<\/tr>\n<tr style=\"height: 13.50pt;\">\n<td style=\"height: 13.50pt;\" height=\"18\">Material<\/td>\n<td>Vidrio s\u00f3dico-c\u00e1lcico transparente<\/td>\n<\/tr>\n<tr style=\"height: 13.50pt;\">\n<td style=\"height: 13.50pt;\" height=\"18\">Cierre<\/td>\n<td>Tapa de pl\u00e1stico negra (personalizable)<\/td>\n<\/tr>\n<tr style=\"height: 13.50pt;\">\n<td style=\"height: 13.50pt;\" height=\"18\">Uso ideal<\/td>\n<td>Botellas de vidrio para salsa de pimienta, botellas peque\u00f1as de salsa picante a granel<\/td>\n<\/tr>\n<\/tbody>\n<\/table>\n<h2>Caso de \u00e9xito: Apoyo a una marca premium<\/h2>\n<p>Una startup de comida gourmet decidi\u00f3 usar estas botellas de salsa picante como envase para su salsa picante insignia. El uso de la botella como envase combina a la perfecci\u00f3n con su receta picante y rica. En menos de medio a\u00f1o, su distribuci\u00f3n minorista ha crecido un 25 %. La mayor\u00eda de los clientes (68 %) que realizaron compras en dos meses repitieron los mismos productos, por lo que realizaron tres pedidos m\u00e1s por un total de 200 000 botellas, convirtiendo la primera prueba en una colaboraci\u00f3n estable con el mercado mayorista. Atribuyeron su satisfacci\u00f3n a la calidad del envase y la rapidez de la entrega.<\/p>\n<h2>Sugerencias para personalizar botellas de salsa picante<\/h2>\n<p>Convierte estas botellas de salsa vac\u00edas en tus propias botellas \u00fanicas. Ofrecemos una gran variedad de opciones de personalizaci\u00f3n para tus botellas peque\u00f1as de salsa picante.<\/p>\n<ul>\n<li><strong>Color del vidrio:<\/strong> \u00bfPor qu\u00e9 no usar vidrio transparente si quieres que tu salsa colorida sea el centro de atenci\u00f3n, o usar vidrio \u00e1mbar si tu producto es sensible a la luz?<\/li>\n<li><strong>Color de la gorra:<\/strong> Adem\u00e1s del color negro, tambi\u00e9n puedes personalizar los tapones de rosca de forma que reflejen el color de tu marca.<\/li>\n<li><strong>Regulador de flujo:<\/strong> Simplemente controle el flujo de salsa de barbacoa espesa o alm\u00edbar agregando un regulador de flujo que se puede ajustar f\u00e1cilmente.<\/li>\n<li><strong>Realce:<\/strong> Convierta su logotipo o gr\u00e1fico en una imagen en relieve directamente en el envase de vidrio de la salsa picante para lograr un efecto de marca visual \u00fanico.<\/li>\n<li><strong>Tipo de revestimiento:<\/strong> Para un mejor sellado y protecci\u00f3n contra vinagres fuertes o condimentos aceitosos, puede considerar un material de revestimiento especializado.<\/li>\n<\/ul>","protected":false},"excerpt":{"rendered":"<p>Botellas peque\u00f1as para salsa picante con un dise\u00f1o limpio y estilizado. Botellas de salsa de chile de alta calidad, ideales para salsa de chile casera o comercial. Muestra gratis.<\/p>","protected":false},"featured_media":2559,"template":"","meta":{"postBodyCss":"","postBodyMargin":[],"postBodyPadding":[],"postBodyBackground":{"backgroundType":"classic","gradient":""}},"product_brand":[],"product_cat":[15,16,54],"product_tag":[72],"class_list":{"0":"post-2557","1":"product","2":"type-product","3":"status-publish","4":"has-post-thumbnail","6":"product_cat-glass-containers","7":"product_cat-glass-bottles","8":"product_cat-hot-sauce-bottles","9":"product_tag-juice-bottles","11":"first","12":"instock","13":"shipping-taxable","14":"product-type-simple"},"jetpack_sharing_enabled":true,"_links":{"self":[{"href":"https:\/\/minghanggroup.com\/es\/wp-json\/wp\/v2\/product\/2557","targetHints":{"allow":["GET"]}}],"collection":[{"href":"https:\/\/minghanggroup.com\/es\/wp-json\/wp\/v2\/product"}],"about":[{"href":"https:\/\/minghanggroup.com\/es\/wp-json\/wp\/v2\/types\/product"}],"wp:featuredmedia":[{"embeddable":true,"href":"https:\/\/minghanggroup.com\/es\/wp-json\/wp\/v2\/media\/2559"}],"wp:attachment":[{"href":"https:\/\/minghanggroup.com\/es\/wp-json\/wp\/v2\/media?parent=2557"}],"wp:term":[{"taxonomy":"product_brand","embeddable":true,"href":"https:\/\/minghanggroup.com\/es\/wp-json\/wp\/v2\/product_brand?post=2557"},{"taxonomy":"product_cat","embeddable":true,"href":"https:\/\/minghanggroup.com\/es\/wp-json\/wp\/v2\/product_cat?post=2557"},{"taxonomy":"product_tag","embeddable":true,"href":"https:\/\/minghanggroup.com\/es\/wp-json\/wp\/v2\/product_tag?post=2557"}],"curies":[{"name":"wp","href":"https:\/\/api.w.org\/{rel}","templated":true}]}}