{"id":2552,"date":"2025-11-07T13:54:34","date_gmt":"2025-11-07T05:54:34","guid":{"rendered":"https:\/\/minghanggroup.com\/?post_type=product&#038;p=2552"},"modified":"2026-03-02T15:17:52","modified_gmt":"2026-03-02T07:17:52","slug":"wholesale-clear-square-glass-bottles-for-sauces","status":"publish","type":"product","link":"https:\/\/minghanggroup.com\/es\/producto\/wholesale-clear-square-glass-bottles-for-sauces\/","title":{"rendered":"Botellas de vidrio cuadradas transparentes para salsas, 100 ml, 150 ml y 250 ml, venta al por mayor"},"content":{"rendered":"<p>Fabricadas en vidrio transparente con un estilo cuadrado minimalista, estas botellas de vidrio para salsas vienen en tres tama\u00f1os diferentes. Las tapas negras que se usan para sellar los frascos no solo hacen que la salsa de chile sea un art\u00edculo atractivo, perfecto para exhibir, sino que tambi\u00e9n se adaptan a cualquier decoraci\u00f3n de cocina.<\/p>\n<h2>Caracter\u00edsticas del producto<\/h2>\n<ul>\n<li><strong>Dise\u00f1o de botella cuadrada:<\/strong> La botella cuadrada con sus l\u00edneas limpias es una gran combinaci\u00f3n de belleza y utilidad.<\/li>\n<li><strong>Diferentes tama\u00f1os:<\/strong> Las tres capacidades diferentes del producto se pueden utilizar para satisfacer diversas necesidades y tambi\u00e9n son apropiadas para el uso familiar diario, el reenvasado y otras situaciones.<\/li>\n<li><strong>Estilo minimalista:<\/strong> La tapa negra ajustada al cuerpo de vidrio transparente del frasco le da un aspecto minimalista y moderno que es a la vez funcional y flexible en su uso.<\/li>\n<\/ul>\n<h2 style=\"text-align: left;\">Especificaciones clave<\/h2>\n<table class=\"aligncenter\" style=\"border-collapse: collapse; width: 469.52pt;\" border=\"0\" width=\"626\" cellspacing=\"0\" cellpadding=\"0\">\n<tbody>\n<tr style=\"height: 13.50pt;\">\n<td style=\"height: 13.50pt; width: 127.50pt;\" width=\"170\" height=\"18\">Caracter\u00edstica<\/td>\n<td style=\"width: 342.00pt;\" width=\"456\">Especificaci\u00f3n<\/td>\n<\/tr>\n<tr style=\"height: 13.50pt;\">\n<td style=\"height: 13.50pt;\" height=\"18\">Capacidades<\/td>\n<td>100 ml \/ 150 ml \/ 250 ml<\/td>\n<\/tr>\n<tr style=\"height: 13.50pt;\">\n<td style=\"height: 13.50pt;\" height=\"18\">Dimensiones (An \u00d7 Al)<\/td>\n<td>4\u00d713,2 cm \/ 4,4\u00d716,6 cm \/ 5,1\u00d719,7 cm<\/td>\n<\/tr>\n<tr style=\"height: 13.50pt;\">\n<td style=\"height: 13.50pt;\" height=\"18\">Forma<\/td>\n<td>Botella cuadrada de cerveza negra con lados planos y bordes crujientes.<\/td>\n<\/tr>\n<tr style=\"height: 13.50pt;\">\n<td style=\"height: 13.50pt;\" height=\"18\">Material<\/td>\n<td>Vaso de cerveza negra de vidrio transparente, apto para uso alimentario, sin plomo.<\/td>\n<\/tr>\n<tr style=\"height: 13.50pt;\">\n<td style=\"height: 13.50pt;\" height=\"18\">Cierre incluido<\/td>\n<td>Botella de salsa con tap\u00f3n de rosca negro (personalizable)<\/td>\n<\/tr>\n<tr style=\"height: 13.50pt;\">\n<td style=\"height: 13.50pt;\" height=\"18\">Uso ideal<\/td>\n<td>Botellas de vidrio para salsas, botellas de salsas picantes a granel<\/td>\n<\/tr>\n<\/tbody>\n<\/table>\n<h2>Historia de \u00e9xito: Una combinaci\u00f3n ideal de eficiencia y estilo<\/h2>\n<p>A medida que la empresa de condimentos se disparaba en popularidad, la ineficiencia de almacenamiento causada por sus botellas redondas e inestables se hab\u00eda convertido en un problema. Al cambiar a nuestras botellas cuadradas de 150 ml para salsas, lograron eliminar este problema. Como resultado, el espacio por pal\u00e9 se increment\u00f3 en un 20 %, lo que redujo considerablemente los costos log\u00edsticos. Adem\u00e1s, el dise\u00f1o contempor\u00e1neo se ajust\u00f3 a las preferencias del grupo objetivo, por lo que las ventas aumentaron un 15 % en el primer trimestre tras el lanzamiento del nuevo envase. Posteriormente, el cliente realiz\u00f3 cuatro pedidos consecutivos al por mayor de 100\u00a0000 botellas cada uno, lo que no solo ampli\u00f3 su stock, sino que tambi\u00e9n a\u00f1adi\u00f3 el formato de 250 ml a su nueva l\u00ednea de condimentos.<\/p>\n<h2>Personaliza botellas de vidrio para salsas<\/h2>\n<ul>\n<li><strong>Logotipo impreso:<\/strong> Considere grabar un logotipo en la parte elevada de uno de los paneles planos.<\/li>\n<li><strong>Serigraf\u00eda:<\/strong> Coloque\u200b\u200d\u200b\u200c\u200d\u200b\u200d\u200c\u200b\u200d\u200b\u200c\u200d\u200b\u200d\u200c su obra de arte directamente sobre el frasco para tener una apariencia duradera y de primera clase.<\/li>\n<li><strong>Vidrieras:<\/strong> Utilice vidrio \u00e1mbar o verde si desea almacenar sus salsas sensibles a la luz de la mejor manera y al mismo tiempo tener un aspecto \u00fanico.<\/li>\n<li><strong>Grabado \u00e1cido:<\/strong> Presenta figuras geom\u00e9tricas grabadas al \u00e1cido en tu panel.<\/li>\n<\/ul>\n<p>\u00bfQuieres que tus envases sean m\u00e1s eficientes? En nuestro cat\u00e1logo, contamos con botellas cuadradas para condimentos de diferentes capacidades. Si quieres hacer un pedido de botellas de salsa picante al por mayor, cont\u00e1ctanos para conocer el precio al por mayor y el env\u00edo r\u00e1pido.<\/p>","protected":false},"excerpt":{"rendered":"<p>Botellas cuadradas geom\u00e9tricas para salsas en vidrio transparente, perfectas para salsas picantes o barbacoa. Compre botellas de vidrio para salsas al por mayor a precios atractivos. Muestras gratis.<\/p>","protected":false},"featured_media":2556,"template":"","meta":{"postBodyCss":"","postBodyMargin":[],"postBodyPadding":[],"postBodyBackground":{"backgroundType":"classic","gradient":""}},"product_brand":[],"product_cat":[15,16,54],"product_tag":[98],"class_list":{"0":"post-2552","1":"product","2":"type-product","3":"status-publish","4":"has-post-thumbnail","6":"product_cat-glass-containers","7":"product_cat-glass-bottles","8":"product_cat-hot-sauce-bottles","9":"product_tag-salad-dressing-bottles","11":"first","12":"instock","13":"shipping-taxable","14":"product-type-simple"},"jetpack_sharing_enabled":true,"_links":{"self":[{"href":"https:\/\/minghanggroup.com\/es\/wp-json\/wp\/v2\/product\/2552","targetHints":{"allow":["GET"]}}],"collection":[{"href":"https:\/\/minghanggroup.com\/es\/wp-json\/wp\/v2\/product"}],"about":[{"href":"https:\/\/minghanggroup.com\/es\/wp-json\/wp\/v2\/types\/product"}],"wp:featuredmedia":[{"embeddable":true,"href":"https:\/\/minghanggroup.com\/es\/wp-json\/wp\/v2\/media\/2556"}],"wp:attachment":[{"href":"https:\/\/minghanggroup.com\/es\/wp-json\/wp\/v2\/media?parent=2552"}],"wp:term":[{"taxonomy":"product_brand","embeddable":true,"href":"https:\/\/minghanggroup.com\/es\/wp-json\/wp\/v2\/product_brand?post=2552"},{"taxonomy":"product_cat","embeddable":true,"href":"https:\/\/minghanggroup.com\/es\/wp-json\/wp\/v2\/product_cat?post=2552"},{"taxonomy":"product_tag","embeddable":true,"href":"https:\/\/minghanggroup.com\/es\/wp-json\/wp\/v2\/product_tag?post=2552"}],"curies":[{"name":"wp","href":"https:\/\/api.w.org\/{rel}","templated":true}]}}