{"id":2547,"date":"2025-11-07T11:45:30","date_gmt":"2025-11-07T03:45:30","guid":{"rendered":"https:\/\/minghanggroup.com\/?post_type=product&#038;p=2547"},"modified":"2026-03-02T15:19:54","modified_gmt":"2026-03-02T07:19:54","slug":"250ml-410ml-485ml-transparent-glass-hot-sauce-bottles-wholesale","status":"publish","type":"product","link":"https:\/\/minghanggroup.com\/es\/producto\/250ml-410ml-485ml-transparent-glass-hot-sauce-bottles-wholesale\/","title":{"rendered":"Botellas de salsa picante de vidrio transparente de 250 ml, 410 ml y 485 ml al por mayor"},"content":{"rendered":"<p>Estas botellas de vidrio para salsa picante vienen con un dise\u00f1o delgado y ligeramente c\u00f3nico hecho de vidrio transparente, lo que hace que las botellas se vean elegantes y armoniosas.<\/p>\n<h2>Caracter\u00edsticas del producto<\/h2>\n<ul>\n<li><strong>Elegante dise\u00f1o c\u00f3nico:<\/strong> El dise\u00f1o c\u00f3nico de una sola pieza desde la parte inferior hasta el hombro muestra una textura de primera calidad y, por lo tanto, el producto se vuelve distintivo en el estante.<\/li>\n<li><strong>Material de vidrio transparente:<\/strong> El recipiente de vidrio transparente permite a los consumidores colorear y controlar la cantidad de salsa de chile que contiene y, por lo tanto, tambi\u00e9n facilita la identificaci\u00f3n y el control.<\/li>\n<li><strong>Dise\u00f1o f\u00e1cil de producir:<\/strong> El cuerpo de la botella c\u00f3nica recta es estable en la l\u00ednea de llenado y, por lo tanto, puede ayudar a que la eficiencia del envasado sea mayor.<\/li>\n<\/ul>\n<h2 style=\"text-align: left;\">Especificaciones clave<\/h2>\n<table class=\"aligncenter\" style=\"border-collapse: collapse; width: 490.52pt;\" border=\"0\" width=\"654\" cellspacing=\"0\" cellpadding=\"0\">\n<tbody>\n<tr style=\"height: 13.50pt;\">\n<td style=\"height: 13.50pt; width: 127.50pt;\" width=\"170\" height=\"18\">Caracter\u00edstica<\/td>\n<td style=\"width: 363.00pt;\" width=\"484\">Especificaci\u00f3n<\/td>\n<\/tr>\n<tr style=\"height: 13.50pt;\">\n<td style=\"height: 13.50pt;\" height=\"18\">Capacidades<\/td>\n<td>250 ml \/ 410 ml \/ 485 ml<\/td>\n<\/tr>\n<tr style=\"height: 13.50pt;\">\n<td style=\"height: 13.50pt;\" height=\"18\">Dimensiones (D\u00d7H)<\/td>\n<td>4,4\u00d715,5 cm \/ 6,4\u00d724,4 cm \/ 6,6\u00d726 cm<\/td>\n<\/tr>\n<tr style=\"height: 13.50pt;\">\n<td style=\"height: 13.50pt;\" height=\"18\">Forma<\/td>\n<td>Botella de cerveza negra c\u00f3nica, ligeramente m\u00e1s estrecha en la base<\/td>\n<\/tr>\n<tr style=\"height: 13.50pt;\">\n<td style=\"height: 13.50pt;\" height=\"18\">Material<\/td>\n<td>Vaso de cerveza negra de vidrio transparente, apto para uso alimentario, sin plomo.<\/td>\n<\/tr>\n<tr style=\"height: 13.50pt;\">\n<td style=\"height: 13.50pt;\" height=\"18\">Cierre listo<\/td>\n<td>Funciona con cualquier cierre de rosca, revestimiento o reductor de orificio.<\/td>\n<\/tr>\n<tr style=\"height: 13.50pt;\">\n<td style=\"height: 13.50pt;\" height=\"18\">Mejor para<\/td>\n<td>Salsa picante, salsa de chile, aderezo de tomate.<\/td>\n<\/tr>\n<tr style=\"height: 13.50pt;\">\n<td style=\"height: 13.50pt;\" height=\"18\">Uso ideal<\/td>\n<td>Botellas de salsa picante, botellas de salsa al por mayor<\/td>\n<\/tr>\n<\/tbody>\n<\/table>\n<h2>Historia de \u00e9xito: C\u00f3mo las botellas premium ayudan a las marcas a crecer<\/h2>\n<p>Un fabricante de salsa picante de lotes peque\u00f1os se propuso comercializar sus productos en las mejores tiendas de comestibles, pero carec\u00eda del envase adecuado para ese entorno. Finalmente, se decidieron por nuestras botellas c\u00f3nicas de vidrio de 410 ml para salsa picante, que no solo eran elegantes, sino tambi\u00e9n con clase. La nueva botella gan\u00f3 popularidad r\u00e1pidamente. En seis meses, pueden presumir de un aumento del 40 % en las ventas en el canal premium y han logrado subir los precios un 15 %. La distintiva forma de la botella se convirti\u00f3 en su dise\u00f1o distintivo, lo que les permiti\u00f3 recibir tres grandes pedidos consecutivos. Actualmente, a medida que se aventuran en otros mercados, est\u00e1n experimentando un aumento interanual del 60 % en el volumen de pedidos.<\/p>\n<h2>Sugerencias de personalizaci\u00f3n de botellas<\/h2>\n<ul>\n<li><strong>Color de gorra personalizado:<\/strong> Seleccionar un color espec\u00edfico para la l\u00ednea de productos de la gorra o que coincida con la imagen de su marca puede ayudar a mejorar la visibilidad de su producto.<\/li>\n<li><strong>Marcas capilares en relieve:<\/strong> Coloque la graduaci\u00f3n en relieve en la botella.<\/li>\n<li><strong>Colores degradados serigrafiados:<\/strong> Utilice un color degradado que corresponda a la forma c\u00f3nica de la botella para lograr un dinamismo visual m\u00e1s atractivo.<\/li>\n<li><strong>Forro especial:<\/strong> Cambie el revestimiento de la tapa para adaptarlo a los ingredientes espec\u00edficos.<\/li>\n<\/ul>\n<p>\u00bfQuieres llevar tu negocio de venta al por mayor de botellas de salsa al siguiente nivel? Para conocer el precio al por mayor, cont\u00e1ctanos y descubre c\u00f3mo el dise\u00f1o correcto de la botella puede transformar la imagen de tu marca en los estantes.<\/p>","protected":false},"excerpt":{"rendered":"<p>Botellas de vidrio de alta calidad para salsa picante con un dise\u00f1o delgado y c\u00f3nico. Ideales para peque\u00f1as marcas y restaurantes. Env\u00edo r\u00e1pido y muestras gratis.<\/p>","protected":false},"featured_media":2551,"template":"","meta":{"postBodyCss":"","postBodyMargin":[],"postBodyPadding":[],"postBodyBackground":{"backgroundType":"classic","gradient":""}},"product_brand":[],"product_cat":[15,16,54],"product_tag":[99,98],"class_list":{"0":"post-2547","1":"product","2":"type-product","3":"status-publish","4":"has-post-thumbnail","6":"product_cat-glass-containers","7":"product_cat-glass-bottles","8":"product_cat-hot-sauce-bottles","9":"product_tag-glass-vinegar-bottles","10":"product_tag-salad-dressing-bottles","12":"first","13":"instock","14":"shipping-taxable","15":"product-type-simple"},"jetpack_sharing_enabled":true,"_links":{"self":[{"href":"https:\/\/minghanggroup.com\/es\/wp-json\/wp\/v2\/product\/2547","targetHints":{"allow":["GET"]}}],"collection":[{"href":"https:\/\/minghanggroup.com\/es\/wp-json\/wp\/v2\/product"}],"about":[{"href":"https:\/\/minghanggroup.com\/es\/wp-json\/wp\/v2\/types\/product"}],"wp:featuredmedia":[{"embeddable":true,"href":"https:\/\/minghanggroup.com\/es\/wp-json\/wp\/v2\/media\/2551"}],"wp:attachment":[{"href":"https:\/\/minghanggroup.com\/es\/wp-json\/wp\/v2\/media?parent=2547"}],"wp:term":[{"taxonomy":"product_brand","embeddable":true,"href":"https:\/\/minghanggroup.com\/es\/wp-json\/wp\/v2\/product_brand?post=2547"},{"taxonomy":"product_cat","embeddable":true,"href":"https:\/\/minghanggroup.com\/es\/wp-json\/wp\/v2\/product_cat?post=2547"},{"taxonomy":"product_tag","embeddable":true,"href":"https:\/\/minghanggroup.com\/es\/wp-json\/wp\/v2\/product_tag?post=2547"}],"curies":[{"name":"wp","href":"https:\/\/api.w.org\/{rel}","templated":true}]}}