{"id":2485,"date":"2025-11-06T15:45:10","date_gmt":"2025-11-06T07:45:10","guid":{"rendered":"https:\/\/minghanggroup.com\/?post_type=product&#038;p=2485"},"modified":"2026-01-20T14:13:23","modified_gmt":"2026-01-20T06:13:23","slug":"clear-glass-empty-hot-sauce-bottles-bulk","status":"publish","type":"product","link":"https:\/\/minghanggroup.com\/es\/producto\/clear-glass-empty-hot-sauce-bottles-bulk\/","title":{"rendered":"Botellas vac\u00edas de vidrio transparente para salsa picante de 16 oz a granel"},"content":{"rendered":"<p>Estas botellas vac\u00edas de salsa picante vienen con cuerpos de vidrio transparente con detalles texturizados en el cuello y la base, complementados con tapas doradas. Su dise\u00f1o minimalista pero elegante es perfecto para exhibir la salsa de chile en su interior.<\/p>\n<h2>Caracter\u00edsticas del producto<\/h2>\n<ul>\n<li><strong>Material de vidrio transparente:<\/strong> El cuerpo de vidrio transparente es una excelente manera de mostrar el color de la salsa de chile as\u00ed como la cantidad restante.<\/li>\n<li><strong>Dise\u00f1o de botella texturizada:<\/strong> La textura en el cuello y la parte inferior no solo aporta un poco de detalle sino que tambi\u00e9n mejora la est\u00e9tica del producto y la visibilidad de la marca.<\/li>\n<li><strong>Gran capacidad:<\/strong> Con un tama\u00f1o de 500 ml, puede contener c\u00f3modamente paquetes grandes de salsas regulares y especiales.<\/li>\n<\/ul>\n<h2 style=\"text-align: left;\">Especificaciones clave<\/h2>\n<table class=\"aligncenter\" style=\"border-collapse: collapse; width: 418.52pt;\" border=\"0\" width=\"558\" cellspacing=\"0\" cellpadding=\"0\">\n<tbody>\n<tr style=\"height: 13.50pt;\">\n<td style=\"height: 13.50pt; width: 116.25pt;\" width=\"155\" height=\"18\">Caracter\u00edstica<\/td>\n<td style=\"width: 302.25pt;\" width=\"403\">Especificaci\u00f3n<\/td>\n<\/tr>\n<tr style=\"height: 13.50pt;\">\n<td style=\"height: 13.50pt;\" height=\"18\">Capacidad<\/td>\n<td>500 ml\/16 oz<\/td>\n<\/tr>\n<tr style=\"height: 13.50pt;\">\n<td style=\"height: 13.50pt;\" height=\"18\">Material<\/td>\n<td>Vaso de cerveza negra de vidrio transparente, apto para uso alimentario, sin plomo.<\/td>\n<\/tr>\n<tr style=\"height: 13.50pt;\">\n<td style=\"height: 13.50pt;\" height=\"18\">Detalles de dise\u00f1o<\/td>\n<td>M\u00e1stil y base texturizados; cuerpo liso.<\/td>\n<\/tr>\n<tr style=\"height: 13.50pt;\">\n<td style=\"height: 13.50pt;\" height=\"18\">Cierre listo<\/td>\n<td>Oro, negro, plata, rojo (personalizado)<\/td>\n<\/tr>\n<tr style=\"height: 13.50pt;\">\n<td style=\"height: 13.50pt;\" height=\"18\">Tama\u00f1o del embalaje<\/td>\n<td>23 \u00d7 18 \u00d7 20 cm (apilamiento eficiente)<\/td>\n<\/tr>\n<tr style=\"height: 13.50pt;\">\n<td style=\"height: 13.50pt;\" height=\"18\">Mejor para<\/td>\n<td>Salsa picante, salsa de tomate, aderezo para ensaladas.<\/td>\n<\/tr>\n<tr style=\"height: 13.50pt;\">\n<td style=\"height: 13.50pt;\" height=\"18\">Uso ideal<\/td>\n<td>Botellas de salsa picante a granel, contenedores de salsa picante<\/td>\n<\/tr>\n<\/tbody>\n<\/table>\n<h2>Historia de \u00e9xito: C\u00f3mo las startups logran escalabilidad con botellas de gran capacidad<\/h2>\n<p>Una empresa emergente dedicada a la salsa de chile fabric\u00f3 inicialmente botellas vac\u00edas texturizadas de salsa picante, personalizadas y con su logotipo, para 2000 unidades. En tan solo tres meses, el dise\u00f1o texturizado y el tap\u00f3n dorado les permitieron introducirse con \u00e9xito en 15 mercados locales de alta gama. La excelente acogida de los clientes a esta moderna apariencia impuls\u00f3 un aumento del 80 % en las ventas y del 40 % en las compras recurrentes. Su distribuci\u00f3n no solo se ha ampliado, sino que tambi\u00e9n se han convertido en nuestros clientes habituales, con pedidos trimestrales de 400\u00a0000 unidades y m\u00e1s de 100 tiendas en la regi\u00f3n.<\/p>\n<h2>Sugerencias de personalizaci\u00f3n de botellas<\/h2>\n<ul>\n<li><strong>Colores de gorra personalizados:<\/strong> El color de la gorra puede ser negro, plateado o blanco para coordinar con los colores del logotipo de su marca.<\/li>\n<li><strong>Patrones de serigraf\u00eda:<\/strong> Los patrones se aplican directamente sobre la superficie del vidrio entre las bandas texturizadas para una mejor resistencia al desgaste.<\/li>\n<li><strong>Revestimientos especiales:<\/strong> Cambie los revestimientos de las tapas por otros que se adapten a los ingredientes espec\u00edficos y extiendan la vida \u00fatil del producto.<\/li>\n<li><strong>Opciones de ajuste del pico vertedor:<\/strong> Se pueden utilizar ajustadores de pico vertedor de diferentes tama\u00f1os para controlar el vertido del l\u00edquido.<\/li>\n<\/ul>\n<p>\u00bfQuieres comprar botellas de salsa picante de primera calidad al por mayor? Cont\u00e1ctanos ahora para obtener cotizaciones al por mayor y env\u00edos convenientes.<\/p>","protected":false},"excerpt":{"rendered":"<p>Botellas vac\u00edas premium para salsa picante con tapas met\u00e1licas y dise\u00f1o \u00fanico. Ideales para personalizar tu marca y para venderlas al por mayor. Suministro directo de f\u00e1brica.<\/p>","protected":false},"featured_media":2493,"template":"","meta":{"postBodyCss":"","postBodyMargin":[],"postBodyPadding":[],"postBodyBackground":{"backgroundType":"classic","gradient":""}},"product_brand":[],"product_cat":[15,16,54],"product_tag":[72],"class_list":{"0":"post-2485","1":"product","2":"type-product","3":"status-publish","4":"has-post-thumbnail","6":"product_cat-glass-containers","7":"product_cat-glass-bottles","8":"product_cat-hot-sauce-bottles","9":"product_tag-juice-bottles","11":"first","12":"instock","13":"shipping-taxable","14":"product-type-simple"},"jetpack_sharing_enabled":true,"_links":{"self":[{"href":"https:\/\/minghanggroup.com\/es\/wp-json\/wp\/v2\/product\/2485","targetHints":{"allow":["GET"]}}],"collection":[{"href":"https:\/\/minghanggroup.com\/es\/wp-json\/wp\/v2\/product"}],"about":[{"href":"https:\/\/minghanggroup.com\/es\/wp-json\/wp\/v2\/types\/product"}],"wp:featuredmedia":[{"embeddable":true,"href":"https:\/\/minghanggroup.com\/es\/wp-json\/wp\/v2\/media\/2493"}],"wp:attachment":[{"href":"https:\/\/minghanggroup.com\/es\/wp-json\/wp\/v2\/media?parent=2485"}],"wp:term":[{"taxonomy":"product_brand","embeddable":true,"href":"https:\/\/minghanggroup.com\/es\/wp-json\/wp\/v2\/product_brand?post=2485"},{"taxonomy":"product_cat","embeddable":true,"href":"https:\/\/minghanggroup.com\/es\/wp-json\/wp\/v2\/product_cat?post=2485"},{"taxonomy":"product_tag","embeddable":true,"href":"https:\/\/minghanggroup.com\/es\/wp-json\/wp\/v2\/product_tag?post=2485"}],"curies":[{"name":"wp","href":"https:\/\/api.w.org\/{rel}","templated":true}]}}