{"id":2466,"date":"2025-11-06T15:36:32","date_gmt":"2025-11-06T07:36:32","guid":{"rendered":"https:\/\/minghanggroup.com\/?post_type=product&#038;p=2466"},"modified":"2025-11-14T10:07:09","modified_gmt":"2025-11-14T02:07:09","slug":"glass-spices-jar-with-grinders-bulk","status":"publish","type":"product","link":"https:\/\/minghanggroup.com\/es\/producto\/glass-spices-jar-with-grinders-bulk\/","title":{"rendered":"Tarro de especias de vidrio de 200 ml con molinillos de acero inoxidable"},"content":{"rendered":"<p>No sigas soportando especias mal organizadas que dan la apariencia de desorden a tu cocina. Fabricamos frascos de vidrio de alta calidad que no solo hacen de tu cocina un lugar moderno, sino que tambi\u00e9n mantienen tus especias frescas. No son simples recipientes; son la nueva arma secreta de tu marca para la organizaci\u00f3n de la cocina y el envasado de alimentos.<\/p>\n<h2>Caracter\u00edsticas del producto<\/h2>\n<ol>\n<li><strong>Claridad cristalina:<\/strong>El vidrio altamente transparente le permite ver r\u00e1pidamente sus especias, por lo tanto, ya no tendr\u00e1 que adivinar cu\u00e1ndo es el momento de volver a pedir su frasco de especias.<\/li>\n<li><strong>Molinillo incorporado:<\/strong>La tapa de acero inoxidable con molinillo integrado permite ajustar el grosor de la pimienta negra, la sal marina y otras especias. Es ideal para su cocina.<\/li>\n<li><strong>Dise\u00f1o redondo moderno:<\/strong>La elegante forma redonda con bordes suaves no solo le da el encanto necesario a los contenedores de almacenamiento de su cocina y al frasco de especias, sino que tambi\u00e9n los hace lucir m\u00e1s lujosos.<\/li>\n<\/ol>\n<h2>Especificaciones clave<\/h2>\n<table style=\"border-collapse: collapse; width: 80%; margin-left: auto; margin-right: auto;\" border=\"0\" width=\"144\" cellspacing=\"0\" cellpadding=\"0\">\n<tbody>\n<tr style=\"height: 13.50pt;\">\n<td style=\"height: 13.5pt; width: 54pt; text-align: center;\" width=\"72\" height=\"18\">Caracter\u00edstica<\/td>\n<td style=\"width: 54pt; text-align: center;\" width=\"72\">Especificaci\u00f3n<\/td>\n<\/tr>\n<tr style=\"height: 13.50pt;\">\n<td style=\"height: 13.5pt; text-align: center;\" height=\"18\">Capacidad<\/td>\n<td style=\"text-align: center;\">150 ml 200 ml<\/td>\n<\/tr>\n<tr style=\"height: 13.50pt;\">\n<td style=\"height: 13.5pt; text-align: center;\" height=\"18\">Forma<\/td>\n<td style=\"text-align: center;\">Redondo<\/td>\n<\/tr>\n<tr style=\"height: 13.50pt;\">\n<td style=\"height: 13.5pt; text-align: center;\" height=\"18\">Accesorio<\/td>\n<td style=\"text-align: center;\">Tapa de pulido<\/td>\n<\/tr>\n<tr style=\"height: 13.50pt;\">\n<td style=\"height: 13.5pt; text-align: center;\" height=\"18\">Uso<\/td>\n<td style=\"text-align: center;\">Pimienta negra o sal marina, etc.<\/td>\n<\/tr>\n<\/tbody>\n<\/table>\n<h2>Caso de \u00e9xito<\/h2>\n<p>Una marca gourmet europea nos contact\u00f3 para que les ayud\u00e1ramos a personalizar estos frascos de acero inoxidable y vidrio para especias de alta gama con un molinillo met\u00e1lico. El molinillo met\u00e1lico es ajustable en grosor y muy f\u00e1cil de usar, lo que permite pasar de sal marina gruesa a pimienta fina sin ning\u00fan problema. Para promocionar la marca y su imagen, grabamos con l\u00e1ser su sencillo logotipo geom\u00e9trico en la tapa met\u00e1lica.<\/p>\n<p>Despu\u00e9s del lanzamiento del producto, la empresa experiment\u00f3 un aumento del 50% en las ventas y pudo confirmar su posici\u00f3n como marca premium en el mercado.<\/p>\n<h2>Tus consejos de personalizaci\u00f3n<\/h2>\n<p>Sus frascos de vidrio para especias deben estar a la altura del estilo de su marca. Puede elegir entre dos tipos de tapa de acero inoxidable, cepillada o pulida, o bien, puede personalizarlos con su logotipo grabado a l\u00e1ser o un sutil toque de color. \u00bfDesea una molienda m\u00e1s fina para sal premium y m\u00e1s gruesa para pimientas mezcladas? Podemos personalizar molinillos de cer\u00e1mica a su gusto.<\/p>\n<p>Ya sea que necesite envases de 180 ml para tiendas o de 250 ml para restaurantes, nos aseguramos de que los sellos sean herm\u00e9ticos, la est\u00e9tica elegante y la funcionalidad precisa. Podemos crear una colecci\u00f3n de frascos de vidrio para especias que deleitar\u00e1n a sus clientes.<\/p>","protected":false},"excerpt":{"rendered":"<p>Elegante tarro para especias que combina vidrio y acero inoxidable. Perfecto para moler y almacenar pimienta, sal o hierbas con un toque moderno.<\/p>","protected":false},"featured_media":2468,"template":"","meta":{"postBodyCss":"","postBodyMargin":[],"postBodyPadding":[],"postBodyBackground":{"backgroundType":"classic","gradient":""}},"product_brand":[],"product_cat":[15,17,53],"product_tag":[],"class_list":{"0":"post-2466","1":"product","2":"type-product","3":"status-publish","4":"has-post-thumbnail","6":"product_cat-glass-containers","7":"product_cat-glass-jars","8":"product_cat-spice-jars","10":"first","11":"instock","12":"shipping-taxable","13":"product-type-simple"},"jetpack_sharing_enabled":true,"_links":{"self":[{"href":"https:\/\/minghanggroup.com\/es\/wp-json\/wp\/v2\/product\/2466","targetHints":{"allow":["GET"]}}],"collection":[{"href":"https:\/\/minghanggroup.com\/es\/wp-json\/wp\/v2\/product"}],"about":[{"href":"https:\/\/minghanggroup.com\/es\/wp-json\/wp\/v2\/types\/product"}],"wp:featuredmedia":[{"embeddable":true,"href":"https:\/\/minghanggroup.com\/es\/wp-json\/wp\/v2\/media\/2468"}],"wp:attachment":[{"href":"https:\/\/minghanggroup.com\/es\/wp-json\/wp\/v2\/media?parent=2466"}],"wp:term":[{"taxonomy":"product_brand","embeddable":true,"href":"https:\/\/minghanggroup.com\/es\/wp-json\/wp\/v2\/product_brand?post=2466"},{"taxonomy":"product_cat","embeddable":true,"href":"https:\/\/minghanggroup.com\/es\/wp-json\/wp\/v2\/product_cat?post=2466"},{"taxonomy":"product_tag","embeddable":true,"href":"https:\/\/minghanggroup.com\/es\/wp-json\/wp\/v2\/product_tag?post=2466"}],"curies":[{"name":"wp","href":"https:\/\/api.w.org\/{rel}","templated":true}]}}