{"id":2456,"date":"2025-11-06T14:39:39","date_gmt":"2025-11-06T06:39:39","guid":{"rendered":"https:\/\/minghanggroup.com\/?post_type=product&#038;p=2456"},"modified":"2025-11-14T10:07:16","modified_gmt":"2025-11-14T02:07:16","slug":"airtight-spice-jars-glass-kitchenware-bulk","status":"publish","type":"product","link":"https:\/\/minghanggroup.com\/es\/producto\/airtight-spice-jars-glass-kitchenware-bulk\/","title":{"rendered":"Frascos herm\u00e9ticos para especias de 100 ml con tapa de acero inoxidable (a granel)"},"content":{"rendered":"<p>Olv\u00eddate del desorden que hace que tu cocina luzca ca\u00f3tica. Creamos frascos herm\u00e9ticos de primera calidad que transforman tu cocina en un espacio elegante y mantienen tus especias frescas. No son solo recipientes, son la nueva arma secreta de tu marca para la organizaci\u00f3n de la cocina y el envasado de alimentos.<\/p>\n<h2>Caracter\u00edsticas del producto<\/h2>\n<ol>\n<li><strong>Claro como el cristal:<\/strong>El recipiente de vidrio con excelente transparencia le permite controlar visualmente las especias, por lo que ya no tendr\u00e1 que adivinar cu\u00e1ndo rellenarlo.<\/li>\n<li><strong>Sellado herm\u00e9ticamente:<\/strong>El sello del borde superior de metal hecho con la tapa de acero inoxidable viene con una instalaci\u00f3n de sellado herm\u00e9tico que mantiene las especias frescas y al mismo tiempo tambi\u00e9n evita que la humedad da\u00f1e su contenedor de almacenamiento de especias.<\/li>\n<li><strong>Tapa interior multifuncional:<\/strong>La tapa herm\u00e9tica del frasco de especias tambi\u00e9n est\u00e1 equipada con un rociador multifuncional, con orificios m\u00e1s grandes para granos de pimienta m\u00e1s grandes y orificios m\u00e1s peque\u00f1os para polvos m\u00e1s peque\u00f1os.<\/li>\n<\/ol>\n<h2>Especificaciones clave<\/h2>\n<table style=\"border-collapse: collapse; width: 80%; margin-left: auto; margin-right: auto;\" border=\"0\" width=\"144\" cellspacing=\"0\" cellpadding=\"0\">\n<tbody>\n<tr style=\"height: 13.50pt;\">\n<td style=\"height: 13.5pt; width: 54pt; text-align: center;\" width=\"72\" height=\"18\">Caracter\u00edstica<\/td>\n<td style=\"width: 54pt; text-align: center;\" width=\"72\">Especificaci\u00f3n<\/td>\n<\/tr>\n<tr style=\"height: 13.50pt;\">\n<td style=\"height: 13.5pt; text-align: center;\" height=\"18\">Capacidad<\/td>\n<td style=\"text-align: center;\">100 ml<\/td>\n<\/tr>\n<tr style=\"height: 13.50pt;\">\n<td style=\"height: 13.5pt; text-align: center;\" height=\"18\">Tama\u00f1o<\/td>\n<td style=\"text-align: center;\">4,3 * 9,4 cm<\/td>\n<\/tr>\n<tr style=\"height: 13.50pt;\">\n<td style=\"height: 13.5pt; text-align: center;\" height=\"18\">Forma<\/td>\n<td style=\"text-align: center;\">Cilindro<\/td>\n<\/tr>\n<tr style=\"height: 13.50pt;\">\n<td style=\"height: 13.5pt; text-align: center;\" height=\"18\">Color<\/td>\n<td style=\"text-align: center;\">Claro o personalizado<\/td>\n<\/tr>\n<\/tbody>\n<\/table>\n<h2>Caso de \u00e9xito<\/h2>\n<p>Una marca alemana de especias nos contact\u00f3 para crear una serie personalizada de frascos herm\u00e9ticos para especias como envase exclusivo para su nuevo producto. La est\u00e9tica del producto se basa en vidrio transparente combinado con una tapa de acero inoxidable cepillado, logrando as\u00ed un estilo minimalista pero elegante. Para dar visibilidad a la marca, grabamos el logotipo de la marca en la tapa y a\u00f1adimos una etiqueta desprendible al recipiente para especias, facilitando su identificaci\u00f3n en los sectores minorista y de restauraci\u00f3n.<\/p>\n<p>Tan solo 3 meses despu\u00e9s del lanzamiento del nuevo producto, las ventas offline de la marca han aumentado un 28% y se ha convertido en una marca l\u00edder en ventas en varios supermercados de lujo.<\/p>\n<h2>Tus consejos de personalizaci\u00f3n<\/h2>\n<p>Tus frascos herm\u00e9ticos para especias deben ser tan sofisticados como tus platos, y los combinaremos con la claridad de vidrio que prefieras: perfectamente transparente para especias de colores o mate si buscas un estilo minimalista en tu cocina. A\u00f1ade un logotipo de marca grabado a l\u00e1ser o una etiqueta impresa para llevar tu identidad de marca al siguiente nivel. \u00bfNecesitas diferentes tama\u00f1os para una l\u00ednea de productos o un estante de tienda? Haremos cambios de volumen, empaque y etiquetado para ofrecerte la colecci\u00f3n de recipientes para almacenar especias que mejor se adapte a tu marca y con la que seas m\u00e1s consistente.<\/p>","protected":false},"excerpt":{"rendered":"<p>Mant\u00e9n tus hierbas y condimentos frescos con nuestros frascos herm\u00e9ticos para especias. Estos recipientes de vidrio para almacenar especias cuentan con elegantes tapas de acero para una cocina moderna y organizada.<\/p>","protected":false},"featured_media":2462,"template":"","meta":{"postBodyCss":"","postBodyMargin":[],"postBodyPadding":[],"postBodyBackground":{"backgroundType":"classic","gradient":""}},"product_brand":[],"product_cat":[15,17,53],"product_tag":[],"class_list":{"0":"post-2456","1":"product","2":"type-product","3":"status-publish","4":"has-post-thumbnail","6":"product_cat-glass-containers","7":"product_cat-glass-jars","8":"product_cat-spice-jars","10":"first","11":"instock","12":"shipping-taxable","13":"product-type-simple"},"jetpack_sharing_enabled":true,"_links":{"self":[{"href":"https:\/\/minghanggroup.com\/es\/wp-json\/wp\/v2\/product\/2456","targetHints":{"allow":["GET"]}}],"collection":[{"href":"https:\/\/minghanggroup.com\/es\/wp-json\/wp\/v2\/product"}],"about":[{"href":"https:\/\/minghanggroup.com\/es\/wp-json\/wp\/v2\/types\/product"}],"wp:featuredmedia":[{"embeddable":true,"href":"https:\/\/minghanggroup.com\/es\/wp-json\/wp\/v2\/media\/2462"}],"wp:attachment":[{"href":"https:\/\/minghanggroup.com\/es\/wp-json\/wp\/v2\/media?parent=2456"}],"wp:term":[{"taxonomy":"product_brand","embeddable":true,"href":"https:\/\/minghanggroup.com\/es\/wp-json\/wp\/v2\/product_brand?post=2456"},{"taxonomy":"product_cat","embeddable":true,"href":"https:\/\/minghanggroup.com\/es\/wp-json\/wp\/v2\/product_cat?post=2456"},{"taxonomy":"product_tag","embeddable":true,"href":"https:\/\/minghanggroup.com\/es\/wp-json\/wp\/v2\/product_tag?post=2456"}],"curies":[{"name":"wp","href":"https:\/\/api.w.org\/{rel}","templated":true}]}}