{"id":2455,"date":"2025-11-06T13:25:27","date_gmt":"2025-11-06T05:25:27","guid":{"rendered":"https:\/\/minghanggroup.com\/?post_type=product&#038;p=2455"},"modified":"2026-03-02T15:18:34","modified_gmt":"2026-03-02T07:18:34","slug":"bulk-glass-8-oz-hot-sauce-bottles-for-canning","status":"publish","type":"product","link":"https:\/\/minghanggroup.com\/es\/producto\/bulk-glass-8-oz-hot-sauce-bottles-for-canning\/","title":{"rendered":"Botellas de vidrio a granel de 8 oz para salsa picante para enlatar"},"content":{"rendered":"<p>Estas botellas de salsa picante de 8 oz est\u00e1n hechas de vidrio transparente y tienen una forma c\u00f3nica elegante y una tapa roja, modesta pero \u00fanica, que refleja el delicioso sabor de la salsa en el interior de la manera m\u00e1s perfecta.<\/p>\n<h2>Caracter\u00edsticas del producto<\/h2>\n<ul>\n<li><strong>Dise\u00f1o de agarre seguro:<\/strong> El dise\u00f1o c\u00f3nico ergon\u00f3mico ofrece un agarre c\u00f3modo que adem\u00e1s es antideslizante, por lo que el usuario puede verter y transportar sin ninguna dificultad.<\/li>\n<li><strong>Bueno para procesamiento a alta temperatura:<\/strong> La botella de vidrio es lo suficientemente resistente para ser utilizada para embotellar a altas temperaturas y al mismo tiempo puede ser un buen ambientador del producto.<\/li>\n<li><strong>Hermosa mirada:<\/strong> El tap\u00f3n de rosca de color rojo brillante le da al producto una apariencia \u00fanica en un mercado abarrotado.<\/li>\n<\/ul>\n<h2 style=\"text-align: left;\">Especificaciones clave<\/h2>\n<table class=\"aligncenter\" style=\"border-collapse: collapse; width: 462.77pt;\" border=\"0\" width=\"617\" cellspacing=\"0\" cellpadding=\"0\">\n<tbody>\n<tr style=\"height: 13.50pt;\">\n<td style=\"height: 13.50pt; width: 116.25pt;\" width=\"155\" height=\"18\">Caracter\u00edstica<\/td>\n<td style=\"width: 346.50pt;\" width=\"462\">Especificaci\u00f3n<\/td>\n<\/tr>\n<tr style=\"height: 13.50pt;\">\n<td style=\"height: 13.50pt;\" height=\"18\">Capacidad<\/td>\n<td>250 ml (8 onzas)<\/td>\n<\/tr>\n<tr style=\"height: 13.50pt;\">\n<td style=\"height: 13.50pt;\" height=\"18\">Forma<\/td>\n<td>Cl\u00e1sico vestido de copa con cintura c\u00f3nica<\/td>\n<\/tr>\n<tr style=\"height: 13.50pt;\">\n<td style=\"height: 13.50pt;\" height=\"18\">Material<\/td>\n<td>Vaso de cerveza negra de vidrio transparente, apto para uso alimentario, sin plomo.<\/td>\n<\/tr>\n<tr style=\"height: 13.50pt;\">\n<td style=\"height: 13.50pt;\" height=\"18\">Cierre listo<\/td>\n<td>tapas negras, doradas, rojas o met\u00e1licas<\/td>\n<\/tr>\n<tr style=\"height: 13.50pt;\">\n<td style=\"height: 13.50pt;\" height=\"18\">Tama\u00f1o del embalaje<\/td>\n<td>15 \u00d7 17 \u00d7 30 cm<\/td>\n<\/tr>\n<tr style=\"height: 13.50pt;\">\n<td style=\"height: 13.50pt;\" height=\"18\">Mejor para<\/td>\n<td>Salsa picante, salsa de chile, condimento, bebidas, jugos.<\/td>\n<\/tr>\n<tr style=\"height: 13.50pt;\">\n<td style=\"height: 13.50pt;\" height=\"18\">Uso ideal<\/td>\n<td>Botellas de salsa picante para enlatar, botellas de condimentos a granel,<\/td>\n<\/tr>\n<\/tbody>\n<\/table>\n<h2>Historia de \u00e9xito: De una startup local a una distribuci\u00f3n nacional<\/h2>\n<p>La empresa de salsa picante de lotes peque\u00f1os ha utilizado esta botella de 8 onzas para toda su l\u00ednea de productos. Su excelente estabilidad t\u00e9rmica es la principal raz\u00f3n por la que la eligi\u00f3 para el proceso de embotellado de salsa picante, lo que ha reducido los problemas de producci\u00f3n en un 30 %. El concepto distintivo de la botella les permiti\u00f3 estar presentes en m\u00e1s de 200 tiendas en tan solo seis meses. Tras un crecimiento del 45 % en las ventas en l\u00ednea gracias al empaque de lujo, lograron mantener vol\u00famenes de pedidos trimestrales superiores a 150\u00a0000 unidades durante tres a\u00f1os consecutivos, expandi\u00e9ndose as\u00ed al mercado nacional.<\/p>\n<h2>Sugerencias de personalizaci\u00f3n de botellas<\/h2>\n<ul>\n<li><strong>Colores de gorra personalizados:<\/strong> Opciones en tonos negros, blancos o met\u00e1licos para combinar perfecta o parcialmente con el color de su marca.<\/li>\n<li><strong>Opciones de vidrio coloreado:<\/strong> El vidrio \u00e1mbar o verde ser\u00eda perfecto para productos sensibles a la luz, ayudando as\u00ed a elevar el posicionamiento del producto.<\/li>\n<li><strong>Superficie esmerilada:<\/strong> El acabado transparente grabado al \u00e1cido es una textura mate que mejora tanto la apariencia como el agarre del usuario.<\/li>\n<li><strong>Patrones de vidrio texturizado:<\/strong> La textura de la superficie ayuda a un manejo m\u00e1s suave proporcionando un mejor agarre de los contornos de la botella.<\/li>\n<\/ul>\n<p>\u00bfListo para llevar tus envases al siguiente nivel con estas botellas multiusos de 8 oz para salsa picante? \u00a1Precios de mayoreo, pedidos f\u00e1ciles y env\u00edo r\u00e1pido! \u00a1Cont\u00e1ctanos hoy mismo!<\/p>","protected":false},"excerpt":{"rendered":"<p>Elegantes botellas de salsa picante de 237 ml con un dise\u00f1o \u00fanico. Ideales para enlatar, pedidos al por mayor, personalizar, entrega r\u00e1pida y opciones de muestra gratis.<\/p>","protected":false},"featured_media":2457,"template":"","meta":{"postBodyCss":"","postBodyMargin":[],"postBodyPadding":[],"postBodyBackground":{"backgroundType":"classic","gradient":""}},"product_brand":[],"product_cat":[15,16,54],"product_tag":[99,72,98],"class_list":{"0":"post-2455","1":"product","2":"type-product","3":"status-publish","4":"has-post-thumbnail","6":"product_cat-glass-containers","7":"product_cat-glass-bottles","8":"product_cat-hot-sauce-bottles","9":"product_tag-glass-vinegar-bottles","10":"product_tag-juice-bottles","11":"product_tag-salad-dressing-bottles","13":"first","14":"instock","15":"shipping-taxable","16":"product-type-simple"},"jetpack_sharing_enabled":true,"_links":{"self":[{"href":"https:\/\/minghanggroup.com\/es\/wp-json\/wp\/v2\/product\/2455","targetHints":{"allow":["GET"]}}],"collection":[{"href":"https:\/\/minghanggroup.com\/es\/wp-json\/wp\/v2\/product"}],"about":[{"href":"https:\/\/minghanggroup.com\/es\/wp-json\/wp\/v2\/types\/product"}],"wp:featuredmedia":[{"embeddable":true,"href":"https:\/\/minghanggroup.com\/es\/wp-json\/wp\/v2\/media\/2457"}],"wp:attachment":[{"href":"https:\/\/minghanggroup.com\/es\/wp-json\/wp\/v2\/media?parent=2455"}],"wp:term":[{"taxonomy":"product_brand","embeddable":true,"href":"https:\/\/minghanggroup.com\/es\/wp-json\/wp\/v2\/product_brand?post=2455"},{"taxonomy":"product_cat","embeddable":true,"href":"https:\/\/minghanggroup.com\/es\/wp-json\/wp\/v2\/product_cat?post=2455"},{"taxonomy":"product_tag","embeddable":true,"href":"https:\/\/minghanggroup.com\/es\/wp-json\/wp\/v2\/product_tag?post=2455"}],"curies":[{"name":"wp","href":"https:\/\/api.w.org\/{rel}","templated":true}]}}