{"id":2446,"date":"2025-11-06T11:38:16","date_gmt":"2025-11-06T03:38:16","guid":{"rendered":"https:\/\/minghanggroup.com\/?post_type=product&#038;p=2446"},"modified":"2026-03-02T15:19:36","modified_gmt":"2026-03-02T07:19:36","slug":"wholesale-transparent-glass-sauce-container-with-lids","status":"publish","type":"product","link":"https:\/\/minghanggroup.com\/es\/producto\/wholesale-transparent-glass-sauce-container-with-lids\/","title":{"rendered":"Recipiente de salsa de vidrio transparente con tapas, 250 ml y 350 ml, venta al por mayor"},"content":{"rendered":"<p>El vidrio de estos recipientes para salsa es transparente, con una estructura ancha y un cuello peque\u00f1o, lo que permite apreciar claramente el intenso color rojo de la salsa. Sus dos tama\u00f1os ofrecen diversas opciones para diferentes situaciones de consumo.<\/p>\n<h2>Caracter\u00edsticas del producto<\/h2>\n<ul>\n<li>Transparencia \u00f3ptima: El envase transparente con su dise\u00f1o minimalista transmite visualmente la calidad y pureza del producto en cuesti\u00f3n de segundos, por lo que la confianza del consumidor se genera r\u00e1pidamente.<\/li>\n<li>Dise\u00f1o de botella f\u00e1cil de fabricar: El dise\u00f1o de botella s\u00f3lido y estable es capaz de manejar operaciones incluso en l\u00edneas de llenado de alta velocidad sin la necesidad de interrupciones debido a la asistencia.<\/li>\n<li>Opciones de capacidad dual: Las dos opciones volum\u00e9tricas de 250 ml y 350 ml est\u00e1n disponibles, por lo tanto, son las que mejor se adaptan a sus estrategias de dispensaci\u00f3n y precios de productos.<\/li>\n<\/ul>\n<h2 style=\"text-align: left;\">Especificaciones clave<\/h2>\n<table class=\"aligncenter\" style=\"border-collapse: collapse; width: 441.77pt;\" border=\"0\" width=\"589\" cellspacing=\"0\" cellpadding=\"0\">\n<tbody>\n<tr style=\"height: 13.50pt;\">\n<td style=\"height: 13.50pt; width: 125.25pt;\" width=\"167\" height=\"18\">Caracter\u00edstica<\/td>\n<td style=\"width: 316.50pt;\" width=\"422\">Especificaci\u00f3n<\/td>\n<\/tr>\n<tr style=\"height: 13.50pt;\">\n<td style=\"height: 13.50pt;\" height=\"18\">Capacidades<\/td>\n<td>250 ml\/8 oz (6,8 \u00d7 16,7 cm), 350 ml\/12 oz (6,2 \u00d7 15,4 cm)<\/td>\n<\/tr>\n<tr style=\"height: 13.50pt;\">\n<td style=\"height: 13.50pt;\" height=\"18\">Forma<\/td>\n<td>Botella de vidrio redonda cil\u00edndrica recta<\/td>\n<\/tr>\n<tr style=\"height: 13.50pt;\">\n<td style=\"height: 13.50pt;\" height=\"18\">Material<\/td>\n<td>Vaso de cerveza negra de vidrio transparente, apto para uso alimentario, sin plomo.<\/td>\n<\/tr>\n<tr style=\"height: 13.50pt;\">\n<td style=\"height: 13.50pt;\" height=\"18\">Opciones de cierre<\/td>\n<td>Tap\u00f3n de rosca en color negro o blanco (personalizable)<\/td>\n<\/tr>\n<tr style=\"height: 13.50pt;\">\n<td style=\"height: 13.50pt;\" height=\"18\">Mejor para<\/td>\n<td>Salsa picante, salsa de chile, ketchup, aderezo para ensaladas<\/td>\n<\/tr>\n<tr style=\"height: 13.50pt;\">\n<td style=\"height: 13.50pt;\" height=\"18\">Uso ideal<\/td>\n<td>Contenedores de salsa al por mayor, botellas de salsa de vidrio<\/td>\n<\/tr>\n<\/tbody>\n<\/table>\n<h2>Casos de \u00e9xito: C\u00f3mo el embalaje adecuado conduce a un aumento de las ventas minoristas<\/h2>\n<p>El fabricante de alimentos especializados opt\u00f3 por nuestras botellas de vidrio de 350 ml para salsas, su producto estrella, la salsa picante. La transparencia de la botella revel\u00f3 r\u00e1pidamente la alta calidad del producto. En tan solo seis meses, sus ventas minoristas aumentaron un 25 % y un restaurante de barbacoa redujo sus desperdicios en un 33 %, gracias al control del volumen de vertido (mediante un limitador de flujo). El cliente coment\u00f3 que el rendimiento y la durabilidad de la botella han contribuido a su satisfacci\u00f3n, por lo que ha reordenado m\u00e1s de 100\u00a0000 botellas cada trimestre durante los \u00faltimos dos a\u00f1os.<\/p>\n<h2>Sugerencias de personalizaci\u00f3n de botellas<\/h2>\n<ul>\n<li><strong>Opciones de vidrieras:<\/strong> Adem\u00e1s de brindar protecci\u00f3n contra la luz, utilice vidrio \u00e1mbar o azul para lograr un aspecto moderno y cl\u00e1sico.<\/li>\n<li><strong>Colores de gorra personalizados:<\/strong> Una gorra blanca, plateada o de un color personalizado que combina perfectamente con el tono de tu marca.<\/li>\n<li><strong>Logotipo impreso:<\/strong> H\u00e1galo m\u00e1s \u00fanico y reconocible grabando su logotipo directamente en la superficie del vidrio.<\/li>\n<\/ul>\n<p>\u00bfTe interesa llevar tu salsa al siguiente nivel? Estos recipientes de vidrio para salsa est\u00e1n listos para la venta y su entrega es r\u00e1pida. Cont\u00e1ctanos hoy mismo para conocer los precios al por mayor y c\u00f3mo podemos ayudar a que tu marca destaque.<\/p>","protected":false},"excerpt":{"rendered":"<p>Elegantes botellas de vidrio para salsas, ideales para chili, barbacoa o condimentos. Ideales para restaurantes y f\u00e1bricas de alimentos. Muestras gratuitas y env\u00edo r\u00e1pido.<\/p>","protected":false},"featured_media":2447,"template":"","meta":{"postBodyCss":"","postBodyMargin":[],"postBodyPadding":[],"postBodyBackground":{"backgroundType":"classic","gradient":""}},"product_brand":[],"product_cat":[15,16,54],"product_tag":[72,98],"class_list":{"0":"post-2446","1":"product","2":"type-product","3":"status-publish","4":"has-post-thumbnail","6":"product_cat-glass-containers","7":"product_cat-glass-bottles","8":"product_cat-hot-sauce-bottles","9":"product_tag-juice-bottles","10":"product_tag-salad-dressing-bottles","12":"first","13":"instock","14":"shipping-taxable","15":"product-type-simple"},"jetpack_sharing_enabled":true,"_links":{"self":[{"href":"https:\/\/minghanggroup.com\/es\/wp-json\/wp\/v2\/product\/2446","targetHints":{"allow":["GET"]}}],"collection":[{"href":"https:\/\/minghanggroup.com\/es\/wp-json\/wp\/v2\/product"}],"about":[{"href":"https:\/\/minghanggroup.com\/es\/wp-json\/wp\/v2\/types\/product"}],"wp:featuredmedia":[{"embeddable":true,"href":"https:\/\/minghanggroup.com\/es\/wp-json\/wp\/v2\/media\/2447"}],"wp:attachment":[{"href":"https:\/\/minghanggroup.com\/es\/wp-json\/wp\/v2\/media?parent=2446"}],"wp:term":[{"taxonomy":"product_brand","embeddable":true,"href":"https:\/\/minghanggroup.com\/es\/wp-json\/wp\/v2\/product_brand?post=2446"},{"taxonomy":"product_cat","embeddable":true,"href":"https:\/\/minghanggroup.com\/es\/wp-json\/wp\/v2\/product_cat?post=2446"},{"taxonomy":"product_tag","embeddable":true,"href":"https:\/\/minghanggroup.com\/es\/wp-json\/wp\/v2\/product_tag?post=2446"}],"curies":[{"name":"wp","href":"https:\/\/api.w.org\/{rel}","templated":true}]}}