{"id":2443,"date":"2025-11-06T13:23:48","date_gmt":"2025-11-06T05:23:48","guid":{"rendered":"https:\/\/minghanggroup.com\/?post_type=product&#038;p=2443"},"modified":"2025-11-14T10:07:27","modified_gmt":"2025-11-14T02:07:27","slug":"seasoning-bottles-spices-container-wholesale","status":"publish","type":"product","link":"https:\/\/minghanggroup.com\/es\/producto\/seasoning-bottles-spices-container-wholesale\/","title":{"rendered":"Botellas de condimentos de vidrio de 50 ml con tapa colorida para almacenamiento en la cocina"},"content":{"rendered":"<p>No dejes que los frascos de condimentos desordenados que hacen que tu cocina se vea desorganizada se conviertan en un problema. Fabricamos contenedores de especias de alta calidad que no solo mantienen tus especias frescas, sino que tambi\u00e9n hacen de tu cocina un lugar moderno. No son solo contenedores, sino la nueva arma secreta de tu marca para la organizaci\u00f3n de la cocina y el envasado de alimentos.<\/p>\n<h2>Caracter\u00edsticas del producto<\/h2>\n<ol>\n<li><strong>Dise\u00f1o de agarre texturizado:<\/strong>El patr\u00f3n de cuadr\u00edcula en la superficie de vidrio proporciona un agarre c\u00f3modo y agrega un toque moderno al almacenamiento de su cocina.<\/li>\n<li><strong>Opciones coloridas:<\/strong>Para las tapas de sus botellas de vidrio para condimentos, puede usar colores rojo, negro, blanco, amarillo o verde para combinar con su marca y as\u00ed crear una apariencia cohesiva.<\/li>\n<li><strong>Claridad cristalina:<\/strong>Con la ayuda del vidrio transparente, puede echar un vistazo r\u00e1pido a sus niveles de especias y, por lo tanto, sabr\u00e1 exactamente cu\u00e1ndo es el momento de volver a realizar el pedido.<\/li>\n<\/ol>\n<h2>Especificaciones clave<\/h2>\n<table style=\"border-collapse: collapse; width: 80%; margin-left: auto; margin-right: auto;\" border=\"0\" width=\"144\" cellspacing=\"0\" cellpadding=\"0\">\n<tbody>\n<tr style=\"height: 13.50pt;\">\n<td style=\"height: 13.5pt; width: 54pt; text-align: center;\" width=\"72\" height=\"18\">Caracter\u00edstica<\/td>\n<td style=\"width: 54pt; text-align: center;\" width=\"72\">Especificaci\u00f3n<\/td>\n<\/tr>\n<tr style=\"height: 13.50pt;\">\n<td style=\"height: 13.5pt; text-align: center;\" height=\"18\">Capacidad<\/td>\n<td style=\"text-align: center;\">50 ml<\/td>\n<\/tr>\n<tr style=\"height: 13.50pt;\">\n<td style=\"height: 13.5pt; text-align: center;\" height=\"18\">Tama\u00f1o<\/td>\n<td style=\"text-align: center;\">3,9 * 8,3 cm<\/td>\n<\/tr>\n<tr style=\"height: 13.50pt;\">\n<td style=\"height: 13.5pt; text-align: center;\" height=\"18\">Opciones de tapa<\/td>\n<td style=\"text-align: center;\">Pl\u00e1stico, metal, bamb\u00fa<\/td>\n<\/tr>\n<tr style=\"height: 13.50pt;\">\n<td style=\"height: 13.5pt; text-align: center;\" height=\"18\">Forma<\/td>\n<td style=\"text-align: center;\">Cilindro<\/td>\n<\/tr>\n<tr style=\"height: 13.50pt;\">\n<td style=\"height: 13.5pt; text-align: center;\" height=\"18\">Adecuado para<\/td>\n<td style=\"text-align: center;\">Restaurantes, Caf\u00e9s, Supermercados, etc.<\/td>\n<\/tr>\n<\/tbody>\n<\/table>\n<h2>Caso de \u00e9xito<\/h2>\n<p>Nuestro\u200b\u200d\u200b\u200c\u200d\u200b\u200d\u200c\u200b\u200d\u200b\u200c\u200d\u200b\u200d\u200c cliente, un proveedor de especias sudamericano, se comunic\u00f3 con nosotros para codificar por colores estas botellas de condimentos de vidrio utilizando tapas de diferentes colores (rojo para chile en polvo, amarillo para c\u00farcuma y verde para hierbas) para que los usuarios puedan encontrar r\u00e1pidamente lo que necesitan.<\/p>\n<p>Su contenedor de especias innovador y duradero ha incrementado sus ventas de especias en un 40% en solo tres meses.<\/p>\n<h2>Tus consejos de personalizaci\u00f3n<\/h2>\n<p>Si desea crear un especiero visualmente m\u00e1s n\u00edtido con este recipiente de vidrio, le sugerimos personalizar los colores de la tapa para que coincidan con las diferentes especias, como rojo para chile y verde para hierbas, etc. Adem\u00e1s, puede poner la identidad de su marca y ser el primero en reconocerla con etiquetas serigrafiadas o en relieve. Adem\u00e1s, considere la posibilidad de que sus clientes seleccionen los orificios de diferentes tama\u00f1os en la parte superior del agitador para usar con polvos finos o condimentos m\u00e1s gruesos, de modo que tengan un dise\u00f1o atractivo que tambi\u00e9n sea pr\u00e1ctico y conveniente para el uso diario en la cocina.<\/p>","protected":false},"excerpt":{"rendered":"<p>Botellas de vidrio para condimentos, brillantes y pr\u00e1cticas, con tapas de colores. Ideales para guardar sal, pimienta o hierbas, ideales para cocinas y restaurantes.<\/p>","protected":false},"featured_media":2444,"template":"","meta":{"postBodyCss":"","postBodyMargin":[],"postBodyPadding":[],"postBodyBackground":{"backgroundType":"classic","gradient":""}},"product_brand":[],"product_cat":[15,17,53],"product_tag":[],"class_list":{"0":"post-2443","1":"product","2":"type-product","3":"status-publish","4":"has-post-thumbnail","6":"product_cat-glass-containers","7":"product_cat-glass-jars","8":"product_cat-spice-jars","10":"first","11":"instock","12":"shipping-taxable","13":"product-type-simple"},"jetpack_sharing_enabled":true,"_links":{"self":[{"href":"https:\/\/minghanggroup.com\/es\/wp-json\/wp\/v2\/product\/2443","targetHints":{"allow":["GET"]}}],"collection":[{"href":"https:\/\/minghanggroup.com\/es\/wp-json\/wp\/v2\/product"}],"about":[{"href":"https:\/\/minghanggroup.com\/es\/wp-json\/wp\/v2\/types\/product"}],"wp:featuredmedia":[{"embeddable":true,"href":"https:\/\/minghanggroup.com\/es\/wp-json\/wp\/v2\/media\/2444"}],"wp:attachment":[{"href":"https:\/\/minghanggroup.com\/es\/wp-json\/wp\/v2\/media?parent=2443"}],"wp:term":[{"taxonomy":"product_brand","embeddable":true,"href":"https:\/\/minghanggroup.com\/es\/wp-json\/wp\/v2\/product_brand?post=2443"},{"taxonomy":"product_cat","embeddable":true,"href":"https:\/\/minghanggroup.com\/es\/wp-json\/wp\/v2\/product_cat?post=2443"},{"taxonomy":"product_tag","embeddable":true,"href":"https:\/\/minghanggroup.com\/es\/wp-json\/wp\/v2\/product_tag?post=2443"}],"curies":[{"name":"wp","href":"https:\/\/api.w.org\/{rel}","templated":true}]}}