{"id":2438,"date":"2025-11-06T11:13:23","date_gmt":"2025-11-06T03:13:23","guid":{"rendered":"https:\/\/minghanggroup.com\/?post_type=product&#038;p=2438"},"modified":"2025-11-14T10:07:34","modified_gmt":"2025-11-14T02:07:34","slug":"stainless-steel-seasoning-shakers-bulk-glass-jars-factory","status":"publish","type":"product","link":"https:\/\/minghanggroup.com\/es\/producto\/stainless-steel-seasoning-shakers-bulk-glass-jars-factory\/","title":{"rendered":"Condimentadores de acero inoxidable de 3 oz para organizar la cocina"},"content":{"rendered":"<p>Olv\u00eddate del desorden que hace que tu cocina luzca ca\u00f3tica. Creamos sazonadores premium que transforman tu cocina en un espacio elegante y mantienen tus especias frescas. No son solo recipientes, son la nueva arma secreta de tu marca para la organizaci\u00f3n de la cocina y el envasado de alimentos.<\/p>\n<h2>Caracter\u00edsticas del producto<\/h2>\n<ol>\n<li><strong>Porci\u00f3n de vidrio transparente:<\/strong>La parte de vidrio en el centro del agitador de condimentos le permite ver sus especias sin abrir el frasco, sin tener que adivinar cu\u00e1ndo es el momento de volver a pedirlas.<\/li>\n<li><strong>Tapa de agitador variable:<\/strong>Gestione el flujo de especias con diversos orificios peque\u00f1os en la tapa para sal, pimienta y hierbas, ideales para las botellas de especias de su cocina.<\/li>\n<li><strong>Estilo contempor\u00e1neo de acero inoxidable:<\/strong>Duraderos, modernos y excelentes para cocinas dom\u00e9sticas o restaurantes, estos frascos de especias embellecen instant\u00e1neamente cualquier lugar.<\/li>\n<li><strong>Personalizaci\u00f3n de color:<\/strong>Elija entre rojo, negro, azul o verde para combinar con la identidad de su marca para sus contenedores de almacenamiento de especias.<\/li>\n<\/ol>\n<h2>Especificaciones clave<\/h2>\n<table style=\"border-collapse: collapse; width: 80%; margin-left: auto; margin-right: auto;\" border=\"0\" width=\"144\" cellspacing=\"0\" cellpadding=\"0\">\n<tbody>\n<tr style=\"height: 13.50pt;\">\n<td style=\"height: 13.5pt; width: 54pt; text-align: center;\" width=\"72\" height=\"18\">Caracter\u00edstica<\/td>\n<td style=\"width: 54pt; text-align: center;\" width=\"72\">Especificaci\u00f3n<\/td>\n<\/tr>\n<tr style=\"height: 13.50pt;\">\n<td style=\"height: 13.5pt; text-align: center;\" height=\"18\">Capacidad<\/td>\n<td style=\"text-align: center;\">80 ml 90 ml (3 oz) 100 ml<\/td>\n<\/tr>\n<tr style=\"height: 13.50pt;\">\n<td style=\"height: 13.5pt; text-align: center;\" height=\"18\">Forma<\/td>\n<td style=\"text-align: center;\">Cilindro<\/td>\n<\/tr>\n<tr style=\"height: 13.50pt;\">\n<td style=\"height: 13.5pt; text-align: center;\" height=\"18\">Material<\/td>\n<td style=\"text-align: center;\">Acero inoxidable, vidrio sin plomo<\/td>\n<\/tr>\n<tr style=\"height: 13.50pt;\">\n<td style=\"height: 13.5pt; text-align: center;\" height=\"18\">Personalizaci\u00f3n<\/td>\n<td style=\"text-align: center;\">Color, Etiqueta, Estante, Logotipo, Impresi\u00f3n<\/td>\n<\/tr>\n<\/tbody>\n<\/table>\n<h2>Caso de \u00e9xito<\/h2>\n<p>Una empresa europea de productos secos nos encarg\u00f3 la creaci\u00f3n de estos sazonadores personalizados. El frasco de acero inoxidable de colores brillantes cuenta con una tapa ajustable para controlar f\u00e1cilmente las porciones y evitar que se echen a perder. Cada frasco lleva grabado a l\u00e1ser el logotipo de la empresa, que complementa a la perfecci\u00f3n la moderna tem\u00e1tica de cocina de la marca.<\/p>\n<p>Desde el lanzamiento de este nuevo producto, sus ventas online han aumentado un 40%.<\/p>\n<h2>Tus consejos de personalizaci\u00f3n<\/h2>\n<p>La diversa personalizaci\u00f3n de estas botellas de especias le permite elegir el color de la carcasa exterior que combine con la imagen de su marca, como el tradicional negro, blanco crema o plateado met\u00e1lico. Un pico giratorio facilita el control de la dosificaci\u00f3n del condimento. Estas botellas de especias pueden estar hechas de una mezcla de vidrio de borosilicato y acero inoxidable, por lo que no solo ser\u00e1n duraderas sino tambi\u00e9n visualmente agradables. Puede imprimir el logotipo de su marca en la botella o en la tapa para que la reconozcan. Tambi\u00e9n hay una opci\u00f3n de caja de regalo para empacar, lo que la convertir\u00e1 en un refinado obsequio de cocina o en un set promocional.<\/p>","protected":false},"excerpt":{"rendered":"<p>Vibrantes agitadores de condimentos de acero inoxidable, las botellas de especias con tapas ajustables, perfectas para almacenar sal, pimienta y hierbas con estilo y frescura.<\/p>","protected":false},"featured_media":2439,"template":"","meta":{"postBodyCss":"","postBodyMargin":[],"postBodyPadding":[],"postBodyBackground":{"backgroundType":"classic","gradient":""}},"product_brand":[],"product_cat":[53,15,17],"product_tag":[],"class_list":{"0":"post-2438","1":"product","2":"type-product","3":"status-publish","4":"has-post-thumbnail","6":"product_cat-spice-jars","7":"product_cat-glass-containers","8":"product_cat-glass-jars","10":"first","11":"instock","12":"shipping-taxable","13":"product-type-simple"},"jetpack_sharing_enabled":true,"_links":{"self":[{"href":"https:\/\/minghanggroup.com\/es\/wp-json\/wp\/v2\/product\/2438","targetHints":{"allow":["GET"]}}],"collection":[{"href":"https:\/\/minghanggroup.com\/es\/wp-json\/wp\/v2\/product"}],"about":[{"href":"https:\/\/minghanggroup.com\/es\/wp-json\/wp\/v2\/types\/product"}],"wp:featuredmedia":[{"embeddable":true,"href":"https:\/\/minghanggroup.com\/es\/wp-json\/wp\/v2\/media\/2439"}],"wp:attachment":[{"href":"https:\/\/minghanggroup.com\/es\/wp-json\/wp\/v2\/media?parent=2438"}],"wp:term":[{"taxonomy":"product_brand","embeddable":true,"href":"https:\/\/minghanggroup.com\/es\/wp-json\/wp\/v2\/product_brand?post=2438"},{"taxonomy":"product_cat","embeddable":true,"href":"https:\/\/minghanggroup.com\/es\/wp-json\/wp\/v2\/product_cat?post=2438"},{"taxonomy":"product_tag","embeddable":true,"href":"https:\/\/minghanggroup.com\/es\/wp-json\/wp\/v2\/product_tag?post=2438"}],"curies":[{"name":"wp","href":"https:\/\/api.w.org\/{rel}","templated":true}]}}