{"id":2433,"date":"2025-11-06T09:19:13","date_gmt":"2025-11-06T01:19:13","guid":{"rendered":"https:\/\/minghanggroup.com\/?post_type=product&#038;p=2433"},"modified":"2026-03-02T15:19:16","modified_gmt":"2026-03-02T07:19:16","slug":"wholesale-empty-clear-glass-bbq-sauce-bottles","status":"publish","type":"product","link":"https:\/\/minghanggroup.com\/es\/producto\/wholesale-empty-clear-glass-bbq-sauce-bottles\/","title":{"rendered":"Botellas de salsa barbacoa de vidrio transparente vac\u00edas al por mayor de 267 ml y 473 ml"},"content":{"rendered":"<p>Esta botella para salsa presenta un dise\u00f1o de vidrio redondo y de paredes rectas, sin curvas ni adornos innecesarios. Su cuerpo puro y transparente convierte tu salsa picante, salsa barbacoa o aderezo dorado para ensaladas en el centro de atenci\u00f3n.<\/p>\n<h2>Caracter\u00edsticas del producto<\/h2>\n<ul>\n<li><strong>Material de vidrio transparente:<\/strong> Con un envase de vidrio transparente, el color y la consistencia del producto se convierten inmediatamente en el principal atractivo de los clientes.<\/li>\n<li><strong>Dise\u00f1o minimalista:<\/strong> La botella transparente junto con una tapa plateada o negra da una impresi\u00f3n visual limpia y simple, siendo as\u00ed pr\u00e1ctica y vers\u00e1til.<\/li>\n<li><strong>Opciones de capacidad dual:<\/strong> Hay dos opciones de capacidad de botella disponibles: 267 ml y 473 ml, que pueden satisfacer perfectamente sus requisitos para contener un peque\u00f1o volumen de salsas especiales o un gran volumen de salsas para barbacoa.<\/li>\n<\/ul>\n<h2 style=\"text-align: left;\">Especificaciones clave<\/h2>\n<table class=\"aligncenter\" style=\"border-collapse: collapse; width: 435.77pt;\" border=\"0\" width=\"581\" cellspacing=\"0\" cellpadding=\"0\">\n<tbody>\n<tr style=\"height: 13.50pt;\">\n<td style=\"height: 13.50pt; width: 119.25pt;\" width=\"159\" height=\"18\">Caracter\u00edstica<\/td>\n<td style=\"width: 316.50pt;\" width=\"422\">Especificaci\u00f3n<\/td>\n<\/tr>\n<tr style=\"height: 13.50pt;\">\n<td style=\"height: 13.50pt;\" height=\"18\">Capacidades<\/td>\n<td>267 ml, 473 ml<\/td>\n<\/tr>\n<tr style=\"height: 13.50pt;\">\n<td style=\"height: 13.50pt;\" height=\"18\">Tama\u00f1o del embalaje<\/td>\n<td>20 \u00d7 15 \u00d7 15 cm (igual para ambos tama\u00f1os)<\/td>\n<\/tr>\n<tr style=\"height: 13.50pt;\">\n<td style=\"height: 13.50pt;\" height=\"18\">Forma<\/td>\n<td>Botella de vidrio redonda cil\u00edndrica recta<\/td>\n<\/tr>\n<tr style=\"height: 13.50pt;\">\n<td style=\"height: 13.50pt;\" height=\"18\">Material<\/td>\n<td>Vaso de cerveza negra de vidrio transparente, apto para uso alimentario, sin plomo.<\/td>\n<\/tr>\n<tr style=\"height: 13.50pt;\">\n<td style=\"height: 13.50pt;\" height=\"18\">Opciones de cierre<\/td>\n<td>Tap\u00f3n de rosca en color negro o plata (personalizable)<\/td>\n<\/tr>\n<tr style=\"height: 13.50pt;\">\n<td style=\"height: 13.50pt;\" height=\"18\">Mejor para<\/td>\n<td>Salsa picante, salsa barbacoa, condimento<\/td>\n<\/tr>\n<tr style=\"height: 13.50pt;\">\n<td style=\"height: 13.50pt;\" height=\"18\">Uso ideal<\/td>\n<td>Botellas de salsa de chile y salsa barbacoa al por mayor<\/td>\n<\/tr>\n<\/tbody>\n<\/table>\n<h2>Historia de \u00e9xito: C\u00f3mo una empresa de condimentos simplific\u00f3 el envasado<\/h2>\n<p>La empresa que vende condimentos y est\u00e1 en r\u00e1pido crecimiento utilizaba varios tipos de botellas para envasar sus productos, lo que dificultaba la gesti\u00f3n del inventario y los env\u00edos. A principios de 2024, probaron nuestras botellas de salsa picante al por mayor y realizaron un primer pedido de 3000 unidades (1500 de cada tama\u00f1o). El resultado fue sorprendente: una marca de barbacoa que utiliza botellas de salsa picante de 473 ml experiment\u00f3 un aumento del 41 % en las ventas minoristas, ya que los clientes se sintieron atra\u00eddos por el dise\u00f1o moderno y el cuello c\u00f3modo para verter. Un productor de salsa picante experiment\u00f3 con botellas de muestra de 267 ml y observ\u00f3 un aumento del 35 % en las compras recurrentes de los clientes: los usuarios expresaron su deseo de comprar el producto de tama\u00f1o completo despu\u00e9s de probarlo. Actualmente, realizan pedidos al por mayor de ambos tama\u00f1os cada trimestre, lo que es una clara demostraci\u00f3n de la eficacia de las soluciones de embalaje simplificadas y escalables.<\/p>\n<h2>Sugerencias de personalizaci\u00f3n de botellas<\/h2>\n<ul>\n<li><strong>Opciones de color de vidrio:<\/strong> Las botellas de vidrio redondas hechas de vidrio \u00e1mbar o verde pueden ser una oferta atractiva y \u00fanica en el estante, adem\u00e1s de brindar protecci\u00f3n para productos sensibles a la luz.<\/li>\n<li><strong>Colores de gorra personalizados:<\/strong> Es posible emplear diferentes colores de tapa, por ejemplo, plata, oro o blanco, para resaltar su l\u00ednea de productos o simplemente para reflejar la imagen de su marca.<\/li>\n<li><strong>Gr\u00e1ficos serigrafiados:<\/strong> Es posible imprimir su logotipo o cualquier otro dise\u00f1o directamente sobre la superficie del vidrio, obteniendo as\u00ed una etiqueta duradera, impermeable y que visual y f\u00edsicamente es parte inseparable del envase.<\/li>\n<li><strong>Opciones de regulador de flujo:<\/strong> Al elegir un tama\u00f1o de regulador de flujo que corresponda a la viscosidad de su salsa, el caudal ser\u00e1 f\u00e1cil de controlar, ya sea un alm\u00edbar ligero o una salsa de barbacoa espesa.<\/li>\n<\/ul>","protected":false},"excerpt":{"rendered":"<p>Botellas de salsa premium de vidrio grueso y transparente, perfectas para salsa barbacoa o salsa de chile. Personalizaci\u00f3n de marca disponible con muestras gratuitas para botellas de salsa barbacoa a granel.<\/p>","protected":false},"featured_media":2435,"template":"","meta":{"postBodyCss":"","postBodyMargin":[],"postBodyPadding":[],"postBodyBackground":{"backgroundType":"classic","gradient":""}},"product_brand":[],"product_cat":[15,16,54],"product_tag":[72,98],"class_list":{"0":"post-2433","1":"product","2":"type-product","3":"status-publish","4":"has-post-thumbnail","6":"product_cat-glass-containers","7":"product_cat-glass-bottles","8":"product_cat-hot-sauce-bottles","9":"product_tag-juice-bottles","10":"product_tag-salad-dressing-bottles","12":"first","13":"instock","14":"shipping-taxable","15":"product-type-simple"},"jetpack_sharing_enabled":true,"_links":{"self":[{"href":"https:\/\/minghanggroup.com\/es\/wp-json\/wp\/v2\/product\/2433","targetHints":{"allow":["GET"]}}],"collection":[{"href":"https:\/\/minghanggroup.com\/es\/wp-json\/wp\/v2\/product"}],"about":[{"href":"https:\/\/minghanggroup.com\/es\/wp-json\/wp\/v2\/types\/product"}],"wp:featuredmedia":[{"embeddable":true,"href":"https:\/\/minghanggroup.com\/es\/wp-json\/wp\/v2\/media\/2435"}],"wp:attachment":[{"href":"https:\/\/minghanggroup.com\/es\/wp-json\/wp\/v2\/media?parent=2433"}],"wp:term":[{"taxonomy":"product_brand","embeddable":true,"href":"https:\/\/minghanggroup.com\/es\/wp-json\/wp\/v2\/product_brand?post=2433"},{"taxonomy":"product_cat","embeddable":true,"href":"https:\/\/minghanggroup.com\/es\/wp-json\/wp\/v2\/product_cat?post=2433"},{"taxonomy":"product_tag","embeddable":true,"href":"https:\/\/minghanggroup.com\/es\/wp-json\/wp\/v2\/product_tag?post=2433"}],"curies":[{"name":"wp","href":"https:\/\/api.w.org\/{rel}","templated":true}]}}