{"id":2428,"date":"2025-11-05T15:24:26","date_gmt":"2025-11-05T07:24:26","guid":{"rendered":"https:\/\/minghanggroup.com\/?post_type=product&#038;p=2428"},"modified":"2026-03-02T15:18:57","modified_gmt":"2026-03-02T07:18:57","slug":"custom-hot-sauce-bottles-with-textured-glass-design","status":"publish","type":"product","link":"https:\/\/minghanggroup.com\/es\/producto\/custom-hot-sauce-bottles-with-textured-glass-design\/","title":{"rendered":"Botellas de salsa picante personalizadas con dise\u00f1o de vidrio texturizado de 375 ml y 500 ml"},"content":{"rendered":"<p>Estas botellas de salsa picante est\u00e1n hechas de vidrio transparente y tienen ranuras verticales para un agarre c\u00f3modo, lo que las hace perfectas para alimentos grasosos y agrega estilo a su empaque.<\/p>\n<h2>Caracter\u00edsticas del producto<\/h2>\n<ul>\n<li><strong>Agarre sin resbalones:<\/strong> La textura dise\u00f1ada proporciona agarre al usuario y, por lo tanto, se pueden utilizar en manos aceitosas sin error.<\/li>\n<li><strong>De larga duraci\u00f3n y apto para venta al por mayor:<\/strong> Las resistentes botellas de vidrio transparente se pueden enviar en grandes vol\u00famenes y se pueden usar a diario sin desgaste y, por lo tanto, son la soluci\u00f3n perfecta para estaciones de salsa picante a granel o condimentos de restaurantes.<\/li>\n<li><strong>Dos tama\u00f1os disponibles:<\/strong> 375 ml (venta al por menor peque\u00f1a) y 500 ml (venta a granel grande) para servir a diferentes prop\u00f3sitos.<\/li>\n<\/ul>\n<h2 style=\"text-align: left;\">Especificaciones clave<\/h2>\n<table class=\"aligncenter\" style=\"border-collapse: collapse; width: 468.77pt;\" border=\"0\" width=\"625\" cellspacing=\"0\" cellpadding=\"0\">\n<tbody>\n<tr style=\"height: 13.50pt;\">\n<td style=\"height: 13.50pt; width: 127.50pt;\" width=\"170\" height=\"18\">Caracter\u00edstica<\/td>\n<td style=\"width: 341.25pt;\" width=\"455\">Especificaci\u00f3n<\/td>\n<\/tr>\n<tr style=\"height: 13.50pt;\">\n<td style=\"height: 13.50pt;\" height=\"18\">Capacidades<\/td>\n<td>375 ml y 500 ml<\/td>\n<\/tr>\n<tr style=\"height: 13.50pt;\">\n<td style=\"height: 13.50pt;\" height=\"18\">Tama\u00f1o del embalaje<\/td>\n<td>20\u00d715\u00d715 cm (se adapta a ambos tama\u00f1os)<\/td>\n<\/tr>\n<tr style=\"height: 13.50pt;\">\n<td style=\"height: 13.50pt;\" height=\"18\">Material<\/td>\n<td>Cerveza negra de vidrio transparente, de calidad alimentaria.<\/td>\n<\/tr>\n<tr style=\"height: 13.50pt;\">\n<td style=\"height: 13.50pt;\" height=\"18\">Superficie<\/td>\n<td>Textura acanalada vertical para mayor agarre.<\/td>\n<\/tr>\n<tr style=\"height: 13.50pt;\">\n<td style=\"height: 13.50pt;\" height=\"18\">Opciones de cierre<\/td>\n<td>Tap\u00f3n de rosca en color negro o dorado<\/td>\n<\/tr>\n<tr style=\"height: 13.50pt;\">\n<td style=\"height: 13.50pt;\" height=\"18\">Mejor para<\/td>\n<td>Salsa picante, vinagre, aderezo, salsa de chile, condimento<\/td>\n<\/tr>\n<tr style=\"height: 13.50pt;\">\n<td style=\"height: 13.50pt;\" height=\"18\">Uso ideal<\/td>\n<td>Botellas de salsa picante al por mayor, botellas de salsa de chile<\/td>\n<\/tr>\n<\/tbody>\n<\/table>\n<h2>Historia de \u00e9xito: C\u00f3mo la textura mejora el reconocimiento de marca<\/h2>\n<p>La marca de salsa barbacoa r\u00e1pida se enfrent\u00f3 al problema de que sus productos no se diferenciaban de los de la competencia, que usaba el mismo dise\u00f1o de botella de vidrio redondeado. Finalmente, eligieron nuestra botella de salsa picante de vidrio texturizado de 500 ml con tap\u00f3n dorado como envase para su producto estrella. Posteriormente, la empresa experiment\u00f3 un crecimiento del 40 % en ventas en menos de medio a\u00f1o. Adem\u00e1s, el agarre firme redujo en un 15 % las roturas durante el transporte, lo que a su vez redujo los costos operativos. El cliente est\u00e1 muy satisfecho y ha decidido realizar cuatro pedidos al por mayor consecutivos de 100\u00a0000 botellas cada uno.<\/p>\n<h2>Opciones de personalizaci\u00f3n de botellas de salsa<\/h2>\n<p>Utilice las siguientes opciones de personalizaci\u00f3n de vidrio para crear botellas de salsa \u00fanicas:<\/p>\n<ul>\n<li>Cambio de profundidad de textura: utilice texturas claras y oscuras alternadas para crear ilusiones visuales sorprendentes.<\/li>\n<li>Textura esmerilada: La difusi\u00f3n de la luz se puede mejorar en gran medida junto con el agarre si se aplica un acabado esmerilado mate a las \u00e1reas texturizadas.<\/li>\n<li>Logotipo impreso en la parte inferior: el logotipo de su empresa se puede imprimir en un elegante panel inferior que brinda una apariencia bonita y discreta al mismo tiempo.<\/li>\n<li>Textura de vitral: aplique patrones texturizados a botellas de vidrio de color \u00e1mbar o verde.<\/li>\n<\/ul>\n<p>Entonces, \u00bfpor qu\u00e9 no contactarnos para obtener precios al por mayor de estas pr\u00e1cticas botellas de vidrio para salsa?<\/p>","protected":false},"excerpt":{"rendered":"<p>Botellas de salsa picante de alta calidad con texturas elegantes, ideales para marcas premium. Resistentes, personalizables con logotipos y disponibles al por mayor con descuentos.<\/p>","protected":false},"featured_media":2429,"template":"","meta":{"postBodyCss":"","postBodyMargin":[],"postBodyPadding":[],"postBodyBackground":{"backgroundType":"classic","gradient":""}},"product_brand":[],"product_cat":[15,16,54],"product_tag":[72,98],"class_list":{"0":"post-2428","1":"product","2":"type-product","3":"status-publish","4":"has-post-thumbnail","6":"product_cat-glass-containers","7":"product_cat-glass-bottles","8":"product_cat-hot-sauce-bottles","9":"product_tag-juice-bottles","10":"product_tag-salad-dressing-bottles","12":"first","13":"instock","14":"shipping-taxable","15":"product-type-simple"},"jetpack_sharing_enabled":true,"_links":{"self":[{"href":"https:\/\/minghanggroup.com\/es\/wp-json\/wp\/v2\/product\/2428","targetHints":{"allow":["GET"]}}],"collection":[{"href":"https:\/\/minghanggroup.com\/es\/wp-json\/wp\/v2\/product"}],"about":[{"href":"https:\/\/minghanggroup.com\/es\/wp-json\/wp\/v2\/types\/product"}],"wp:featuredmedia":[{"embeddable":true,"href":"https:\/\/minghanggroup.com\/es\/wp-json\/wp\/v2\/media\/2429"}],"wp:attachment":[{"href":"https:\/\/minghanggroup.com\/es\/wp-json\/wp\/v2\/media?parent=2428"}],"wp:term":[{"taxonomy":"product_brand","embeddable":true,"href":"https:\/\/minghanggroup.com\/es\/wp-json\/wp\/v2\/product_brand?post=2428"},{"taxonomy":"product_cat","embeddable":true,"href":"https:\/\/minghanggroup.com\/es\/wp-json\/wp\/v2\/product_cat?post=2428"},{"taxonomy":"product_tag","embeddable":true,"href":"https:\/\/minghanggroup.com\/es\/wp-json\/wp\/v2\/product_tag?post=2428"}],"curies":[{"name":"wp","href":"https:\/\/api.w.org\/{rel}","templated":true}]}}