{"id":2423,"date":"2025-11-05T14:10:38","date_gmt":"2025-11-05T06:10:38","guid":{"rendered":"https:\/\/minghanggroup.com\/?post_type=product&#038;p=2423"},"modified":"2025-11-05T17:02:08","modified_gmt":"2025-11-05T09:02:08","slug":"wholesale-woozy-bottles-for-hot-sauce-packaging","status":"publish","type":"product","link":"https:\/\/minghanggroup.com\/es\/producto\/wholesale-woozy-bottles-for-hot-sauce-packaging\/","title":{"rendered":"Botellas Woozy de 3 oz, 5 oz y 8 oz para salsa picante al por mayor"},"content":{"rendered":"<p>Una de esas t\u00edpicas botellas para salsa picante, la botella Woozy, es transparente y est\u00e1 hecha de vidrio 100 % puro. Es circular, con un cuello \u00fanico y delgado que se estrecha gradualmente hasta una abertura est\u00e1ndar, lo que permite al usuario controlar con precisi\u00f3n la cantidad de salsa utilizada.<\/p>\n<h2>Caracter\u00edsticas del producto<\/h2>\n<ul>\n<li><strong>El control de flujo es preciso:<\/strong> A las personas se les permite usarla a trav\u00e9s del cuello delgado y la apertura habitual del dise\u00f1o para controlar el flujo, evitando as\u00ed de manera efectiva que se derrame incluso si se trata de una salsa espesa o picante, que se puede sostener con una mano.<\/li>\n<li><strong>Uso vers\u00e1til:<\/strong> El recipiente es muy adecuado para cualquier tipo de salsa, ya sea vinagreta, aderezo cremoso para ensaladas o alm\u00edbar.<\/li>\n<li><strong>Material de vidrio transparente:<\/strong> La botella est\u00e1 hecha de vidrio natural que es transparente y el color y la cantidad restante de salsa en la botella son bastante visibles.<\/li>\n<\/ul>\n<h2 style=\"text-align: left;\">Especificaciones clave<\/h2>\n<table class=\"aligncenter\" style=\"border-collapse: collapse; width: 516.02pt;\" border=\"0\" width=\"688\" cellspacing=\"0\" cellpadding=\"0\">\n<tbody>\n<tr style=\"height: 13.50pt;\">\n<td class=\"et2\" style=\"height: 13.50pt; width: 90.00pt;\" width=\"120\" height=\"18\">Caracter\u00edstica<\/td>\n<td class=\"et2\" style=\"width: 426.00pt;\" width=\"568\">Especificaci\u00f3n<\/td>\n<\/tr>\n<tr style=\"height: 13.50pt;\">\n<td class=\"et2\" style=\"height: 13.50pt; width: 90.00pt;\" width=\"120\" height=\"18\">Capacidades<\/td>\n<td class=\"et2\" style=\"width: 426.00pt;\" width=\"568\">90 ml\/3 oz (4 \u00d7 15,1 cm), 150 ml\/5 oz (4,8 \u00d7 17,2 cm), 250 ml\/8 oz (5,5 \u00d7 19,8 cm)<\/td>\n<\/tr>\n<tr style=\"height: 13.50pt;\">\n<td class=\"et2\" style=\"height: 13.50pt; width: 90.00pt;\" width=\"120\" height=\"18\">Material<\/td>\n<td class=\"et2\" style=\"width: 426.00pt;\" width=\"568\">Vaso de cerveza negra de vidrio transparente, apto para uso alimentario, sin plomo.<\/td>\n<\/tr>\n<tr style=\"height: 13.50pt;\">\n<td class=\"et2\" style=\"height: 13.50pt; width: 90.00pt;\" width=\"120\" height=\"18\">Cierre<\/td>\n<td class=\"et2\" style=\"width: 426.00pt;\" width=\"568\">Tap\u00f3n de rosca (negro o color personalizado)<\/td>\n<\/tr>\n<tr style=\"height: 13.50pt;\">\n<td class=\"et2\" style=\"height: 13.50pt; width: 90.00pt;\" width=\"120\" height=\"18\">Mejor para<\/td>\n<td class=\"et2\" style=\"width: 426.00pt;\" width=\"568\">Salsa picante, salsa, aderezo<\/td>\n<\/tr>\n<tr style=\"height: 13.50pt;\">\n<td class=\"et2\" style=\"height: 13.50pt; width: 90.00pt;\" width=\"120\" height=\"18\">Uso ideal<\/td>\n<td class=\"et2\" style=\"width: 426.00pt;\" width=\"568\">Botellas de salsa picante a granel, botellas de condimentos, botellas para marearse<\/td>\n<\/tr>\n<\/tbody>\n<\/table>\n<h2>Historia de \u00e9xito: C\u00f3mo una startup con un producto cl\u00e1sico se volvi\u00f3 escalable<\/h2>\n<p>Un fabricante artesanal de salsa picante en r\u00e1pido crecimiento se enfrentaba a un problema: sus clientes se enfrentaban a botellas de pl\u00e1stico con fugas y de baja calidad, o botellas de vidrio que no encajaban bien. Tras el cambio a botellas de vidrio perforado de 150 ml con tapas negras, observaron una gran mejora en su rendimiento. El dise\u00f1o cl\u00e1sico de la botella es una excelente herramienta para generar confianza en los clientes: una marca de salsa picante ha reportado un aumento del 42 % en sus ventas en l\u00ednea, gracias al limitador de flujo en el cuello de la botella, que ayud\u00f3 a controlar mejor el vertido de la salsa, reduciendo as\u00ed el desperdicio en un 31 %. El \u00e9xito de esta soluci\u00f3n hizo que los pedidos repetidos de la empresa se dispararan de 50\u00a0000 botellas por ronda a 250\u00a0000. Posteriormente, ampliaron su l\u00ednea de productos y siguen utilizando los tres tama\u00f1os de nuestro cat\u00e1logo.<\/p>\n<h2>Sugerencias para personalizar botellas de salsa picante<\/h2>\n<ul>\n<li><strong>Botella esmerilada:<\/strong> El acabado esmerilado de una sola pieza imparte una superficie suave y mate, reduce la apariencia de las huellas dactilares y aumenta el valor percibido del producto.<\/li>\n<li><strong>Marcadores de volumen elevado:<\/strong> Las letras en relieve en la zona del cuello indican el volumen, ideal para etiquetar recetas o salsas.<\/li>\n<li><strong>Logotipo serigrafiado:<\/strong> Su logotipo puede serigrafiarse directamente en su botella de vidrio con una identidad de marca duradera y de alta calidad que permanece vibrante con el tiempo.<\/li>\n<li><strong>Opciones de vidrieras:<\/strong> Se pueden utilizar vasos de color \u00e1mbar o verde para proteger los ingredientes sensibles a la luz y, al mismo tiempo, establecer un aspecto vintage.<\/li>\n<\/ul>","protected":false},"excerpt":{"rendered":"<p>Botellas premium con efecto mojado, ideales para diversas salsas. Botellas de alta calidad para salsa picante disponibles a granel, perfectas para restaurantes y f\u00e1bricas de alimentos. Muestras gratis.<\/p>","protected":false},"featured_media":2427,"template":"","meta":{"postBodyCss":"","postBodyMargin":[],"postBodyPadding":[],"postBodyBackground":{"backgroundType":"classic","gradient":""}},"product_brand":[],"product_cat":[15,16,54],"product_tag":[],"class_list":{"0":"post-2423","1":"product","2":"type-product","3":"status-publish","4":"has-post-thumbnail","6":"product_cat-glass-containers","7":"product_cat-glass-bottles","8":"product_cat-hot-sauce-bottles","10":"first","11":"instock","12":"shipping-taxable","13":"product-type-simple"},"jetpack_sharing_enabled":true,"_links":{"self":[{"href":"https:\/\/minghanggroup.com\/es\/wp-json\/wp\/v2\/product\/2423","targetHints":{"allow":["GET"]}}],"collection":[{"href":"https:\/\/minghanggroup.com\/es\/wp-json\/wp\/v2\/product"}],"about":[{"href":"https:\/\/minghanggroup.com\/es\/wp-json\/wp\/v2\/types\/product"}],"wp:featuredmedia":[{"embeddable":true,"href":"https:\/\/minghanggroup.com\/es\/wp-json\/wp\/v2\/media\/2427"}],"wp:attachment":[{"href":"https:\/\/minghanggroup.com\/es\/wp-json\/wp\/v2\/media?parent=2423"}],"wp:term":[{"taxonomy":"product_brand","embeddable":true,"href":"https:\/\/minghanggroup.com\/es\/wp-json\/wp\/v2\/product_brand?post=2423"},{"taxonomy":"product_cat","embeddable":true,"href":"https:\/\/minghanggroup.com\/es\/wp-json\/wp\/v2\/product_cat?post=2423"},{"taxonomy":"product_tag","embeddable":true,"href":"https:\/\/minghanggroup.com\/es\/wp-json\/wp\/v2\/product_tag?post=2423"}],"curies":[{"name":"wp","href":"https:\/\/api.w.org\/{rel}","templated":true}]}}