{"id":2399,"date":"2025-11-04T15:52:22","date_gmt":"2025-11-04T07:52:22","guid":{"rendered":"https:\/\/minghanggroup.com\/?post_type=product&#038;p=2399"},"modified":"2025-11-14T10:07:42","modified_gmt":"2025-11-14T02:07:42","slug":"striped-empty-spice-jars-with-lids-bulk","status":"publish","type":"product","link":"https:\/\/minghanggroup.com\/es\/producto\/striped-empty-spice-jars-with-lids-bulk\/","title":{"rendered":"Frascos de especias vac\u00edos rayados de 5 oz con tapas a granel"},"content":{"rendered":"<p>Olv\u00eddate del desorden que hace que tu cocina luzca ca\u00f3tica. Creamos frascos de especias vac\u00edos de primera calidad que transforman tu cocina en un espacio elegante y mantienen tus especias frescas. No son solo recipientes, son la nueva arma secreta de tu marca para la organizaci\u00f3n de la cocina y el envasado de alimentos.<\/p>\n<h2>Caracter\u00edsticas del producto<\/h2>\n<ol>\n<li><strong>Cristal\u200b\u200d\u200b\u200c\u200d\u200b\u200d\u200c\u200b\u200d\u200b\u200c\u200d\u200b\u200d\u200c Claridad:<\/strong>El vidrio transparente y resistente le permitir\u00e1 verificar r\u00e1pidamente el estado de sus especias sin tener que adivinar cu\u00e1ndo es el momento de volver a pedir sus recipientes de vidrio para especias.<\/li>\n<li><strong>Dise\u00f1o de f\u00e1cil llenado:<\/strong>Con la ayuda de una amplia apertura, es f\u00e1cil llenar el recipiente con sal, az\u00facar, pimienta, harina u otras especias en polvo para almacenar en su cocina.<\/li>\n<li><strong>Ergonom\u00eda elegante:<\/strong>El dise\u00f1o curvo simple de la mano le brindar\u00e1 un agarre c\u00f3modo durante el vertido que se realiza sin ning\u00fan esfuerzo y almacenamiento para sus frascos de especias de vidrio redondos.<\/li>\n<\/ol>\n<h2>Especificaciones clave<\/h2>\n<table style=\"border-collapse: collapse; width: 80%; margin-left: auto; margin-right: auto;\" border=\"0\" width=\"144\" cellspacing=\"0\" cellpadding=\"0\">\n<tbody>\n<tr style=\"height: 13.50pt;\">\n<td style=\"height: 13.5pt; width: 54pt; text-align: center;\" width=\"72\" height=\"18\">Capacidad<\/td>\n<td style=\"width: 54pt; text-align: center;\" width=\"72\">150 ml\/5 oz<\/td>\n<\/tr>\n<tr style=\"height: 13.50pt;\">\n<td style=\"height: 13.5pt; text-align: center;\" height=\"18\">Material<\/td>\n<td style=\"text-align: center;\">Tapa de vidrio y metal<\/td>\n<\/tr>\n<tr style=\"height: 13.50pt;\">\n<td style=\"height: 13.5pt; text-align: center;\" height=\"18\">Color<\/td>\n<td style=\"text-align: center;\">Transparente, personalizable<\/td>\n<\/tr>\n<tr style=\"height: 13.50pt;\">\n<td style=\"height: 13.5pt; text-align: center;\" height=\"18\">Tratamiento de superficies<\/td>\n<td style=\"text-align: center;\">Serigraf\u00eda\/esmerilado\/calcoman\u00eda\/spray de color\/etiqueta<\/td>\n<\/tr>\n<\/tbody>\n<\/table>\n<h2>Caso de \u00e9xito<\/h2>\n<p>Una cadena de restaurantes italianos nos contact\u00f3 para personalizar estos frascos redondos de vidrio para condimentos, para su refrescamiento diario con condimentos como sal, pimienta en hojuelas y queso rallado. Cada tapa tambi\u00e9n ten\u00eda grabado el logotipo del restaurante, creando as\u00ed una imagen de marca de alta gama.<\/p>\n<p>\u00bfY qu\u00e9 tal fue al final? Los clientes mencionaron los nuevos frascos de condimentos como una de las principales razones de un ambiente &#034;profesional pero acogedor&#034;, tal como se percib\u00eda el estilo italiano minimalista de la marca tras su lanzamiento en m\u00e1s de 60 tiendas.<\/p>\n<h2>Tus consejos de personalizaci\u00f3n<\/h2>\n<p>\u00bfNecesitas que las mesas de tu restaurante o los accesorios de tu cocina destaquen? Personaliza estos frascos de especias en blanco con tu logotipo o un dise\u00f1o distintivo para la tapa. Puedes elegir tapas de acero inoxidable o negro mate, cambiar el tama\u00f1o de los agujeros para sal, chile o queso, y tambi\u00e9n usar frascos de especias de vidrio tintado como tema de tu marca. Puedes usarlos de muchas maneras, como en restaurantes, cafeter\u00edas o sets de regalo gourmet: aseg\u00farate de que cada detalle comparta la historia de tu marca con elegancia.<\/p>","protected":false},"excerpt":{"rendered":"<p>Frascos redondos y vac\u00edos para especias, resistentes, de vidrio transparente con tapas de acero inoxidable. Ideales para guardar hierbas, sal, pimienta y condimentos.<\/p>","protected":false},"featured_media":2400,"template":"","meta":{"postBodyCss":"","postBodyMargin":[],"postBodyPadding":[],"postBodyBackground":{"backgroundType":"classic","gradient":""}},"product_brand":[],"product_cat":[15,17,53],"product_tag":[],"class_list":{"0":"post-2399","1":"product","2":"type-product","3":"status-publish","4":"has-post-thumbnail","6":"product_cat-glass-containers","7":"product_cat-glass-jars","8":"product_cat-spice-jars","10":"first","11":"instock","12":"shipping-taxable","13":"product-type-simple"},"jetpack_sharing_enabled":true,"_links":{"self":[{"href":"https:\/\/minghanggroup.com\/es\/wp-json\/wp\/v2\/product\/2399","targetHints":{"allow":["GET"]}}],"collection":[{"href":"https:\/\/minghanggroup.com\/es\/wp-json\/wp\/v2\/product"}],"about":[{"href":"https:\/\/minghanggroup.com\/es\/wp-json\/wp\/v2\/types\/product"}],"wp:featuredmedia":[{"embeddable":true,"href":"https:\/\/minghanggroup.com\/es\/wp-json\/wp\/v2\/media\/2400"}],"wp:attachment":[{"href":"https:\/\/minghanggroup.com\/es\/wp-json\/wp\/v2\/media?parent=2399"}],"wp:term":[{"taxonomy":"product_brand","embeddable":true,"href":"https:\/\/minghanggroup.com\/es\/wp-json\/wp\/v2\/product_brand?post=2399"},{"taxonomy":"product_cat","embeddable":true,"href":"https:\/\/minghanggroup.com\/es\/wp-json\/wp\/v2\/product_cat?post=2399"},{"taxonomy":"product_tag","embeddable":true,"href":"https:\/\/minghanggroup.com\/es\/wp-json\/wp\/v2\/product_tag?post=2399"}],"curies":[{"name":"wp","href":"https:\/\/api.w.org\/{rel}","templated":true}]}}