{"id":2394,"date":"2025-11-04T14:20:46","date_gmt":"2025-11-04T06:20:46","guid":{"rendered":"https:\/\/minghanggroup.com\/?post_type=product&#038;p=2394"},"modified":"2025-11-14T10:07:49","modified_gmt":"2025-11-14T02:07:49","slug":"10oz-glass-spice-jar-set-bulk-spice-storage-containers","status":"publish","type":"product","link":"https:\/\/minghanggroup.com\/es\/producto\/10oz-glass-spice-jar-set-bulk-spice-storage-containers\/","title":{"rendered":"Juego de tarros de especias de vidrio de 10 oz (a granel) | Contenedores para almacenar especias"},"content":{"rendered":"<p>Olv\u00eddate de tener que lidiar con un almacenamiento desordenado de especias que hace que tu cocina se vea desorganizada. Fabricamos frascos de vidrio para especias de alta calidad que no solo embellecen tu cocina, sino que tambi\u00e9n mantienen tus especias frescas. No son simples frascos, son la nueva arma secreta de tu marca para la organizaci\u00f3n de la cocina y el envasado de alimentos.<\/p>\n<h2>Caracter\u00edsticas del producto<\/h2>\n<ol>\n<li><strong>Dise\u00f1o preciso del agitador:<\/strong>La tapa agitadora de acero inoxidable con orificios de igual tama\u00f1o y distribuci\u00f3n le permite controlar al m\u00e1ximo el flujo de especias para sal, pimienta y otras especias finas.<\/li>\n<li><strong>Mango c\u00f3modo:<\/strong>Las nervaduras verticales en la parte de la mano no solo mejoran la comodidad del agarre, sino que tambi\u00e9n le dan una apariencia atemporal a los frascos de vidrio para especias de su cocina.<\/li>\n<\/ol>\n<h2>Especificaciones clave<\/h2>\n<table style=\"border-collapse: collapse; width: 80%; margin-left: auto; margin-right: auto;\" border=\"0\" width=\"144\" cellspacing=\"0\" cellpadding=\"0\">\n<tbody>\n<tr style=\"height: 13.50pt;\">\n<td style=\"height: 13.5pt; width: 54pt; text-align: center;\" width=\"72\" height=\"18\">Capacidad<\/td>\n<td style=\"width: 54pt; text-align: center;\" width=\"72\">330 ml\/10 oz<\/td>\n<\/tr>\n<tr style=\"height: 13.50pt;\">\n<td style=\"height: 13.5pt; text-align: center;\" height=\"18\">Dimensiones<\/td>\n<td style=\"text-align: center;\">7,5 x 13,5 cm<\/td>\n<\/tr>\n<tr style=\"height: 13.50pt;\">\n<td style=\"height: 13.5pt; text-align: center;\" height=\"18\">Material<\/td>\n<td style=\"text-align: center;\">Tapa de vidrio y metal<\/td>\n<\/tr>\n<tr style=\"height: 13.50pt;\">\n<td style=\"height: 13.5pt; text-align: center;\" height=\"18\">Uso<\/td>\n<td style=\"text-align: center;\">Az\u00facar, sal, condimentos<\/td>\n<\/tr>\n<tr style=\"height: 13.50pt;\">\n<td style=\"height: 13.5pt; text-align: center;\" height=\"18\">Color<\/td>\n<td style=\"text-align: center;\">Costumbre<\/td>\n<\/tr>\n<\/tbody>\n<\/table>\n<h2>Caso de \u00e9xito<\/h2>\n<p>Una marca de alta gama de utensilios de cocina colabor\u00f3 \u200b\u200bcon nosotros para dise\u00f1ar este exclusivo juego de recipientes multifuncionales para especias. Presenta una textura especial en las paredes de vidrio para un mejor agarre y tapas de acero inoxidable con acabado espejo que no se oxidan ni siquiera con lavados frecuentes. Un frasco tiene un pico vertedor de gran precisi\u00f3n, ideal para aceite de oliva o salsa de soja; los dem\u00e1s frascos incluyen escurridores y tapas de boca peque\u00f1a para sal, az\u00facar y pimienta, respectivamente.<\/p>\n<p>Durante el primer trimestre, el conjunto fue el producto m\u00e1s vendido en las tiendas de estilo de vida, as\u00ed como en los minoristas en l\u00ednea, y las ventas superaron en un 40% el objetivo.<\/p>\n<h2>Tus consejos de personalizaci\u00f3n<\/h2>\n<p>Estos recipientes de vidrio para especias pueden ser un producto excelente si los personalizas, mejorando su apariencia y a\u00f1adiendo detalles atractivos. Para darle un aspecto impecable y profesional, puedes grabar el logotipo de tu marca en la tapa o el frasco mediante grabado l\u00e1ser o serigraf\u00eda. Adem\u00e1s, el frasco adquiere un aspecto lujoso al estar revestido de vidrio de color (\u00e1mbar, verde o gris ahumado), lo que tambi\u00e9n ayuda a proteger el contenido de la luz.<\/p>","protected":false},"excerpt":{"rendered":"<p>Descubra nuestro duradero juego de frascos de vidrio para especias con tapas de acero inoxidable: recipientes ideales para almacenar especias y organizar de forma ordenada la sal, el az\u00facar, el aceite y m\u00e1s.<\/p>","protected":false},"featured_media":2395,"template":"","meta":{"postBodyCss":"","postBodyMargin":[],"postBodyPadding":[],"postBodyBackground":{"backgroundType":"classic","gradient":""}},"product_brand":[],"product_cat":[17,15,53],"product_tag":[],"class_list":{"0":"post-2394","1":"product","2":"type-product","3":"status-publish","4":"has-post-thumbnail","6":"product_cat-glass-jars","7":"product_cat-glass-containers","8":"product_cat-spice-jars","10":"first","11":"instock","12":"shipping-taxable","13":"product-type-simple"},"jetpack_sharing_enabled":true,"_links":{"self":[{"href":"https:\/\/minghanggroup.com\/es\/wp-json\/wp\/v2\/product\/2394","targetHints":{"allow":["GET"]}}],"collection":[{"href":"https:\/\/minghanggroup.com\/es\/wp-json\/wp\/v2\/product"}],"about":[{"href":"https:\/\/minghanggroup.com\/es\/wp-json\/wp\/v2\/types\/product"}],"wp:featuredmedia":[{"embeddable":true,"href":"https:\/\/minghanggroup.com\/es\/wp-json\/wp\/v2\/media\/2395"}],"wp:attachment":[{"href":"https:\/\/minghanggroup.com\/es\/wp-json\/wp\/v2\/media?parent=2394"}],"wp:term":[{"taxonomy":"product_brand","embeddable":true,"href":"https:\/\/minghanggroup.com\/es\/wp-json\/wp\/v2\/product_brand?post=2394"},{"taxonomy":"product_cat","embeddable":true,"href":"https:\/\/minghanggroup.com\/es\/wp-json\/wp\/v2\/product_cat?post=2394"},{"taxonomy":"product_tag","embeddable":true,"href":"https:\/\/minghanggroup.com\/es\/wp-json\/wp\/v2\/product_tag?post=2394"}],"curies":[{"name":"wp","href":"https:\/\/api.w.org\/{rel}","templated":true}]}}