{"id":2387,"date":"2025-11-04T10:57:15","date_gmt":"2025-11-04T02:57:15","guid":{"rendered":"https:\/\/minghanggroup.com\/?post_type=product&#038;p=2387"},"modified":"2025-11-14T10:07:56","modified_gmt":"2025-11-14T02:07:56","slug":"the-spice-jar-with-lid-for-kitchen-wholesale","status":"publish","type":"product","link":"https:\/\/minghanggroup.com\/es\/producto\/the-spice-jar-with-lid-for-kitchen-wholesale\/","title":{"rendered":"Tarro de especias de 200 ml con tapa negra para cocina al por mayor"},"content":{"rendered":"<p>Olv\u00eddate del desorden que hace que tu cocina se vea desordenada. Fabricamos frascos de vidrio premium para especias que transforman tu cocina en un espacio elegante y mantienen tus especias frescas. No son solo recipientes, son la nueva arma secreta de tu marca para la organizaci\u00f3n de la cocina y el envasado de alimentos.<\/p>\n<h2>Caracter\u00edsticas del producto<\/h2>\n<ol>\n<li><strong>Claro como el cristal:<\/strong>Sin lugar a dudas, es a trav\u00e9s del vidrio grueso y transparente que puedes determinar muy f\u00e1cilmente los niveles de especias que quedan, por lo que no hay absolutamente ninguna duda de cu\u00e1ndo es el momento de hacer un nuevo pedido.<\/li>\n<li><strong>Opciones vers\u00e1tiles:<\/strong>La tapa de pl\u00e1stico negra tiene cucharas de diferentes formas que la acompa\u00f1an, por lo que son perfectas para almacenar miel, aceite de cocina o condimentos en polvo.<\/li>\n<li><strong>Personalizaci\u00f3n personalizada:<\/strong>Al seleccionar colores blanco, negro o incluso personalizados, puede crear un frasco de especias \u00fanico que refleje su marca o simplemente combine con el color de la marca.<\/li>\n<\/ol>\n<h2>Especificaciones clave<\/h2>\n<table style=\"border-collapse: collapse; width: 80%; margin-left: auto; margin-right: auto;\" border=\"0\" width=\"144\" cellspacing=\"0\" cellpadding=\"0\">\n<tbody>\n<tr style=\"height: 13.50pt;\">\n<td style=\"height: 13.5pt; width: 54pt; text-align: center;\" width=\"72\" height=\"18\">Capacidad<\/td>\n<td style=\"width: 54pt; text-align: center;\" width=\"72\">200 ml<\/td>\n<\/tr>\n<tr style=\"height: 13.50pt;\">\n<td style=\"height: 13.5pt; text-align: center;\" height=\"18\">Dimensiones<\/td>\n<td style=\"text-align: center;\">6,5 * 14 cent\u00edmetros<\/td>\n<\/tr>\n<tr style=\"height: 13.50pt;\">\n<td style=\"height: 13.5pt; text-align: center;\" height=\"18\">Forma<\/td>\n<td style=\"text-align: center;\">Redondo<\/td>\n<\/tr>\n<tr style=\"height: 13.50pt;\">\n<td style=\"height: 13.5pt; text-align: center;\" height=\"18\">Material<\/td>\n<td style=\"text-align: center;\">Vaso<\/td>\n<\/tr>\n<tr style=\"height: 13.50pt;\">\n<td style=\"height: 13.5pt; text-align: center;\" height=\"18\">Color<\/td>\n<td style=\"text-align: center;\">Transparente, personalizable<\/td>\n<\/tr>\n<tr style=\"height: 13.50pt;\">\n<td style=\"height: 13.5pt; text-align: center;\" height=\"18\">Uso<\/td>\n<td style=\"text-align: center;\">Contenedor de especias, botella de especias<\/td>\n<\/tr>\n<tr style=\"height: 13.50pt;\">\n<td style=\"height: 13.5pt; text-align: center;\" height=\"18\">Opciones de personalizaci\u00f3n<\/td>\n<td style=\"text-align: center;\">Logotipo, tapas, color, etiqueta, tama\u00f1o.<\/td>\n<\/tr>\n<\/tbody>\n<\/table>\n<h2>Caso de \u00e9xito<\/h2>\n<p>Una marca italiana de especias colabor\u00f3 \u200b\u200bcon nosotros para crear estos elegantes frascos de vidrio para especias para su nueva colecci\u00f3n &#034;Golden Kitchen&#034;. Cada frasco est\u00e1 hecho de vidrio denso y muy transparente, lo que permite una presentaci\u00f3n natural de la miel, las especias y las hierbas, a la vez que las tapas negras brillantes les confieren un encanto moderno y refinado. Adem\u00e1s, la marca dise\u00f1\u00f3 un logotipo dorado en las tapas para su propio uso.<\/p>\n<p>Tres meses despu\u00e9s del lanzamiento del producto, el empaque limpio y consistente elev\u00f3 la imagen de la marca en el punto de venta, lo que fue seguido por un aumento del 45% en las ventas.<\/p>\n<h2>Tus consejos de personalizaci\u00f3n<\/h2>\n<p>Decir que los envases de especias son de lo m\u00e1s aburrido es probablemente quedarse corto. Tus tarros de especias no solo no deber\u00edan ser un mero almac\u00e9n de sabores, sino que deber\u00edan ser los que los muestren. \u00bfQuieres estar en l\u00ednea con la imagen culinaria de alta gama de tu marca? Puedes jugar con diferentes claridades de vidrio, el color de las tapas e incluso insertar cucharas para miel, cucharadas o pinceles peque\u00f1os dentro de la tapa. Tener tu marca en relieve o a\u00f1adir acentos met\u00e1licos dar\u00e1 una sensaci\u00f3n a\u00fan m\u00e1s lujosa. Puedes hablar sobre opciones de compra al por mayor si lo deseas. \u00bfTe animamos a crear un tarro de especias que convierta cada estante en un escenario del gusto y el estilo de tu marca?<\/p>","protected":false},"excerpt":{"rendered":"<p>Renueva tu cocina con la colecci\u00f3n de tarros para especias. Estos peque\u00f1os tarros para especias cuentan con elegantes tapas negras, ideales para guardar miel, hierbas y condimentos de forma ordenada.<\/p>","protected":false},"featured_media":2388,"template":"","meta":{"postBodyCss":"","postBodyMargin":[],"postBodyPadding":[],"postBodyBackground":{"backgroundType":"classic","gradient":""}},"product_brand":[],"product_cat":[15,17,53],"product_tag":[],"class_list":{"0":"post-2387","1":"product","2":"type-product","3":"status-publish","4":"has-post-thumbnail","6":"product_cat-glass-containers","7":"product_cat-glass-jars","8":"product_cat-spice-jars","10":"first","11":"instock","12":"shipping-taxable","13":"product-type-simple"},"jetpack_sharing_enabled":true,"_links":{"self":[{"href":"https:\/\/minghanggroup.com\/es\/wp-json\/wp\/v2\/product\/2387","targetHints":{"allow":["GET"]}}],"collection":[{"href":"https:\/\/minghanggroup.com\/es\/wp-json\/wp\/v2\/product"}],"about":[{"href":"https:\/\/minghanggroup.com\/es\/wp-json\/wp\/v2\/types\/product"}],"wp:featuredmedia":[{"embeddable":true,"href":"https:\/\/minghanggroup.com\/es\/wp-json\/wp\/v2\/media\/2388"}],"wp:attachment":[{"href":"https:\/\/minghanggroup.com\/es\/wp-json\/wp\/v2\/media?parent=2387"}],"wp:term":[{"taxonomy":"product_brand","embeddable":true,"href":"https:\/\/minghanggroup.com\/es\/wp-json\/wp\/v2\/product_brand?post=2387"},{"taxonomy":"product_cat","embeddable":true,"href":"https:\/\/minghanggroup.com\/es\/wp-json\/wp\/v2\/product_cat?post=2387"},{"taxonomy":"product_tag","embeddable":true,"href":"https:\/\/minghanggroup.com\/es\/wp-json\/wp\/v2\/product_tag?post=2387"}],"curies":[{"name":"wp","href":"https:\/\/api.w.org\/{rel}","templated":true}]}}