{"id":2369,"date":"2025-10-31T16:10:54","date_gmt":"2025-10-31T08:10:54","guid":{"rendered":"https:\/\/minghanggroup.com\/?post_type=product&#038;p=2369"},"modified":"2026-01-20T13:42:01","modified_gmt":"2026-01-20T05:42:01","slug":"wholesale-small-glass-jars-with-lids-for-yogurt-packaging","status":"publish","type":"product","link":"https:\/\/minghanggroup.com\/es\/producto\/wholesale-small-glass-jars-with-lids-for-yogurt-packaging\/","title":{"rendered":"Frascos de vidrio cuadrados peque\u00f1os de 150 ml con tapa para envasar yogur"},"content":{"rendered":"<p>Olv\u00eddate de los aburridos frascos de vidrio que hacen que tu yogur pase desapercibido. Creamos frascos de vidrio personalizados con tapas para yogur que convierten cada cucharada en un momento de alegr\u00eda. No son solo envases, son la nueva arma secreta de tu marca para un envasado de l\u00e1cteos fresco y elegante. Como tu fabricante de confianza de envases de vidrio, utilizamos los mejores materiales para que tu producto conserve su sabor fresco por m\u00e1s tiempo.<\/p>\n<h2>Caracter\u00edsticas del producto<\/h2>\n<ol>\n<li><strong>Dise\u00f1o cuadrado apilable:<\/strong>Una soluci\u00f3n de almacenamiento y exhibici\u00f3n para sus peque\u00f1os frascos de yogur de vidrio se hace sencilla gracias a los de forma perfecta: ahora puede maximizar el espacio de su estante con estilo intacto.<\/li>\n<li><strong>Pantalla n\u00edtida:<\/strong>Con el uso de vidrio transparente de primera calidad, los colores vibrantes de su yogur se hacen visibles de inmediato: los clientes pueden ver la calidad m\u00e1s fresca incluso antes de comprarlo.<\/li>\n<li><strong>Personalizaci\u00f3n colorida:<\/strong>\u00bfPor qu\u00e9 no utilizar uno de los seis colores, es decir, rojo, amarillo, verde, azul, rosa o blanco para que combine perfectamente con la identidad de su marca para sus frascos de leche de vidrio?<\/li>\n<li><strong>Sistema de tapa segura:<\/strong>La frescura y el almacenamiento tienen dos objetivos: est\u00e1n sellados herm\u00e9ticamente gracias a las coloridas tapas de pl\u00e1stico; no hay fugas de los frascos de vidrio con tapas para yogur.<\/li>\n<\/ol>\n<h2>Especificaciones clave<\/h2>\n<table style=\"border-collapse: collapse; width: 80%; margin-left: auto; margin-right: auto;\" border=\"0\" width=\"360\" cellspacing=\"0\" cellpadding=\"0\">\n<tbody>\n<tr style=\"height: 13.50pt;\">\n<td style=\"height: 13.5pt; width: 54pt; text-align: center;\" width=\"72\" height=\"18\">Capacidad<\/td>\n<td style=\"width: 54pt; text-align: center;\" width=\"72\">Dimensiones<\/td>\n<td style=\"width: 54pt; text-align: center;\" width=\"72\">Forma<\/td>\n<td style=\"width: 54pt; text-align: center;\" width=\"72\">Material<\/td>\n<td style=\"width: 54pt; text-align: center;\" width=\"72\">Color<\/td>\n<\/tr>\n<tr style=\"height: 13.50pt;\">\n<td style=\"height: 13.5pt; text-align: center;\" height=\"18\">150 ml<\/td>\n<td style=\"text-align: center;\">5,7 x 7,7 x 7,3 cm<\/td>\n<td style=\"text-align: center;\">Cuadrado<\/td>\n<td style=\"text-align: center;\">Vaso<\/td>\n<td style=\"text-align: center;\">Transparente, personalizable<\/td>\n<\/tr>\n<\/tbody>\n<\/table>\n<h2>Caso de \u00e9xito<\/h2>\n<p>Un peque\u00f1o estudio canadiense de postres colabor\u00f3 \u200b\u200bcon nosotros para crear estos brillantes frascos cuadrados de yogur de vidrio con tapa para su l\u00ednea de yogur artesanal. Para su marca, que se distingue por su alegre y c\u00e1lida esencia artesanal, eligieron colores pastel suaves: rosa, azul y amarillo. Cada peque\u00f1o frasco de vidrio est\u00e1 decorado con un sencillo logotipo de la marca y viene con una funda de silicona para sellar el producto y garantizar su frescura durante el transporte y el almacenamiento.<\/p>\n<p>Una vez que los productos se lanzaron, los usuarios quedaron encantados con su aspecto vibrante y dise\u00f1o ecol\u00f3gico. La tasa de recompra del estudio aument\u00f3 un 40 % en tres meses.<\/p>\n<h2>Tus consejos de personalizaci\u00f3n<\/h2>\n<p>En el caso de estos frascos de vidrio cuadrados con tapas para yogur, puede colocar el logotipo de su marca o un patr\u00f3n mediante impresi\u00f3n esmerilada o personalizaci\u00f3n de calcoman\u00edas para aumentar el atractivo en el estante. Hay diferentes colores o materiales de tapa entre los que puede elegir, como silicona, bamb\u00fa o aluminio, para armonizar con la identidad de su marca. En caso de que tenga una venta fija, ofrezca diferentes capacidades de frasco (100 ml\u2013250 ml) como una forma de variedad de productos. La adici\u00f3n de logotipos en relieve o etiquetas transparentes puede elevar la apariencia de sus peque\u00f1os frascos de yogur de vidrio y hacerlos resaltar m\u00e1s.<\/p>","protected":false},"excerpt":{"rendered":"<p>Nuestros frascos cuadrados de vidrio con tapa para yogur son personalizables. Frascos peque\u00f1os de yogur con tapas de colores para postres y mermeladas. Cont\u00e1ctanos hoy mismo para solicitar muestras gratuitas.<\/p>","protected":false},"featured_media":2375,"template":"","meta":{"postBodyCss":"","postBodyMargin":[],"postBodyPadding":[],"postBodyBackground":{"backgroundType":"classic","gradient":""}},"product_brand":[],"product_cat":[15,16,46],"product_tag":[65,64],"class_list":{"0":"post-2369","1":"product","2":"type-product","3":"status-publish","4":"has-post-thumbnail","6":"product_cat-glass-containers","7":"product_cat-glass-bottles","8":"product_cat-glass-milk-bottles","9":"product_tag-glass-jam-jars","10":"product_tag-glass-yogurt-jars","12":"first","13":"instock","14":"shipping-taxable","15":"product-type-simple"},"jetpack_sharing_enabled":true,"_links":{"self":[{"href":"https:\/\/minghanggroup.com\/es\/wp-json\/wp\/v2\/product\/2369","targetHints":{"allow":["GET"]}}],"collection":[{"href":"https:\/\/minghanggroup.com\/es\/wp-json\/wp\/v2\/product"}],"about":[{"href":"https:\/\/minghanggroup.com\/es\/wp-json\/wp\/v2\/types\/product"}],"wp:featuredmedia":[{"embeddable":true,"href":"https:\/\/minghanggroup.com\/es\/wp-json\/wp\/v2\/media\/2375"}],"wp:attachment":[{"href":"https:\/\/minghanggroup.com\/es\/wp-json\/wp\/v2\/media?parent=2369"}],"wp:term":[{"taxonomy":"product_brand","embeddable":true,"href":"https:\/\/minghanggroup.com\/es\/wp-json\/wp\/v2\/product_brand?post=2369"},{"taxonomy":"product_cat","embeddable":true,"href":"https:\/\/minghanggroup.com\/es\/wp-json\/wp\/v2\/product_cat?post=2369"},{"taxonomy":"product_tag","embeddable":true,"href":"https:\/\/minghanggroup.com\/es\/wp-json\/wp\/v2\/product_tag?post=2369"}],"curies":[{"name":"wp","href":"https:\/\/api.w.org\/{rel}","templated":true}]}}