{"id":2355,"date":"2025-10-31T14:35:46","date_gmt":"2025-10-31T06:35:46","guid":{"rendered":"https:\/\/minghanggroup.com\/?post_type=product&#038;p=2355"},"modified":"2025-10-31T17:50:01","modified_gmt":"2025-10-31T09:50:01","slug":"bulk-hexagonal-glass-honey-storage-containers-with-dust-lids","status":"publish","type":"product","link":"https:\/\/minghanggroup.com\/es\/producto\/bulk-hexagonal-glass-honey-storage-containers-with-dust-lids\/","title":{"rendered":"Recipientes hexagonales de vidrio para almacenar miel a granel con tapas antipolvo (380 ml y 730 ml)"},"content":{"rendered":"<p>Estos recipientes para almacenar miel, fabricados en vidrio con forma hexagonal, presentan un cuerpo de vidrio transparente con l\u00edneas suaves y redondeadas y \u00e1ngulos afilados. Las tapas est\u00e1n disponibles en colores verde y marr\u00f3n rojizo, y en una variedad de tama\u00f1os. Su dise\u00f1o minimalista pero elegante combina a la perfecci\u00f3n funcionalidad y belleza.<\/p>\n<h2>Caracter\u00edsticas del producto<\/h2>\n<ul>\n<li><strong>Material de vidrio transparente:<\/strong> El vidrio transparente hace que el producto en el interior sea muy visible, por lo que la miel nunca luci\u00f3 tan bien y al mismo tiempo cumple su funci\u00f3n de practicidad.<\/li>\n<li><strong>Bordes y cuerpo redondeados:<\/strong> Las l\u00edneas redondeadas de los frascos les dan un aspecto elegante y suave, aumentando as\u00ed el atractivo visual del producto y haci\u00e9ndolo m\u00e1s identificable.<\/li>\n<li><strong>Dise\u00f1o sellado a prueba de polvo:<\/strong> Se puede decir que la miel se almacena de forma higi\u00e9nica, teniendo en cuenta que se instala una tapa sellada con una cubierta antipolvo transparente, adem\u00e1s la higiene se ve facilitada por este embalaje.<\/li>\n<\/ul>\n<h2 style=\"text-align: left;\">Especificaciones clave<\/h2>\n<table class=\"aligncenter\" style=\"border-collapse: collapse; width: 415.52pt;\" border=\"0\" width=\"554\" cellspacing=\"0\" cellpadding=\"0\">\n<tbody>\n<tr style=\"height: 13.50pt;\">\n<td style=\"height: 13.50pt; width: 95.25pt;\" width=\"127\" height=\"18\">Caracter\u00edstica<\/td>\n<td style=\"width: 320.25pt;\" width=\"427\">Especificaci\u00f3n<\/td>\n<\/tr>\n<tr style=\"height: 13.50pt;\">\n<td style=\"height: 13.50pt;\" height=\"18\">Capacidad<\/td>\n<td>380 ml, 730 ml<\/td>\n<\/tr>\n<tr style=\"height: 13.50pt;\">\n<td style=\"height: 13.50pt;\" height=\"18\">Forma<\/td>\n<td>Cil\u00edndrico con 6 facetas suaves<\/td>\n<\/tr>\n<tr style=\"height: 13.50pt;\">\n<td style=\"height: 13.50pt;\" height=\"18\">Dimensiones<\/td>\n<td>8,5\u00d713 cm, 10,4\u00d716,2 cm<\/td>\n<\/tr>\n<tr style=\"height: 13.50pt;\">\n<td style=\"height: 13.50pt;\" height=\"18\">Material<\/td>\n<td>Vidrio transparente, tapa sellada contra el polvo<\/td>\n<\/tr>\n<tr style=\"height: 13.50pt;\">\n<td style=\"height: 13.50pt;\" height=\"18\">Opciones de tapa<\/td>\n<td>Verde, marr\u00f3n rojizo, amarillo, azul<\/td>\n<\/tr>\n<tr style=\"height: 13.50pt;\">\n<td style=\"height: 13.50pt;\" height=\"18\">Mejor para<\/td>\n<td>caf\u00e9s, tiendas ecol\u00f3gicas, cooperativas de apicultura<\/td>\n<\/tr>\n<tr style=\"height: 13.50pt;\">\n<td style=\"height: 13.50pt;\" height=\"18\">Uso ideal<\/td>\n<td>Contenedor para almacenar miel, frascos de miel de vidrio hexagonales<\/td>\n<\/tr>\n<\/tbody>\n<\/table>\n<h2>Historia de \u00e9xito: C\u00f3mo un mejor embalaje provoc\u00f3 una reducci\u00f3n del 60 % en las tasas de devoluci\u00f3n<\/h2>\n<p>La tasa de devoluciones por fugas en frascos fue del 5% para un minorista que vende miel en l\u00ednea. Tras cambiar a nuestros frascos de miel hexagonales de vidrio de 730 ml con tapas selladas, la tasa de devoluciones por problemas de embalaje se redujo un 60% y la tasa de clientes que regresan aument\u00f3 un 25%. Los clientes est\u00e1n satisfechos con la estanqueidad del envase y la empresa utiliza actualmente estos envases de vidrio para todos sus productos. Realiza un pedido bimensual de 200.000 botellas de ambos tama\u00f1os.<\/p>\n<h2>Ideas para personalizar contenedores de vidrio<\/h2>\n<ul>\n<li>Color de gorra personalizado: para asegurarse de que el color de la gorra no solo coincida perfectamente, sino que tambi\u00e9n complemente la combinaci\u00f3n de colores de su marca, se debe utilizar la tabla de colores Pantone para la combinaci\u00f3n de colores.<\/li>\n<li>Facetas Esmeriladas: Puedes crear un bonito efecto de contraste visual aplicando un acabado esmerilado en aquellas facetas que no son tus letras y as\u00ed puedes conseguir que la forma del hex\u00e1gono se destaque m\u00e1s.<\/li>\n<li>Selecci\u00f3n del grosor del vidrio: puede optar por el grosor normal o actualizar su vidrio para que sea m\u00e1s grueso y, por lo tanto, m\u00e1s texturizado y duradero.<\/li>\n<li>Tinte con protecci\u00f3n UV: vaya un paso m\u00e1s all\u00e1 y utilice vidrio tintado en color \u00e1mbar para proteger sus productos sensibles a la luz contra los rayos UV durante el almacenamiento.<\/li>\n<\/ul>","protected":false},"excerpt":{"rendered":"<p>Recipientes de vidrio premium para almacenar miel con tapas herm\u00e9ticas. Estos frascos de vidrio Hecgon son ideales para envasar miel, mermelada o jarabe. \u00a1Descuentos al por mayor!<\/p>","protected":false},"featured_media":2370,"template":"","meta":{"postBodyCss":"","postBodyMargin":[],"postBodyPadding":[],"postBodyBackground":{"backgroundType":"classic","gradient":""}},"product_brand":[],"product_cat":[15,17,52],"product_tag":[],"class_list":{"0":"post-2355","1":"product","2":"type-product","3":"status-publish","4":"has-post-thumbnail","6":"product_cat-glass-containers","7":"product_cat-glass-jars","8":"product_cat-glass-honey-jars","10":"first","11":"instock","12":"shipping-taxable","13":"product-type-simple"},"jetpack_sharing_enabled":true,"_links":{"self":[{"href":"https:\/\/minghanggroup.com\/es\/wp-json\/wp\/v2\/product\/2355","targetHints":{"allow":["GET"]}}],"collection":[{"href":"https:\/\/minghanggroup.com\/es\/wp-json\/wp\/v2\/product"}],"about":[{"href":"https:\/\/minghanggroup.com\/es\/wp-json\/wp\/v2\/types\/product"}],"wp:featuredmedia":[{"embeddable":true,"href":"https:\/\/minghanggroup.com\/es\/wp-json\/wp\/v2\/media\/2370"}],"wp:attachment":[{"href":"https:\/\/minghanggroup.com\/es\/wp-json\/wp\/v2\/media?parent=2355"}],"wp:term":[{"taxonomy":"product_brand","embeddable":true,"href":"https:\/\/minghanggroup.com\/es\/wp-json\/wp\/v2\/product_brand?post=2355"},{"taxonomy":"product_cat","embeddable":true,"href":"https:\/\/minghanggroup.com\/es\/wp-json\/wp\/v2\/product_cat?post=2355"},{"taxonomy":"product_tag","embeddable":true,"href":"https:\/\/minghanggroup.com\/es\/wp-json\/wp\/v2\/product_tag?post=2355"}],"curies":[{"name":"wp","href":"https:\/\/api.w.org\/{rel}","templated":true}]}}