{"id":2335,"date":"2025-10-31T11:15:42","date_gmt":"2025-10-31T03:15:42","guid":{"rendered":"https:\/\/minghanggroup.com\/?post_type=product&#038;p=2335"},"modified":"2025-10-31T14:50:02","modified_gmt":"2025-10-31T06:50:02","slug":"bulk-hexagon-glass-honey-jars-with-honeycomb","status":"publish","type":"product","link":"https:\/\/minghanggroup.com\/es\/producto\/bulk-hexagon-glass-honey-jars-with-honeycomb\/","title":{"rendered":"Tarros de miel de vidrio hexagonales a granel con panal de 500 ml y 1000 ml"},"content":{"rendered":"<p>Estos tarros de miel hexagonales de vidrio presentan cuerpos transparentes con un dise\u00f1o de panal en relieve y tapas doradas y amarillas. Est\u00e1n disponibles en dos tama\u00f1os diferentes. No hay un solo elemento que no refleje a la perfecci\u00f3n la tem\u00e1tica de la miel, ya que esta se exhibe con elegancia a trav\u00e9s del cristal transparente.<\/p>\n<h2>Caracter\u00edsticas del producto<\/h2>\n<ul>\n<li><strong>Textura de panal:<\/strong> Los frascos de miel hexagonales presentan un dise\u00f1o \u00fanico en relieve de panal, que combina perfectamente con el tema de la miel y mejora el reconocimiento del producto y el atractivo tem\u00e1tico.<\/li>\n<li><strong>Dos tama\u00f1os disponibles:<\/strong> Al disponer de dos tarros de miel de tama\u00f1os especialmente diferentes, el usuario podr\u00e1 atender a ambos, ya sea con el producto para el uso dom\u00e9stico diario o para envolver regalos y as\u00ed poder participar en otro tipo de eventos.<\/li>\n<li><strong>Presentaci\u00f3n de estilo tem\u00e1tico:<\/strong> Los frascos con textura de panal combinados con tapas de metal\/color crean un efecto visualmente consistente con el tema de la miel, reforzando la personalidad \u00fanica del producto.<\/li>\n<\/ul>\n<h2 style=\"text-align: left;\">Especificaciones clave<\/h2>\n<table class=\"aligncenter\" style=\"border-collapse: collapse; width: 455.27pt;\" border=\"0\" width=\"607\" cellspacing=\"0\" cellpadding=\"0\">\n<tbody>\n<tr style=\"height: 13.50pt;\">\n<td style=\"height: 13.50pt; width: 95.25pt;\" width=\"127\" height=\"18\">Caracter\u00edstica<\/td>\n<td style=\"width: 360.00pt;\" width=\"480\">Especificaci\u00f3n<\/td>\n<\/tr>\n<tr style=\"height: 13.50pt;\">\n<td style=\"height: 13.50pt;\" height=\"18\">Capacidad<\/td>\n<td>500 ml, 1000 ml<\/td>\n<\/tr>\n<tr style=\"height: 13.50pt;\">\n<td style=\"height: 13.50pt;\" height=\"18\">Forma<\/td>\n<td>Hexagonal con relieve completo en forma de panal<\/td>\n<\/tr>\n<tr style=\"height: 13.50pt;\">\n<td style=\"height: 13.50pt;\" height=\"18\">Dimensiones<\/td>\n<td>8\u00d77,5\u00d711,9 cm, 9,7\u00d79,2\u00d714,5 cm<\/td>\n<\/tr>\n<tr style=\"height: 13.50pt;\">\n<td style=\"height: 13.50pt;\" height=\"18\">Material<\/td>\n<td>Vidrio transparente, tapa de rosca<\/td>\n<\/tr>\n<tr style=\"height: 13.50pt;\">\n<td style=\"height: 13.50pt;\" height=\"18\">Opciones de tapa<\/td>\n<td>Oro, amarillo, plata, negro.<\/td>\n<\/tr>\n<tr style=\"height: 13.50pt;\">\n<td style=\"height: 13.50pt;\" height=\"18\">Mejor para<\/td>\n<td>Miel cruda, sets de regalo, tiendas boutique, cooperativas de apicultura<\/td>\n<\/tr>\n<tr style=\"height: 13.50pt;\">\n<td style=\"height: 13.50pt;\" height=\"18\">Uso ideal<\/td>\n<td>Tarro de miel con panal, tarro de miel de cristal<\/td>\n<\/tr>\n<\/tbody>\n<\/table>\n<h2>Caso de \u00e9xito: C\u00f3mo los envases tem\u00e1ticos pueden impulsar un crecimiento del 40%<\/h2>\n<p>Una explotaci\u00f3n ap\u00edcola mediana luchaba por destacarse con frascos redondos sencillos. Un aumento del 40 % en las ventas y un 58 % en las compras recurrentes fueron los resultados obtenidos por la explotaci\u00f3n que cambi\u00f3 sus frascos redondos por nuestros frascos hexagonales de vidrio para miel de 500 ml con dise\u00f1o de panal y tapas doradas durante tres meses. Los clientes quedaron encantados con el aspecto \u00fanico de &#034;miel aut\u00e9ntica&#034;, que hac\u00eda que la marca fuera f\u00e1cilmente identificable. Tras tres pedidos consecutivos, la explotaci\u00f3n ahora utiliza estos frascos en toda su gama de productos.<\/p>\n<h2>Sugerencias para personalizar envases de vidrio<\/h2>\n<ul>\n<li><strong>Acabado de la tapa personalizado:<\/strong> Puede seleccionar tapas mate, brillantes o met\u00e1licas para combinar visualmente con la marca.<\/li>\n<li><strong>Densidad del patr\u00f3n de panal:<\/strong> Se pueden realizar cambios en el tama\u00f1o del tarro de miel con patr\u00f3n de panal y en la profundidad del relieve si desea que el efecto sea m\u00e1s o menos visible.<\/li>\n<li><strong>Vidrieras:<\/strong> El vidrio \u00e1mbar no solo es excelente para la protecci\u00f3n UV, sino que tambi\u00e9n le da al producto un hermoso aspecto c\u00e1lido y dorado, as\u00ed que \u00bfpor qu\u00e9 no usarlo?<\/li>\n<li><strong>Brillo met\u00e1lico:<\/strong> Utilice un brillo met\u00e1lico para reflejar la luz de ciertas \u00e1reas del patr\u00f3n de panal para producir un efecto visualmente llamativo.<\/li>\n<\/ul>","protected":false},"excerpt":{"rendered":"<p>Elegante tarro de miel hexagonal de vidrio con dise\u00f1o de panal, hecho de vidrio de alta calidad y tapa dorada. Perfecto para envasar miel. \u00a1Pide al por mayor con muestras gratis!<\/p>","protected":false},"featured_media":2351,"template":"","meta":{"postBodyCss":"","postBodyMargin":[],"postBodyPadding":[],"postBodyBackground":{"backgroundType":"classic","gradient":""}},"product_brand":[],"product_cat":[15,17,52],"product_tag":[],"class_list":{"0":"post-2335","1":"product","2":"type-product","3":"status-publish","4":"has-post-thumbnail","6":"product_cat-glass-containers","7":"product_cat-glass-jars","8":"product_cat-glass-honey-jars","10":"first","11":"instock","12":"shipping-taxable","13":"product-type-simple"},"jetpack_sharing_enabled":true,"_links":{"self":[{"href":"https:\/\/minghanggroup.com\/es\/wp-json\/wp\/v2\/product\/2335","targetHints":{"allow":["GET"]}}],"collection":[{"href":"https:\/\/minghanggroup.com\/es\/wp-json\/wp\/v2\/product"}],"about":[{"href":"https:\/\/minghanggroup.com\/es\/wp-json\/wp\/v2\/types\/product"}],"wp:featuredmedia":[{"embeddable":true,"href":"https:\/\/minghanggroup.com\/es\/wp-json\/wp\/v2\/media\/2351"}],"wp:attachment":[{"href":"https:\/\/minghanggroup.com\/es\/wp-json\/wp\/v2\/media?parent=2335"}],"wp:term":[{"taxonomy":"product_brand","embeddable":true,"href":"https:\/\/minghanggroup.com\/es\/wp-json\/wp\/v2\/product_brand?post=2335"},{"taxonomy":"product_cat","embeddable":true,"href":"https:\/\/minghanggroup.com\/es\/wp-json\/wp\/v2\/product_cat?post=2335"},{"taxonomy":"product_tag","embeddable":true,"href":"https:\/\/minghanggroup.com\/es\/wp-json\/wp\/v2\/product_tag?post=2335"}],"curies":[{"name":"wp","href":"https:\/\/api.w.org\/{rel}","templated":true}]}}