{"id":2302,"date":"2025-10-30T15:36:54","date_gmt":"2025-10-30T07:36:54","guid":{"rendered":"https:\/\/minghanggroup.com\/?post_type=product&#038;p=2302"},"modified":"2026-01-20T14:32:18","modified_gmt":"2026-01-20T06:32:18","slug":"bulk-beautiful-embossed-honey-glass-jars-with-metal-lids","status":"publish","type":"product","link":"https:\/\/minghanggroup.com\/es\/producto\/bulk-beautiful-embossed-honey-glass-jars-with-metal-lids\/","title":{"rendered":"Hermosos frascos de vidrio para miel en relieve a granel de 280 ml y 380 ml"},"content":{"rendered":"<p>Estos\u200b\u200d\u200b\u200c\u200d\u200b\u200d\u200c\u200b\u200d\u200b\u200c\u200d\u200b\u200d\u200c frascos de vidrio para miel est\u00e1n alojados en cuerpos de vidrio transparente que est\u00e1n decorados con hermosos patrones en relieve y est\u00e1n disponibles con tapas en rojo y marr\u00f3n de varios tama\u00f1os que representan un dise\u00f1o refinado y art\u00edstico con clase que no solo se ve bien sino que es de gran utilidad.<\/p>\n<h2>Caracter\u00edsticas del producto<\/h2>\n<ul>\n<li><strong>Cuerpo del frasco en relieve:<\/strong> Los frascos presentan hermosos dise\u00f1os en relieve y el elegante dise\u00f1o art\u00edstico aumenta la reconocibilidad y el atractivo visual del producto.<\/li>\n<li><strong>Dos\u200b\u200d\u200b\u200c\u200d\u200b\u200d\u200c\u200b\u200d\u200b\u200c\u200d\u200b\u200d\u200c tama\u00f1os disponibles: <\/strong>Disponemos de ejemplares de distintos tama\u00f1os para diversas ocasiones con el fin de satisfacer las necesidades, incluido el almacenamiento de miel y el embalaje de regalo.<\/li>\n<li><strong>Dise\u00f1o imaginativo:<\/strong> El recipiente transparente del frasco, que es un elemento decorado en relieve, produce un dise\u00f1o art\u00edstico singular que eleva el producto con moda y \u200b\u200d\u200b\u200c\u200d\u200b\u200d\u200c\u200b\u200d\u200b\u200c\u200d\u200b\u200d\u200cmagnificencia.<\/li>\n<\/ul>\n<h2 style=\"text-align: left;\">Especificaciones clave<\/h2>\n<table class=\"aligncenter\" style=\"border-collapse: collapse; width: 390.77pt;\" border=\"0\" width=\"521\" cellspacing=\"0\" cellpadding=\"0\">\n<tbody>\n<tr style=\"height: 13.50pt;\">\n<td style=\"height: 13.50pt; width: 108.75pt;\" width=\"145\" height=\"18\">Caracter\u00edstica<\/td>\n<td style=\"width: 282.00pt;\" width=\"376\">Especificaci\u00f3n<\/td>\n<\/tr>\n<tr style=\"height: 13.50pt;\">\n<td style=\"height: 13.50pt;\" height=\"18\">Capacidad<\/td>\n<td>280 ml, 380 ml<\/td>\n<\/tr>\n<tr style=\"height: 13.50pt;\">\n<td style=\"height: 13.50pt;\" height=\"18\">Forma<\/td>\n<td>Cil\u00edndrico con grabado de cuerpo entero<\/td>\n<\/tr>\n<tr style=\"height: 13.50pt;\">\n<td style=\"height: 13.50pt;\" height=\"18\">Dimensiones<\/td>\n<td>7,7\u00d710,5 cm, 8,4\u00d711,5 cm<\/td>\n<\/tr>\n<tr style=\"height: 13.50pt;\">\n<td style=\"height: 13.50pt;\" height=\"18\">Tipo de cuello<\/td>\n<td>Boca ancha (5,2\u20135,6 cm de di\u00e1metro)<\/td>\n<\/tr>\n<tr style=\"height: 13.50pt;\">\n<td style=\"height: 13.50pt;\" height=\"18\">Material<\/td>\n<td>Vidrio transparente, tapa de rosca met\u00e1lica.<\/td>\n<\/tr>\n<tr style=\"height: 13.50pt;\">\n<td style=\"height: 13.50pt;\" height=\"18\">Opciones de tapa<\/td>\n<td>Rojo, marr\u00f3n, dorado, plateado.<\/td>\n<\/tr>\n<tr style=\"height: 13.50pt;\">\n<td style=\"height: 13.50pt;\" height=\"18\">Mejor para<\/td>\n<td>Miel premium, sets de regalo, venta minorista boutique<\/td>\n<\/tr>\n<tr style=\"height: 13.50pt;\">\n<td style=\"height: 13.50pt;\" height=\"18\">Uso ideal<\/td>\n<td>Hermosos tarros de miel, tarros de mermelada en relieve.<\/td>\n<\/tr>\n<\/tbody>\n<\/table>\n<h2>Historia de \u00e9xito: C\u00f3mo los frascos con relieve cambiaron el posicionamiento de la marca<\/h2>\n<p>La cooperativa ap\u00edcola que abastec\u00eda de miel a la zona apenas lograba destacar sus productos en las tiendas de recuerdos de la regi\u00f3n. Su soso empaque no los diferenciaba de la competencia. Cambiaron el empaque de su l\u00ednea de productos insignia por nuestros hermosos frascos de miel de 380 ml con tapa marr\u00f3n. La transformaci\u00f3n fue extraordinaria. En tan solo seis meses, hab\u00edan aumentado su precio promedio de venta al p\u00fablico en un 35 %. Los compradores de las tiendas destacaron que estos atractivos frascos de miel no solo eran productos, sino tambi\u00e9n un deleite para la vista. Lo que es a\u00fan m\u00e1s destacable es que la cooperativa, entre otras, ha logrado contratos con tres grandes almacenes de lujo que antes hab\u00edan rechazado sus productos. Estos grandes almacenes ahora utilizan este elegante frasco de miel para todas sus l\u00edneas y realizan pedidos de 100\u00a0000 unidades cada dos meses.<\/p>\n<h2>Sugerencias para personalizar envases de vidrio<\/h2>\n<ul>\n<li><strong>Patrones en relieve personalizados:<\/strong> Modifique el patr\u00f3n floral actual, integre los elementos de la identidad de su marca o simplemente cree dise\u00f1os completamente nuevos.<\/li>\n<li><strong>Coincidencia de colores de la gorra:<\/strong> Podemos hacer coincidir el color de la gorra con el color Pantone de su marca con gran precisi\u00f3n para garantizar que el color sea absolutamente consistente.<\/li>\n<li><strong>Acabados especiales\u200b\u200d\u200b\u200c\u200d\u200b\u200d\u200c\u200b\u200d\u200b\u200c\u200d\u200b\u200d\u200c brillo\/mate:<\/strong> Utilice acabados brillantes y mate en varias zonas de la botella para atraer la mirada.<\/li>\n<li><strong>Aspectos destacados met\u00e1licos:<\/strong> Coloque peque\u00f1as cantidades de polvo met\u00e1lico dorado o plateado en las partes que est\u00e1n elevadas en el relieve para que se vean ricas y \u200b\u200d\u200b\u200c\u200d\u200b\u200d\u200c\u200d\u200b\u200c\u200d\u200b\u200d\u200chermosas.<\/li>\n<\/ul>","protected":false},"excerpt":{"rendered":"<p>Elegantes frascos de vidrio transparente para miel con art\u00edsticos dise\u00f1os en relieve. Ideales para marcas de miel premium. \u00a1Precios de mayoreo, env\u00edo r\u00e1pido y muestras gratis!<\/p>","protected":false},"featured_media":2330,"template":"","meta":{"postBodyCss":"","postBodyMargin":[],"postBodyPadding":[],"postBodyBackground":{"backgroundType":"classic","gradient":""}},"product_brand":[],"product_cat":[15,17,52],"product_tag":[81,65],"class_list":{"0":"post-2302","1":"product","2":"type-product","3":"status-publish","4":"has-post-thumbnail","6":"product_cat-glass-containers","7":"product_cat-glass-jars","8":"product_cat-glass-honey-jars","9":"product_tag-birds-nest-jar","10":"product_tag-glass-jam-jars","12":"first","13":"instock","14":"shipping-taxable","15":"product-type-simple"},"jetpack_sharing_enabled":true,"_links":{"self":[{"href":"https:\/\/minghanggroup.com\/es\/wp-json\/wp\/v2\/product\/2302","targetHints":{"allow":["GET"]}}],"collection":[{"href":"https:\/\/minghanggroup.com\/es\/wp-json\/wp\/v2\/product"}],"about":[{"href":"https:\/\/minghanggroup.com\/es\/wp-json\/wp\/v2\/types\/product"}],"wp:featuredmedia":[{"embeddable":true,"href":"https:\/\/minghanggroup.com\/es\/wp-json\/wp\/v2\/media\/2330"}],"wp:attachment":[{"href":"https:\/\/minghanggroup.com\/es\/wp-json\/wp\/v2\/media?parent=2302"}],"wp:term":[{"taxonomy":"product_brand","embeddable":true,"href":"https:\/\/minghanggroup.com\/es\/wp-json\/wp\/v2\/product_brand?post=2302"},{"taxonomy":"product_cat","embeddable":true,"href":"https:\/\/minghanggroup.com\/es\/wp-json\/wp\/v2\/product_cat?post=2302"},{"taxonomy":"product_tag","embeddable":true,"href":"https:\/\/minghanggroup.com\/es\/wp-json\/wp\/v2\/product_tag?post=2302"}],"curies":[{"name":"wp","href":"https:\/\/api.w.org\/{rel}","templated":true}]}}