{"id":2259,"date":"2025-10-30T14:27:41","date_gmt":"2025-10-30T06:27:41","guid":{"rendered":"https:\/\/minghanggroup.com\/?post_type=product&#038;p=2259"},"modified":"2026-01-20T14:32:32","modified_gmt":"2026-01-20T06:32:32","slug":"wholesale-glass-jam-jars-canning-small-honey-jars-multi-faceted","status":"publish","type":"product","link":"https:\/\/minghanggroup.com\/es\/producto\/wholesale-glass-jam-jars-canning-small-honey-jars-multi-faceted\/","title":{"rendered":"Tarros de mermelada de vidrio multifac\u00e9tico al por mayor para enlatar, 100 ml, 150 ml y 200 ml"},"content":{"rendered":"<p>Con un cuerpo de vidrio transparente y multifac\u00e9tico y una tapa a cuadros rojos y blancos, estos frascos de mermelada de vidrio vienen en diferentes tama\u00f1os y tienen un hermoso estilo rural, que es una excelente manera de exhibir la miel dorada.<\/p>\n<h2>Caracter\u00edsticas del producto<\/h2>\n<ul>\n<li><strong>Dise\u00f1o de botella multifac\u00e9tico:<\/strong> Un dise\u00f1o de botella simple, geom\u00e9trico y multifac\u00e9tico aumenta significativamente la reconocibilidad y el atractivo visual del producto.<\/li>\n<li><strong>Varios tama\u00f1os disponibles:<\/strong> Al ofrecer una variedad de tama\u00f1os de frascos de miel, la empresa satisface las diferentes necesidades de los clientes que son adecuados para el uso dom\u00e9stico diario, el embalaje de regalos y otras ocasiones.<\/li>\n<li><strong>Dise\u00f1o de estilo campestre:<\/strong> El dise\u00f1o de la botella junto con la tapa a cuadros rojos y blancos emite una fuerte atm\u00f3sfera r\u00fastica, que no solo enriquece el estilo \u00fanico del producto sino tambi\u00e9n su atractivo visual.<\/li>\n<\/ul>\n<h2 style=\"text-align: left;\">Especificaciones clave<\/h2>\n<table class=\"aligncenter\" style=\"border-collapse: collapse; width: 446.27pt;\" border=\"0\" width=\"595\" cellspacing=\"0\" cellpadding=\"0\">\n<tbody>\n<tr style=\"height: 13.50pt;\">\n<td style=\"height: 13.50pt; width: 122.25pt;\" width=\"163\" height=\"18\">Caracter\u00edstica<\/td>\n<td style=\"width: 324.00pt;\" width=\"432\">Especificaci\u00f3n<\/td>\n<\/tr>\n<tr style=\"height: 13.50pt;\">\n<td style=\"height: 13.50pt;\" height=\"18\">Capacidad<\/td>\n<td>100 ml, 150 ml, 200 ml<\/td>\n<\/tr>\n<tr style=\"height: 13.50pt;\">\n<td style=\"height: 13.50pt;\" height=\"18\">Dimensiones<\/td>\n<td>5,4\u00d76,2 cm a 6\u00d78,5 cm<\/td>\n<\/tr>\n<tr style=\"height: 13.50pt;\">\n<td style=\"height: 13.50pt;\" height=\"18\">Tipo de cuello<\/td>\n<td>Boca ancha (5,8\u20136,5 cm de di\u00e1metro exterior)<\/td>\n<\/tr>\n<tr style=\"height: 13.50pt;\">\n<td style=\"height: 13.50pt;\" height=\"18\">Material<\/td>\n<td>Vidrio transparente, tapa de rosca met\u00e1lica.<\/td>\n<\/tr>\n<tr style=\"height: 13.50pt;\">\n<td style=\"height: 13.50pt;\" height=\"18\">Opciones de tapa<\/td>\n<td>Cuadros rojos y blancos, rojo s\u00f3lido, dorado y plateado.<\/td>\n<\/tr>\n<tr style=\"height: 13.50pt;\">\n<td style=\"height: 13.50pt;\" height=\"18\">Mejor para<\/td>\n<td>Miel cruda, mermeladas, conservas<\/td>\n<\/tr>\n<tr style=\"height: 13.50pt;\">\n<td style=\"height: 13.50pt;\" height=\"18\">Uso ideal<\/td>\n<td>Tarros de mermelada para enlatar, tarros de mermelada de vidrio, tarros de miel a granel<\/td>\n<\/tr>\n<\/tbody>\n<\/table>\n<h2>Historia de \u00e9xito: C\u00f3mo el embalaje de estilo rural triplic\u00f3 las ventas en l\u00ednea<\/h2>\n<p>El negocio familiar de apicultura online, que antes se encontraba al borde del colapso en el competitivo mercado online, no encontraba la manera de diferenciar su miel cruda de las dem\u00e1s. Se atrevieron a reenvasar toda su l\u00ednea de productos utilizando nuestros frascos de mermelada con tapas de tela a cuadros. El cambio fue dr\u00e1stico. La interacci\u00f3n en redes sociales de la empresa aument\u00f3 un 150 %, ya que estos frascos de vidrio son ideales para tomar fotos y subirlas a Instagram. Las ventas, el factor m\u00e1s importante, aumentaron un 80 % en tan solo cuatro meses. Las ventas online aumentaron un 80 % en cuatro meses gracias a la interacci\u00f3n en redes sociales, que tambi\u00e9n aument\u00f3 un 150 %, ya que estos frascos de vidrio son perfectos para tomar fotos y subirlas a Instagram. Los clientes suelen escribir sobre lo atractivos que son estos frascos de vidrio. Esto los ha diferenciado visualmente y, por lo tanto, se han convertido en seguidores leales. Esta diferenciaci\u00f3n visual les ha establecido un grupo de seguidores leales. Desde entonces, la empresa ha ampliado su gama de productos y realiza pedidos regulares de 100.000 frascos en los tres tama\u00f1os para satisfacer las diferentes preferencias de sus clientes, asegurando as\u00ed una asociaci\u00f3n a largo plazo.<\/p>\n<h2>Sugerencias para personalizar envases de vidrio<\/h2>\n<ul>\n<li><strong>Patrones de gorras personalizados:<\/strong> Aunque el estampado de cuadros antiguos siempre est\u00e1 de moda, tambi\u00e9n podemos realizar gorras con otros estampados como lunares, rayas o incluso el logo de tu marca.<\/li>\n<li><strong>Tintado de vidrios:<\/strong> La introducci\u00f3n de vidrio de color \u00e1mbar claro o verde no solo evocar\u00e1 un estilo cl\u00e1sico sino que tambi\u00e9n agregar\u00e1 protecci\u00f3n contra el envejecimiento ligero.<\/li>\n<li><strong>Logotipo de marca de serigraf\u00eda:<\/strong> Una marca o un peque\u00f1o icono pueden ser una impresi\u00f3n directa sobre el vidrio para presentar una imagen duradera y profesional de la marca.<\/li>\n<\/ul>","protected":false},"excerpt":{"rendered":"<p>Frascos de mermelada de vidrio de alta calidad en varios tama\u00f1os con tapas a cuadros de seguridad. Ideales para envasar mermeladas y miel. \u00a1Muestras gratis y env\u00edo r\u00e1pido!<\/p>","protected":false},"featured_media":2282,"template":"","meta":{"postBodyCss":"","postBodyMargin":[],"postBodyPadding":[],"postBodyBackground":{"backgroundType":"classic","gradient":""}},"product_brand":[],"product_cat":[15,17,52],"product_tag":[65],"class_list":{"0":"post-2259","1":"product","2":"type-product","3":"status-publish","4":"has-post-thumbnail","6":"product_cat-glass-containers","7":"product_cat-glass-jars","8":"product_cat-glass-honey-jars","9":"product_tag-glass-jam-jars","11":"first","12":"instock","13":"shipping-taxable","14":"product-type-simple"},"jetpack_sharing_enabled":true,"_links":{"self":[{"href":"https:\/\/minghanggroup.com\/es\/wp-json\/wp\/v2\/product\/2259","targetHints":{"allow":["GET"]}}],"collection":[{"href":"https:\/\/minghanggroup.com\/es\/wp-json\/wp\/v2\/product"}],"about":[{"href":"https:\/\/minghanggroup.com\/es\/wp-json\/wp\/v2\/types\/product"}],"wp:featuredmedia":[{"embeddable":true,"href":"https:\/\/minghanggroup.com\/es\/wp-json\/wp\/v2\/media\/2282"}],"wp:attachment":[{"href":"https:\/\/minghanggroup.com\/es\/wp-json\/wp\/v2\/media?parent=2259"}],"wp:term":[{"taxonomy":"product_brand","embeddable":true,"href":"https:\/\/minghanggroup.com\/es\/wp-json\/wp\/v2\/product_brand?post=2259"},{"taxonomy":"product_cat","embeddable":true,"href":"https:\/\/minghanggroup.com\/es\/wp-json\/wp\/v2\/product_cat?post=2259"},{"taxonomy":"product_tag","embeddable":true,"href":"https:\/\/minghanggroup.com\/es\/wp-json\/wp\/v2\/product_tag?post=2259"}],"curies":[{"name":"wp","href":"https:\/\/api.w.org\/{rel}","templated":true}]}}