{"id":2250,"date":"2025-10-30T14:08:43","date_gmt":"2025-10-30T06:08:43","guid":{"rendered":"https:\/\/minghanggroup.com\/?post_type=product&#038;p=2250"},"modified":"2026-01-20T13:42:15","modified_gmt":"2026-01-20T05:42:15","slug":"custom-ball-ribbed-glass-jars-for-yogurt-honey-wholesale","status":"publish","type":"product","link":"https:\/\/minghanggroup.com\/es\/producto\/custom-ball-ribbed-glass-jars-for-yogurt-honey-wholesale\/","title":{"rendered":"Frascos de vidrio estriados de 150-380 ml para yogur y miel al por mayor"},"content":{"rendered":"<p>Deja de usar envases aburridos que hacen que tu yogur desaparezca entre la multitud. Creamos frascos de vidrio personalizados para yogur que convierten cada cucharada en un momento de alegr\u00eda. No son solo envases, son la nueva arma secreta de tu marca para un envasado de l\u00e1cteos fresco y elegante. Como tu fabricante de confianza de envases de vidrio, utilizamos los mejores materiales para que tu producto conserve su sabor fresco por m\u00e1s tiempo.<\/p>\n<h2>Caracter\u00edsticas del producto<\/h2>\n<ol>\n<li><strong>Elegante\u200b\u200d\u200b\u200c\u200d\u200b\u200d\u200c\u200b\u200d\u200b\u200c\u200d\u200b\u200d\u200c Textura vertical:<\/strong>Las ranuras delicadas decoran visualmente los frascos y tambi\u00e9n hacen que los frascos sean un agarre agradable y pr\u00e1ctico para sus frascos de vidrio para yogur.<\/li>\n<li><strong>Dise\u00f1o de sello seguro:<\/strong>Nuestras tapas de rosca son el medio para lograr un excelente sellado herm\u00e9tico que mantiene su yogur fresco y hace que los frascos de yogur de vidrio al por mayor no tengan fugas.<\/li>\n<li><strong>Claridad cristalina:<\/strong>El vidrio transparente de alta calidad es el medio para mostrar los colores vibrantes de su yogur al instante: cuanto m\u00e1s fresca sea la calidad, m\u00e1s comprar\u00e1n los clientes.<\/li>\n<li><strong>Tama\u00f1os vers\u00e1tiles:<\/strong>Nuestros frascos de yogur de vidrio al por mayor var\u00edan de 150 ml a 380 ml, satisfaciendo as\u00ed todos los requisitos de productos l\u00e1cteos y envases.<\/li>\n<\/ol>\n<h2>Especificaciones clave<\/h2>\n<table style=\"border-collapse: collapse; width: 80%; margin-left: auto; margin-right: auto;\" border=\"0\" width=\"288\" cellspacing=\"0\" cellpadding=\"0\">\n<tbody>\n<tr style=\"height: 13.50pt;\">\n<td style=\"height: 13.5pt; width: 54pt; text-align: center;\" width=\"72\" height=\"18\">Capacidad (ml)<\/td>\n<td style=\"width: 54pt; text-align: center;\" width=\"72\">Dimensiones (cm)<\/td>\n<td style=\"width: 54pt; text-align: center;\" width=\"72\">Forma<\/td>\n<td style=\"width: 54pt; text-align: center;\" width=\"72\">Material<\/td>\n<\/tr>\n<tr style=\"height: 13.50pt;\">\n<td style=\"height: 13.5pt; text-align: center;\" align=\"right\" height=\"18\">150<\/td>\n<td style=\"text-align: center;\">7.3*6.9<\/td>\n<td class=\"et2\" style=\"text-align: center;\" rowspan=\"4\">Redondo<\/td>\n<td class=\"et2\" style=\"text-align: center;\" rowspan=\"4\">Vaso<\/td>\n<\/tr>\n<tr style=\"height: 13.50pt;\">\n<td style=\"height: 13.5pt; text-align: center;\" align=\"right\" height=\"18\">200<\/td>\n<td style=\"text-align: center;\">8.1*7.5<\/td>\n<\/tr>\n<tr style=\"height: 13.50pt;\">\n<td style=\"height: 13.5pt; text-align: center;\" align=\"right\" height=\"18\">280<\/td>\n<td style=\"text-align: center;\">8.9*8.0<\/td>\n<\/tr>\n<tr style=\"height: 13.50pt;\">\n<td style=\"height: 13.5pt; text-align: center;\" align=\"right\" height=\"18\">380<\/td>\n<td style=\"text-align: center;\">9.7*9.0<\/td>\n<\/tr>\n<\/tbody>\n<\/table>\n<h2>Caso de \u00e9xito<\/h2>\n<p>Una empresa francesa de postres colabor\u00f3 \u200b\u200bcon nosotros para dise\u00f1ar frascos de yogur de vidrio redondos y acanalados personalizados para la venta al por mayor. Cada frasco est\u00e1 hecho de vidrio grueso y muy transparente, decorado con delicadas l\u00edneas verticales que reflejan la luz y realzan la textura de sus postres y yogures de frutas artesanales. Para mantener los productos frescos durante el transporte refrigerado, la marca utiliza revestimientos herm\u00e9ticos de grado alimenticio. Adem\u00e1s, a\u00f1adimos un logotipo en relieve y una etiqueta transparente envolvente para que los colores naturales del yogur y sus ingredientes queden completamente expuestos.<\/p>\n<p>La l\u00ednea de productos ha sido un importante impulsor del conocimiento de la marca en solo tres meses desde su lanzamiento, y la marca recibi\u00f3 m\u00e1s del 45 % de las consultas mayoristas.<\/p>\n<h2>Tus consejos de personalizaci\u00f3n<\/h2>\n<p>No guardes tus frascos de yogur redondos y acanalados de vidrio al por mayor en la oscuridad; definitivamente merecen un aspecto elegante. Cu\u00e9ntanos tu idea, como &#034;Crema de Miel Dorada&#034; o &#034;Fest\u00edn de Frutos Rojos&#034;, y seremos el medio perfecto para comunicar la historia del sabor de tu marca mediante un logotipo en relieve, una tapa met\u00e1lica o vitral.<\/p>\n<p>Puede elegir entre 200 ml y 280 ml de volumen, junto con el sellado y el embalaje ideales para su exhibici\u00f3n en tiendas o cafeter\u00edas. Si desea realizar pedidos r\u00e1pidamente, ofrecemos tarros de yogur de vidrio al por mayor. Esto significa que podemos transformar sus tarros de yogur de simples envases a una forma vintage de expresar la artesan\u00eda de su marca.<\/p>","protected":false},"excerpt":{"rendered":"<p>Descubre los frascos de vidrio estriados para yogur con tapas met\u00e1licas. Ideales para marcas de postres que buscan frascos de yogur de vidrio personalizables al por mayor: elegantes, herm\u00e9ticos y reutilizables.<\/p>","protected":false},"featured_media":2251,"template":"","meta":{"postBodyCss":"","postBodyMargin":[],"postBodyPadding":[],"postBodyBackground":{"backgroundType":"classic","gradient":""}},"product_brand":[],"product_cat":[15,16,46],"product_tag":[65,64],"class_list":{"0":"post-2250","1":"product","2":"type-product","3":"status-publish","4":"has-post-thumbnail","6":"product_cat-glass-containers","7":"product_cat-glass-bottles","8":"product_cat-glass-milk-bottles","9":"product_tag-glass-jam-jars","10":"product_tag-glass-yogurt-jars","12":"first","13":"instock","14":"shipping-taxable","15":"product-type-simple"},"jetpack_sharing_enabled":true,"_links":{"self":[{"href":"https:\/\/minghanggroup.com\/es\/wp-json\/wp\/v2\/product\/2250","targetHints":{"allow":["GET"]}}],"collection":[{"href":"https:\/\/minghanggroup.com\/es\/wp-json\/wp\/v2\/product"}],"about":[{"href":"https:\/\/minghanggroup.com\/es\/wp-json\/wp\/v2\/types\/product"}],"wp:featuredmedia":[{"embeddable":true,"href":"https:\/\/minghanggroup.com\/es\/wp-json\/wp\/v2\/media\/2251"}],"wp:attachment":[{"href":"https:\/\/minghanggroup.com\/es\/wp-json\/wp\/v2\/media?parent=2250"}],"wp:term":[{"taxonomy":"product_brand","embeddable":true,"href":"https:\/\/minghanggroup.com\/es\/wp-json\/wp\/v2\/product_brand?post=2250"},{"taxonomy":"product_cat","embeddable":true,"href":"https:\/\/minghanggroup.com\/es\/wp-json\/wp\/v2\/product_cat?post=2250"},{"taxonomy":"product_tag","embeddable":true,"href":"https:\/\/minghanggroup.com\/es\/wp-json\/wp\/v2\/product_tag?post=2250"}],"curies":[{"name":"wp","href":"https:\/\/api.w.org\/{rel}","templated":true}]}}