{"id":2249,"date":"2025-10-30T13:02:24","date_gmt":"2025-10-30T05:02:24","guid":{"rendered":"https:\/\/minghanggroup.com\/?post_type=product&#038;p=2249"},"modified":"2025-10-30T17:39:15","modified_gmt":"2025-10-30T09:39:15","slug":"wholesale-waist-shaped-small-jam-bottles","status":"publish","type":"product","link":"https:\/\/minghanggroup.com\/es\/producto\/wholesale-waist-shaped-small-jam-bottles\/","title":{"rendered":"Botellas de mermelada peque\u00f1as con forma de cintura de 75 ml al por mayor"},"content":{"rendered":"<p>Estas peque\u00f1as botellas de mermelada vienen con un cuerpo de vidrio transparente y elegante, con una cintura estrecha y tapas met\u00e1licas brillantes. As\u00ed, la deliciosa miel queda a la vista, mientras que el frasco conserva su atractivo visual y su alta calidad.<\/p>\n<h2>Caracter\u00edsticas del producto<\/h2>\n<ul>\n<li><strong>Material de vidrio transparente:<\/strong> El uso de vidrio transparente permite ver el color y la consistencia de la miel, por lo que la identificaci\u00f3n e inspecci\u00f3n del producto se vuelve infalible.<\/li>\n<li><strong>Dise\u00f1o de cintura c\u00f3nica:<\/strong> Las curvas suaves y modernas del cuerpo c\u00f3nico no solo embellecen el producto sino que tambi\u00e9n ayudan a crear conciencia de marca.<\/li>\n<li><strong>Aspecto elegante:<\/strong> El dise\u00f1o minimalista de la botella junto con la tapa dorada produce una impresi\u00f3n visual elegante y rara que se traduce en una mayor percepci\u00f3n del valor del producto.<\/li>\n<\/ul>\n<h2 style=\"text-align: left;\">Especificaciones clave<\/h2>\n<table class=\"aligncenter\" style=\"border-collapse: collapse; width: 352.52pt;\" border=\"0\" width=\"470\" cellspacing=\"0\" cellpadding=\"0\">\n<tbody>\n<tr style=\"height: 13.50pt;\">\n<td style=\"height: 13.50pt; width: 122.25pt;\" width=\"163\" height=\"18\">Caracter\u00edstica<\/td>\n<td style=\"width: 230.25pt;\" width=\"307\">Detalle<\/td>\n<\/tr>\n<tr style=\"height: 13.50pt;\">\n<td style=\"height: 13.50pt;\" height=\"18\">Capacidad<\/td>\n<td>75 ml<\/td>\n<\/tr>\n<tr style=\"height: 13.50pt;\">\n<td style=\"height: 13.50pt;\" height=\"18\">Altura<\/td>\n<td>11,2 cent\u00edmetros<\/td>\n<\/tr>\n<tr style=\"height: 13.50pt;\">\n<td style=\"height: 13.50pt;\" height=\"18\">Di\u00e1metro<\/td>\n<td>4,5 cent\u00edmetros<\/td>\n<\/tr>\n<tr style=\"height: 13.50pt;\">\n<td style=\"height: 13.50pt;\" height=\"18\">Ancho de la boca interior<\/td>\n<td>2,85 cent\u00edmetros<\/td>\n<\/tr>\n<tr style=\"height: 13.50pt;\">\n<td style=\"height: 13.50pt;\" height=\"18\">Material<\/td>\n<td>Vidrio transparente<\/td>\n<\/tr>\n<tr style=\"height: 13.50pt;\">\n<td style=\"height: 13.50pt;\" height=\"18\">Tipo de tapa<\/td>\n<td>Tapa de metal dorado (personalizable)<\/td>\n<\/tr>\n<tr style=\"height: 13.50pt;\">\n<td style=\"height: 13.50pt;\" height=\"18\">Ideal para<\/td>\n<td>Miel, mermelada, salsas, leche.<\/td>\n<\/tr>\n<tr style=\"height: 13.50pt;\">\n<td style=\"height: 13.50pt;\" height=\"18\">Mejor caso de uso<\/td>\n<td>Peque\u00f1as botellas de mermelada, peque\u00f1os tarros de miel.<\/td>\n<\/tr>\n<\/tbody>\n<\/table>\n<h2>Estudio de caso: Del dise\u00f1o de la botella al reconocimiento de la marca<\/h2>\n<p>Una empresa emergente que produce alimentos especiales lanz\u00f3 una l\u00ednea de mieles saborizadas. Sin embargo, en un mercado altamente competitivo, sus clientes estaban confundidos por el uso de envases de pl\u00e1stico baratos sin un embalaje sofisticado para los productos. Decidieron reenvasar todos sus productos en nuestras botellas de mermelada con forma de cintura. Los resultados fueron inmediatos: la forma de cintura, junto con el tap\u00f3n dorado, gener\u00f3 un aumento del 65 % en las ventas de sets de regalo, y las resistentes botellas de mermelada de vidrio, en comparaci\u00f3n con las antiguas botellas de pl\u00e1stico, redujeron la tasa de roturas durante el transporte en un 52 %. Esta empresa emergente realiza pedidos regulares de 300\u00a0000 botellas y solo cuenta con esta botella en todas sus l\u00edneas de productos.<\/p>\n<h2>Sugerencias para modificar sus envases de vidrio<\/h2>\n<ul>\n<li><strong>Elecci\u00f3n del color de la gorra:<\/strong> Seleccione entre nuestros colores de tapa disponibles en oro, plata, rosa o negro que complementar\u00e1n perfectamente la paleta de colores de su marca.<\/li>\n<li><strong>Tintado de vidrios de marca:<\/strong> Elija un tinte de vidrio de color \u00e1mbar claro o azul, no solo para establecer un aspecto distintivo, sino que tambi\u00e9n sirva como protector contra los rayos UV.<\/li>\n<li><strong>Incrustaci\u00f3n de cintura para botella:<\/strong> Personalice la cintura curva de la botella con un patr\u00f3n de incrustaci\u00f3n sutil o el logotipo de su empresa que genere una sensaci\u00f3n de lujo.<\/li>\n<li><strong>Fondo engrosado:<\/strong> Para darle a la botella peso y soporte extra, podemos engrosar ligeramente el vidrio en la parte inferior, haciendo as\u00ed que la botella sea m\u00e1s \u200b\u200d\u200b\u200c\u200d\u200b\u200d\u200c\u200b\u200d\u200b\u200c\u200d\u200b\u200d\u200cestable.<\/li>\n<\/ul>","protected":false},"excerpt":{"rendered":"<p>Botellas peque\u00f1as de vidrio transparente para mermelada con una art\u00edstica forma de cintura y tapa dorada. Ideales para miel o conservas. \u00a1Entrega r\u00e1pida, muestras gratis y descuentos por volumen!<\/p>","protected":false},"featured_media":2255,"template":"","meta":{"postBodyCss":"","postBodyMargin":[],"postBodyPadding":[],"postBodyBackground":{"backgroundType":"classic","gradient":""}},"product_brand":[],"product_cat":[15,17,52],"product_tag":[],"class_list":{"0":"post-2249","1":"product","2":"type-product","3":"status-publish","4":"has-post-thumbnail","6":"product_cat-glass-containers","7":"product_cat-glass-jars","8":"product_cat-glass-honey-jars","10":"first","11":"instock","12":"shipping-taxable","13":"product-type-simple"},"jetpack_sharing_enabled":true,"_links":{"self":[{"href":"https:\/\/minghanggroup.com\/es\/wp-json\/wp\/v2\/product\/2249","targetHints":{"allow":["GET"]}}],"collection":[{"href":"https:\/\/minghanggroup.com\/es\/wp-json\/wp\/v2\/product"}],"about":[{"href":"https:\/\/minghanggroup.com\/es\/wp-json\/wp\/v2\/types\/product"}],"wp:featuredmedia":[{"embeddable":true,"href":"https:\/\/minghanggroup.com\/es\/wp-json\/wp\/v2\/media\/2255"}],"wp:attachment":[{"href":"https:\/\/minghanggroup.com\/es\/wp-json\/wp\/v2\/media?parent=2249"}],"wp:term":[{"taxonomy":"product_brand","embeddable":true,"href":"https:\/\/minghanggroup.com\/es\/wp-json\/wp\/v2\/product_brand?post=2249"},{"taxonomy":"product_cat","embeddable":true,"href":"https:\/\/minghanggroup.com\/es\/wp-json\/wp\/v2\/product_cat?post=2249"},{"taxonomy":"product_tag","embeddable":true,"href":"https:\/\/minghanggroup.com\/es\/wp-json\/wp\/v2\/product_tag?post=2249"}],"curies":[{"name":"wp","href":"https:\/\/api.w.org\/{rel}","templated":true}]}}