{"id":2195,"date":"2025-10-29T16:01:53","date_gmt":"2025-10-29T08:01:53","guid":{"rendered":"https:\/\/minghanggroup.com\/?post_type=product&#038;p=2195"},"modified":"2025-10-29T17:47:43","modified_gmt":"2025-10-29T09:47:43","slug":"bulk-small-empty-jam-jars-for-canning-with-ribbing","status":"publish","type":"product","link":"https:\/\/minghanggroup.com\/es\/producto\/bulk-small-empty-jam-jars-for-canning-with-ribbing\/","title":{"rendered":"Tarros de mermelada vac\u00edos peque\u00f1os a granel para enlatar con nervaduras de 75 ml y 100 ml"},"content":{"rendered":"<p>Estos frascos de mermelada para enlatar cuentan con cuerpos de vidrio transparente decorados con nervaduras verticales, formas redondas y tapas rojas. Vienen en diferentes tama\u00f1os y tienen un dise\u00f1o sencillo pero elegante que exhibe a la perfecci\u00f3n la deliciosa miel que contienen.<\/p>\n<h2>Caracter\u00edsticas del producto<\/h2>\n<ul>\n<li><strong>Cuerpo acanalado vertical:<\/strong> Con el patr\u00f3n acanalado vertical, los frascos tienen una textura uniforme, lo que mejora el aspecto del producto y el reconocimiento de la marca.<\/li>\n<li><strong>Durable:<\/strong> Nuestros frascos de vidrio fabricados con gran atenci\u00f3n al detalle son muy duraderos y, por lo tanto, pueden pasar f\u00e1cilmente por per\u00edodos de llenado, transporte y almacenamiento sin sufrir da\u00f1os.<\/li>\n<li><strong>Dise\u00f1o simple:<\/strong> Mediante la combinaci\u00f3n del cuerpo redondeado del frasco y la tapa roja, se consigue un efecto simple pero visualmente sofisticado que les permite ser el accesorio perfecto para cualquier estilo.<\/li>\n<\/ul>\n<h2 style=\"text-align: left;\">Especificaciones clave<\/h2>\n<table class=\"aligncenter\" style=\"border-collapse: collapse; width: 356.27pt;\" border=\"0\" width=\"475\" cellspacing=\"0\" cellpadding=\"0\">\n<tbody>\n<tr style=\"height: 13.50pt;\">\n<td style=\"height: 13.50pt; width: 96.00pt;\" width=\"128\" height=\"18\">Caracter\u00edstica<\/td>\n<td style=\"width: 260.25pt;\" width=\"347\">Especificaci\u00f3n<\/td>\n<\/tr>\n<tr style=\"height: 13.50pt;\">\n<td style=\"height: 13.50pt;\" height=\"18\">Capacidad<\/td>\n<td>75 ml, 100 ml<\/td>\n<\/tr>\n<tr style=\"height: 13.50pt;\">\n<td style=\"height: 13.50pt;\" height=\"18\">Forma<\/td>\n<td>Redonda con nervaduras verticales<\/td>\n<\/tr>\n<tr style=\"height: 13.50pt;\">\n<td style=\"height: 13.50pt;\" height=\"18\">Dimensiones<\/td>\n<td>6,5\u00d74,6 cm, 6,9\u00d75,2 cm<\/td>\n<\/tr>\n<tr style=\"height: 13.50pt;\">\n<td style=\"height: 13.50pt;\" height=\"18\">Material<\/td>\n<td>Vidrio transparente, tapa de rosca met\u00e1lica.<\/td>\n<\/tr>\n<tr style=\"height: 13.50pt;\">\n<td style=\"height: 13.50pt;\" height=\"18\">Opciones de tapa<\/td>\n<td>Rojo, dorado, plateado, negro (personalizable)<\/td>\n<\/tr>\n<tr style=\"height: 13.50pt;\">\n<td style=\"height: 13.50pt;\" height=\"18\">Mejor para<\/td>\n<td>Muestras de miel, mermeladas, frutas confitadas<\/td>\n<\/tr>\n<tr style=\"height: 13.50pt;\">\n<td style=\"height: 13.50pt;\" height=\"18\">Uso ideal<\/td>\n<td>Tarros de mermelada para enlatar, peque\u00f1os tarros de miel.<\/td>\n<\/tr>\n<\/tbody>\n<\/table>\n<h2>Historia de \u00e9xito: C\u00f3mo un excelente tarro de miel genera m\u00e1s compras repetidas<\/h2>\n<p>Una cooperativa de miel de tama\u00f1o mediano quer\u00eda mejorar la imagen de su marca y reflejar mejor su valor. Siempre se hab\u00edan centrado en el envase, pero este carec\u00eda de atractivo. Por lo tanto, decidieron lanzar una nueva l\u00ednea de productos premium con nuestros peque\u00f1os tarros de mermelada vac\u00edos estriados de 100 ml, con un pedido inicial de 2000 unidades. \u00bfLos resultados? En primer lugar, el dise\u00f1o estriado y la forma redondeada estimularon el deseo de compra de los clientes, lo que finalmente se tradujo en un aumento del 43 % en las ventas. En segundo lugar, los robustos tarros de vidrio redujeron la tasa de rotura en aproximadamente un 60 %. La cooperativa qued\u00f3 muy satisfecha con la respuesta del mercado y, posteriormente, decidi\u00f3 encargar 300\u00a0000 tarros de miel, convirtiendo esta botella en un pilar de su negocio.<\/p>\n<h2>Sugerencias para personalizar envases de vidrio<\/h2>\n<ul>\n<li><strong>Selecci\u00f3n de color de vidrio:<\/strong> Adem\u00e1s del vidrio transparente, que es el m\u00e1s utilizado, tambi\u00e9n puedes elegir vidrio \u00e1mbar o verde como forma de proteger el producto del sol y darle un aspecto \u00fanico en el estante.<\/li>\n<li><strong>Textura escarchada decorada:<\/strong> Las texturas verticales con acabado esmerilado hicieron que el contraste entre la parte t\u00e1ctil y la botella transparente fuera no s\u00f3lo visualmente sino tambi\u00e9n t\u00e1ctilmente m\u00e1s llamativo.<\/li>\n<li><strong>Vidrio m\u00e1s grueso:<\/strong> Si el vidrio es m\u00e1s grueso, ser\u00e1 menos probable que se rompa.<\/li>\n<li><strong>Logotipo serigrafiado:<\/strong> Grabe o imprima su logotipo directamente en la cara del frasco de vidrio para obtener una identificaci\u00f3n de marca premium y duradera.<\/li>\n<\/ul>","protected":false},"excerpt":{"rendered":"<p>Peque\u00f1os tarros de mermelada vac\u00edos para envasar con textura acanalada vertical. Ideales para envasar, regalar o guardar mermelada. Disponibles con precio de mayorista y opciones personalizadas.<\/p>","protected":false},"featured_media":2200,"template":"","meta":{"postBodyCss":"","postBodyMargin":[],"postBodyPadding":[],"postBodyBackground":{"backgroundType":"classic","gradient":""}},"product_brand":[],"product_cat":[15,17,52],"product_tag":[],"class_list":{"0":"post-2195","1":"product","2":"type-product","3":"status-publish","4":"has-post-thumbnail","6":"product_cat-glass-containers","7":"product_cat-glass-jars","8":"product_cat-glass-honey-jars","10":"first","11":"instock","12":"shipping-taxable","13":"product-type-simple"},"jetpack_sharing_enabled":true,"_links":{"self":[{"href":"https:\/\/minghanggroup.com\/es\/wp-json\/wp\/v2\/product\/2195","targetHints":{"allow":["GET"]}}],"collection":[{"href":"https:\/\/minghanggroup.com\/es\/wp-json\/wp\/v2\/product"}],"about":[{"href":"https:\/\/minghanggroup.com\/es\/wp-json\/wp\/v2\/types\/product"}],"wp:featuredmedia":[{"embeddable":true,"href":"https:\/\/minghanggroup.com\/es\/wp-json\/wp\/v2\/media\/2200"}],"wp:attachment":[{"href":"https:\/\/minghanggroup.com\/es\/wp-json\/wp\/v2\/media?parent=2195"}],"wp:term":[{"taxonomy":"product_brand","embeddable":true,"href":"https:\/\/minghanggroup.com\/es\/wp-json\/wp\/v2\/product_brand?post=2195"},{"taxonomy":"product_cat","embeddable":true,"href":"https:\/\/minghanggroup.com\/es\/wp-json\/wp\/v2\/product_cat?post=2195"},{"taxonomy":"product_tag","embeddable":true,"href":"https:\/\/minghanggroup.com\/es\/wp-json\/wp\/v2\/product_tag?post=2195"}],"curies":[{"name":"wp","href":"https:\/\/api.w.org\/{rel}","templated":true}]}}