{"id":2190,"date":"2025-10-29T16:59:56","date_gmt":"2025-10-29T08:59:56","guid":{"rendered":"https:\/\/minghanggroup.com\/?post_type=product&#038;p=2190"},"modified":"2026-01-20T13:42:39","modified_gmt":"2026-01-20T05:42:39","slug":"cute-eggshell-yogurt-glass-jars-with-lids-wholesale","status":"publish","type":"product","link":"https:\/\/minghanggroup.com\/es\/producto\/cute-eggshell-yogurt-glass-jars-with-lids-wholesale\/","title":{"rendered":"Lindos frascos de yogur de c\u00e1scara de huevo con tapa: recipientes para postres y pudines."},"content":{"rendered":"<p>No sigas usando envases aburridos que hacen que tu yogur desaparezca entre otros productos. Fabricamos tarros de yogur personalizados y bonitos con tapa que convierten tus l\u00e1cteos en art\u00edculos de moda. No son solo envases, sino la nueva arma secreta de tu marca para un packaging moderno. Como tu fabricante de confianza de envases de vidrio, utilizamos materiales de primera calidad para que tu yogur dure m\u00e1s tiempo.<\/p>\n<h2>Caracter\u00edsticas del producto<\/h2>\n<ul>\n<li><strong>Elegancia de c\u00e1scara de huevo:<\/strong>El patr\u00f3n art\u00edstico de c\u00e1scara de huevo de nuestros frascos de vidrio para yogur con tapa es lo que los hace muy atractivos y los clientes estar\u00e1n dispuestos a usarlos como decoraci\u00f3n.<\/li>\n<li><strong>Apertura en forma de onda:<\/strong>Todo es f\u00e1cil; verter, servir y limpiar una abertura en forma de onda es c\u00f3modo e ideal para sus productos l\u00e1cteos.<\/li>\n<\/ul>\n<h2>Especificaciones clave<\/h2>\n<table style=\"border-collapse: collapse; width: 80%; margin-left: auto; margin-right: auto;\" border=\"0\" width=\"288\" cellspacing=\"0\" cellpadding=\"0\">\n<tbody>\n<tr style=\"height: 13.50pt;\">\n<td style=\"height: 13.5pt; width: 54pt; text-align: center;\" width=\"72\" height=\"18\">Capacidad<\/td>\n<td style=\"width: 54pt; text-align: center;\" width=\"72\">Dimensiones<\/td>\n<td style=\"width: 54pt; text-align: center;\" width=\"72\">Forma<\/td>\n<td style=\"width: 54pt; text-align: center;\" width=\"72\">Material<\/td>\n<\/tr>\n<tr style=\"height: 13.50pt;\">\n<td style=\"height: 13.5pt; text-align: center;\" height=\"18\">225 gramos<\/td>\n<td style=\"text-align: center;\">6,2 x 8,2 cm<\/td>\n<td style=\"text-align: center;\">C\u00e1scara de huevo<\/td>\n<td style=\"text-align: center;\">Vaso<\/td>\n<\/tr>\n<\/tbody>\n<\/table>\n<h2>Caso de \u00e9xito<\/h2>\n<p>Una cafeter\u00eda de una cadena japonesa de postres colabor\u00f3 \u200b\u200bcon nosotros para crear preciosos frascos de yogur con forma de huevo y tapa para su l\u00ednea de parfait. El vidrio de borosilicato de alta calidad, con bordes lisos y ondulados que recuerdan a la nata montada, se utiliza para crear estos preciosos frascos, logrando un aspecto divertido y elegante. El logotipo minimalista de la marca y una etiqueta esmerilada que da la impresi\u00f3n artesanal fueron los medios para marcar el frasco mediante impresi\u00f3n UV.<\/p>\n<p>Los adorables frascos de yogur se convirtieron en una herramienta eficaz para generar conciencia de marca en el momento del lanzamiento y las ventas de postres para llevar aumentaron un 55% en solo dos meses.<\/p>\n<h2>Tus consejos de personalizaci\u00f3n<\/h2>\n<p>Estos encantadores yogures en frascos con tapas de huevo son la raz\u00f3n por la que la caligraf\u00eda de tus postres funciona. Solo dinos el nombre del sabor, como &#034;Strawberry Sunrise&#034; o &#034;Mango Nest&#034;, y elige entre tapas de vidrio tintado, tapas de vidrio esmerilado o anillos de sellado de silicona en tonos pastel. Adem\u00e1s, puedes imprimir el logotipo de tu marca en el frasco o usar etiquetas minimalistas para que las divertidas curvas del frasco sean la atracci\u00f3n principal. De hecho, solo por la presencia del frasco, el yogur, pud\u00edn o mousse hechos a mano se reconocer\u00e1n como una obra de arte \u00fanica. \u00bfQu\u00e9 tal crear un empaque tan lindo como tus postres?<\/p>","protected":false},"excerpt":{"rendered":"<p>Adorables frascos de yogur con tapa para postres y pudines. Estos adorables frascos de yogur tienen un dise\u00f1o en forma de c\u00e1scara de huevo, perfectos para cafeter\u00edas o para postres caseros.<\/p>","protected":false},"featured_media":2196,"template":"","meta":{"postBodyCss":"","postBodyMargin":[],"postBodyPadding":[],"postBodyBackground":{"backgroundType":"classic","gradient":""}},"product_brand":[],"product_cat":[15,16,46],"product_tag":[65,64],"class_list":{"0":"post-2190","1":"product","2":"type-product","3":"status-publish","4":"has-post-thumbnail","6":"product_cat-glass-containers","7":"product_cat-glass-bottles","8":"product_cat-glass-milk-bottles","9":"product_tag-glass-jam-jars","10":"product_tag-glass-yogurt-jars","12":"first","13":"instock","14":"shipping-taxable","15":"product-type-simple"},"jetpack_sharing_enabled":true,"_links":{"self":[{"href":"https:\/\/minghanggroup.com\/es\/wp-json\/wp\/v2\/product\/2190","targetHints":{"allow":["GET"]}}],"collection":[{"href":"https:\/\/minghanggroup.com\/es\/wp-json\/wp\/v2\/product"}],"about":[{"href":"https:\/\/minghanggroup.com\/es\/wp-json\/wp\/v2\/types\/product"}],"wp:featuredmedia":[{"embeddable":true,"href":"https:\/\/minghanggroup.com\/es\/wp-json\/wp\/v2\/media\/2196"}],"wp:attachment":[{"href":"https:\/\/minghanggroup.com\/es\/wp-json\/wp\/v2\/media?parent=2190"}],"wp:term":[{"taxonomy":"product_brand","embeddable":true,"href":"https:\/\/minghanggroup.com\/es\/wp-json\/wp\/v2\/product_brand?post=2190"},{"taxonomy":"product_cat","embeddable":true,"href":"https:\/\/minghanggroup.com\/es\/wp-json\/wp\/v2\/product_cat?post=2190"},{"taxonomy":"product_tag","embeddable":true,"href":"https:\/\/minghanggroup.com\/es\/wp-json\/wp\/v2\/product_tag?post=2190"}],"curies":[{"name":"wp","href":"https:\/\/api.w.org\/{rel}","templated":true}]}}