{"id":2184,"date":"2025-10-29T15:53:47","date_gmt":"2025-10-29T07:53:47","guid":{"rendered":"https:\/\/minghanggroup.com\/?post_type=product&#038;p=2184"},"modified":"2026-01-20T13:42:50","modified_gmt":"2026-01-20T05:42:50","slug":"wholesale-glass-yogurt-jars-with-lids-for-packaging","status":"publish","type":"product","link":"https:\/\/minghanggroup.com\/es\/producto\/wholesale-glass-yogurt-jars-with-lids-for-packaging\/","title":{"rendered":"Tarros de yogur de vidrio con tapa al por mayor para envases de 40-500 ml"},"content":{"rendered":"<p>No sigas usando envoltorios aburridos que hacen que tu yogur se funda con el entorno. Creamos tarros de yogur de vidrio a medida con tapas que hacen que cada cucharada sea un deleite. No son solo envases, sino la nueva arma secreta de tu marca para un envasado de l\u00e1cteos elegante y moderno. Como tu fabricante de envases de vidrio preferido, utilizamos los materiales m\u00e1s frescos para que tu producto mantenga su sabor fresco durante m\u00e1s tiempo.<\/p>\n<h2>Caracter\u00edsticas del producto<\/h2>\n<ol>\n<li><strong>Claridad cristalina:<\/strong>El vidrio de alta transparencia muestra instant\u00e1neamente las capas vibrantes de su yogur a los clientes, por lo que ven la calidad m\u00e1s fresca incluso antes de comprarlo.<\/li>\n<li><strong>Dise\u00f1o geom\u00e9trico:<\/strong>El vidrio pesado con un ligero patr\u00f3n en la parte inferior no solo decora visualmente el producto, sino que tambi\u00e9n refuerza la estabilidad del producto en los estantes.<\/li>\n<li><strong>Sistema de tapa segura:<\/strong>Las tapas de metal o pl\u00e1stico cierran herm\u00e9ticamente el espacio entre el frasco y la tapa, lo que evita que se produzcan fugas en los frascos de yogur con tapa.<\/li>\n<li><strong>Tama\u00f1os vers\u00e1tiles:<\/strong>Nuestros frascos de yogur de vidrio con tapas que van desde 40 ml hasta 500 ml pueden adaptarse a cualquier producto l\u00e1cteo o requisito de embalaje.<\/li>\n<\/ol>\n<h2>Especificaciones clave<\/h2>\n<table style=\"border-collapse: collapse; width: 80%; margin-left: auto; margin-right: auto;\" border=\"0\" width=\"288\" cellspacing=\"0\" cellpadding=\"0\">\n<tbody>\n<tr style=\"height: 13.50pt;\">\n<td style=\"height: 13.5pt; width: 54pt; text-align: center;\" width=\"72\" height=\"18\">Capacidad (ml)<\/td>\n<td style=\"width: 54pt; text-align: center;\" width=\"72\">Dimensiones (cm)<\/td>\n<td style=\"width: 54pt; text-align: center;\" width=\"72\">Adecuado para<\/td>\n<td style=\"width: 54pt; text-align: center;\" width=\"72\">Opciones personalizadas<\/td>\n<\/tr>\n<tr style=\"height: 13.50pt;\">\n<td style=\"height: 13.5pt; text-align: center;\" align=\"right\" height=\"18\">40<\/td>\n<td style=\"text-align: center;\">4.9&#215;4.9<\/td>\n<td class=\"et2\" style=\"text-align: center;\" rowspan=\"7\">Pudin, yogur, postre, miel, mermelada<\/td>\n<td class=\"et2\" style=\"text-align: center;\" rowspan=\"7\">Logotipos, etiquetas, tapas de botellas, etc.<\/td>\n<\/tr>\n<tr style=\"height: 13.50pt;\">\n<td style=\"height: 13.5pt; text-align: center;\" align=\"right\" height=\"18\">75<\/td>\n<td style=\"text-align: center;\">5.5&#215;5.9<\/td>\n<\/tr>\n<tr style=\"height: 13.50pt;\">\n<td style=\"height: 13.5pt; text-align: center;\" align=\"right\" height=\"18\">100<\/td>\n<td style=\"text-align: center;\">6.3&#215;6.9<\/td>\n<\/tr>\n<tr style=\"height: 13.50pt;\">\n<td style=\"height: 13.5pt; text-align: center;\" align=\"right\" height=\"18\">200<\/td>\n<td style=\"text-align: center;\">7.5&#215;7.6<\/td>\n<\/tr>\n<tr style=\"height: 13.50pt;\">\n<td style=\"height: 13.5pt; text-align: center;\" align=\"right\" height=\"18\">280<\/td>\n<td style=\"text-align: center;\">8.7&#215;8.4<\/td>\n<\/tr>\n<tr style=\"height: 13.50pt;\">\n<td style=\"height: 13.5pt; text-align: center;\" align=\"right\" height=\"18\">380<\/td>\n<td style=\"text-align: center;\">9.3&#215;9.3<\/td>\n<\/tr>\n<tr style=\"height: 13.50pt;\">\n<td style=\"height: 13.5pt; text-align: center;\" align=\"right\" height=\"18\">500<\/td>\n<td style=\"text-align: center;\">9.8&#215;10.5<\/td>\n<\/tr>\n<\/tbody>\n<\/table>\n<h2>Caso de \u00e9xito<\/h2>\n<p>Nos asociamos con una marca de yogur de lujo de Corea del Sur para crear frascos de yogur de vidrio exclusivos para su l\u00ednea de postres. Los frascos, uno por uno, son de vidrio grueso y muy transparente con un patr\u00f3n geom\u00e9trico grabado en relieve en la base para que la fruta y el yogur luzcan a\u00fan m\u00e1s atractivos. Para armonizar con los sabores de la l\u00ednea, la marca opt\u00f3 por tapas de aluminio de color pastel equipadas con anillos de sellado de silicona de grado alimenticio para mantener el producto fresco y evitar fugas durante el transporte. Imprimimos el logotipo en los frascos y usamos etiquetas transparentes para la marca, de modo que los ingredientes brillantes a\u00fan fueran visibles.<\/p>\n<p>La marca ha visto un aumento del 40% en las ventas mensuales tras el lanzamiento del nuevo producto y, por lo tanto, los caf\u00e9s y tiendas de postres donde se encuentra la marca tambi\u00e9n han sido testigos de que las tasas de compra repetida se han duplicado.<\/p>\n<h2>Tus consejos de personalizaci\u00f3n<\/h2>\n<p>Decora tus tarros de yogur con un toque personal. Cu\u00e9ntanos tu idea (por ejemplo, &#034;Mezcla de mango fresco&#034;) y a\u00f1adiremos el relieve, el acabado esmerilado o la tapa met\u00e1lica para que armonice con tu estilo. \u00bfQuieres una versi\u00f3n peque\u00f1a de 200 ml para degustaciones de postres? Estos tarros de yogur de cristal no solo son el reflejo de tu marca. Juntos, podemos crear productos \u00fanicos y memorables.<\/p>","protected":false},"excerpt":{"rendered":"<p>Descubra nuestros tarros de yogur de vidrio premium con tapa: duraderos, elegantes y personalizables. Nuestros tarros de yogur con tapa son perfectos para postres, postres y dulces caseros.<\/p>","protected":false},"featured_media":2185,"template":"","meta":{"postBodyCss":"","postBodyMargin":[],"postBodyPadding":[],"postBodyBackground":{"backgroundType":"classic","gradient":""}},"product_brand":[],"product_cat":[15,16,46],"product_tag":[65,64],"class_list":{"0":"post-2184","1":"product","2":"type-product","3":"status-publish","4":"has-post-thumbnail","6":"product_cat-glass-containers","7":"product_cat-glass-bottles","8":"product_cat-glass-milk-bottles","9":"product_tag-glass-jam-jars","10":"product_tag-glass-yogurt-jars","12":"first","13":"instock","14":"shipping-taxable","15":"product-type-simple"},"jetpack_sharing_enabled":true,"_links":{"self":[{"href":"https:\/\/minghanggroup.com\/es\/wp-json\/wp\/v2\/product\/2184","targetHints":{"allow":["GET"]}}],"collection":[{"href":"https:\/\/minghanggroup.com\/es\/wp-json\/wp\/v2\/product"}],"about":[{"href":"https:\/\/minghanggroup.com\/es\/wp-json\/wp\/v2\/types\/product"}],"wp:featuredmedia":[{"embeddable":true,"href":"https:\/\/minghanggroup.com\/es\/wp-json\/wp\/v2\/media\/2185"}],"wp:attachment":[{"href":"https:\/\/minghanggroup.com\/es\/wp-json\/wp\/v2\/media?parent=2184"}],"wp:term":[{"taxonomy":"product_brand","embeddable":true,"href":"https:\/\/minghanggroup.com\/es\/wp-json\/wp\/v2\/product_brand?post=2184"},{"taxonomy":"product_cat","embeddable":true,"href":"https:\/\/minghanggroup.com\/es\/wp-json\/wp\/v2\/product_cat?post=2184"},{"taxonomy":"product_tag","embeddable":true,"href":"https:\/\/minghanggroup.com\/es\/wp-json\/wp\/v2\/product_tag?post=2184"}],"curies":[{"name":"wp","href":"https:\/\/api.w.org\/{rel}","templated":true}]}}