{"id":2183,"date":"2025-10-29T15:01:14","date_gmt":"2025-10-29T07:01:14","guid":{"rendered":"https:\/\/minghanggroup.com\/?post_type=product&#038;p=2183"},"modified":"2025-10-29T16:01:49","modified_gmt":"2025-10-29T08:01:49","slug":"bulk-small-glass-jam-jars-with-embossed-bottom-edges","status":"publish","type":"product","link":"https:\/\/minghanggroup.com\/es\/producto\/bulk-small-glass-jam-jars-with-embossed-bottom-edges\/","title":{"rendered":"Tarros de mermelada de vidrio peque\u00f1os a granel con bordes inferiores en relieve de 50 ml, 75 ml y 100 ml"},"content":{"rendered":"<p>Estos peque\u00f1os frascos de vidrio para mermelada son transparentes. Geom\u00e9tricos, precisos y bellamente decorados, estos frascos se han dise\u00f1ado para ofrecer al mercado una refinada y pr\u00e1ctica combinaci\u00f3n de encanto y practicidad. Su elegante y texturizada apariencia combina a la perfecci\u00f3n belleza y utilidad.<\/p>\n<h2>Caracter\u00edsticas del producto<\/h2>\n<ul>\n<li><strong>Producto sofisticado:<\/strong> Los tarros de miel tienen un aspecto muy claro y al mismo tiempo tienen algunos elementos geom\u00e9tricos en relieve que les hacen presentar un estilo muy chic y que determina que el producto sea \u00fanico y de primera clase de lujo en el mercado.<\/li>\n<li><strong>Material de los frascos:<\/strong> El vidrio visualmente transparente no impide que el consumidor vea la miel que ha comprado. Al contrario, resalta el relieve en el fondo del frasco, mostrando todo el contenido, combinando as\u00ed funcionalidad y belleza.<\/li>\n<li><strong>La elecci\u00f3n del tama\u00f1o:<\/strong> La especificaci\u00f3n de los frascos de miel en t\u00e9rminos de tama\u00f1o es lo suficientemente abierta para tener en cuenta y satisfacer las demandas de dispensaci\u00f3n de miel y embalaje de regalo.<\/li>\n<\/ul>\n<h2 style=\"text-align: left;\">Especificaciones clave<\/h2>\n<table class=\"aligncenter\" style=\"border-collapse: collapse; width: 415.52pt;\" border=\"0\" width=\"554\" cellspacing=\"0\" cellpadding=\"0\">\n<tbody>\n<tr style=\"height: 13.50pt;\">\n<td style=\"height: 13.50pt; width: 96.00pt;\" width=\"128\" height=\"18\">Caracter\u00edstica<\/td>\n<td style=\"width: 319.50pt;\" width=\"426\">Especificaci\u00f3n<\/td>\n<\/tr>\n<tr style=\"height: 13.50pt;\">\n<td style=\"height: 13.50pt;\" height=\"18\">Capacidad<\/td>\n<td>50 ml, 75 ml, 100 ml<\/td>\n<\/tr>\n<tr style=\"height: 13.50pt;\">\n<td style=\"height: 13.50pt;\" height=\"18\">Forma<\/td>\n<td>Cil\u00edndrico con base texturizada<\/td>\n<\/tr>\n<tr style=\"height: 13.50pt;\">\n<td style=\"height: 13.50pt;\" height=\"18\">Dimensiones<\/td>\n<td>4,6\u00d76,2 cm a 5,7\u00d77,9 cm<\/td>\n<\/tr>\n<tr style=\"height: 13.50pt;\">\n<td style=\"height: 13.50pt;\" height=\"18\">Material<\/td>\n<td>Vidrio transparente, tapa de rosca met\u00e1lica.<\/td>\n<\/tr>\n<tr style=\"height: 13.50pt;\">\n<td style=\"height: 13.50pt;\" height=\"18\">Opciones de tapa<\/td>\n<td>Rojo, dorado, plateado, negro (colores personalizados disponibles)<\/td>\n<\/tr>\n<tr style=\"height: 13.50pt;\">\n<td style=\"height: 13.50pt;\" height=\"18\">Mejor para<\/td>\n<td>Muestras de miel, mermeladas, packs de viaje<\/td>\n<\/tr>\n<tr style=\"height: 13.50pt;\">\n<td style=\"height: 13.50pt;\" height=\"18\">Uso ideal<\/td>\n<td>Peque\u00f1os tarros de mermelada, peque\u00f1os recipientes para miel.<\/td>\n<\/tr>\n<\/tbody>\n<\/table>\n<h2>Historia de \u00e9xito: C\u00f3mo los frascos de muestra impulsan un r\u00e1pido crecimiento empresarial<\/h2>\n<p>El mercado agr\u00edcola de alta gama era el objetivo de una empresa ap\u00edcola emergente que quer\u00eda especializarse en miel cruda de origen \u00fanico. Para entrar en este mercado, decidieron pedir 1000 peque\u00f1os frascos de mermelada de vidrio de 50 ml como muestra. El resultado fue excepcionalmente exitoso. Con solo mirar el fondo del frasco y el color de la tapa, se puede determinar que el valor del producto aumenta: una marca artesanal inform\u00f3 que casi ha duplicado (46%) el n\u00famero de ventas de sets de regalo, y un apicultor que usa frascos de 50 ml como m\u00e9todo de muestreo de miel en un mercado de agricultores ha notado un aumento (39%) en las ventas de frascos de miel de tama\u00f1o completo. Despu\u00e9s de eso, comenzaron a hacer de estos frascos de miel grandes sus compras regulares, orden\u00e1ndolos trimestralmente y, adem\u00e1s, tambi\u00e9n comenzaron a utilizar el tama\u00f1o de 75 ml como su l\u00ednea de productos principal.<\/p>\n<h2>Sugerencias para personalizar recipientes de vidrio para miel<\/h2>\n<ul>\n<li><strong>Color de tapa personalizado:<\/strong> Disponemos de tapas rojas est\u00e1ndar y una amplia gama de colores para que puedas elegir la que m\u00e1s combine con tu marca.<\/li>\n<li><strong>Fondo en relieve personalizado:<\/strong> Puede cambiar o reemplazar el patr\u00f3n geom\u00e9trico en relieve en la parte inferior con el logotipo de su marca o un dise\u00f1o \u00fanico que crear\u00e1 reconocimiento de marca.<\/li>\n<li><strong>Tintado de vidrios:<\/strong> Puedes elegir vidrio \u00e1mbar suave o verde para tu producto para obtener una mejor protecci\u00f3n UV, en caso de que el producto sea fotosensible, como por ejemplo, la miel de la m\u00e1s alta calidad.<\/li>\n<li><strong>Opciones de sellado de la tapa interior:<\/strong> Puede elegir diferentes materiales de relleno para el revestimiento para que el sello sea herm\u00e9tico y que la viscosidad de su producto coincida perfectamente, desde miel fina hasta crema espesa.<\/li>\n<\/ul>","protected":false},"excerpt":{"rendered":"<p>Elegantes tarros de mermelada de cristal peque\u00f1os con fondo geom\u00e9trico en relieve y tapas rojas. Excelente sellado, perfectos para envasar miel y mermelada. Muestras gratuitas disponibles.<\/p>","protected":false},"featured_media":2192,"template":"","meta":{"postBodyCss":"","postBodyMargin":[],"postBodyPadding":[],"postBodyBackground":{"backgroundType":"classic","gradient":""}},"product_brand":[],"product_cat":[15,17,52],"product_tag":[],"class_list":{"0":"post-2183","1":"product","2":"type-product","3":"status-publish","4":"has-post-thumbnail","6":"product_cat-glass-containers","7":"product_cat-glass-jars","8":"product_cat-glass-honey-jars","10":"first","11":"instock","12":"shipping-taxable","13":"product-type-simple"},"jetpack_sharing_enabled":true,"_links":{"self":[{"href":"https:\/\/minghanggroup.com\/es\/wp-json\/wp\/v2\/product\/2183","targetHints":{"allow":["GET"]}}],"collection":[{"href":"https:\/\/minghanggroup.com\/es\/wp-json\/wp\/v2\/product"}],"about":[{"href":"https:\/\/minghanggroup.com\/es\/wp-json\/wp\/v2\/types\/product"}],"wp:featuredmedia":[{"embeddable":true,"href":"https:\/\/minghanggroup.com\/es\/wp-json\/wp\/v2\/media\/2192"}],"wp:attachment":[{"href":"https:\/\/minghanggroup.com\/es\/wp-json\/wp\/v2\/media?parent=2183"}],"wp:term":[{"taxonomy":"product_brand","embeddable":true,"href":"https:\/\/minghanggroup.com\/es\/wp-json\/wp\/v2\/product_brand?post=2183"},{"taxonomy":"product_cat","embeddable":true,"href":"https:\/\/minghanggroup.com\/es\/wp-json\/wp\/v2\/product_cat?post=2183"},{"taxonomy":"product_tag","embeddable":true,"href":"https:\/\/minghanggroup.com\/es\/wp-json\/wp\/v2\/product_tag?post=2183"}],"curies":[{"name":"wp","href":"https:\/\/api.w.org\/{rel}","templated":true}]}}