{"id":2160,"date":"2025-10-28T17:55:09","date_gmt":"2025-10-28T09:55:09","guid":{"rendered":"https:\/\/minghanggroup.com\/?post_type=product&#038;p=2160"},"modified":"2025-10-29T17:32:26","modified_gmt":"2025-10-29T09:32:26","slug":"bulk-square-jam-canning-jars-with-embossed-fruit-pattern","status":"publish","type":"product","link":"https:\/\/minghanggroup.com\/es\/producto\/bulk-square-jam-canning-jars-with-embossed-fruit-pattern\/","title":{"rendered":"Frascos cuadrados para mermelada con estampado de frutas en relieve (250 ml, 500 ml y 750 ml)"},"content":{"rendered":"<p>Estos frascos para conservas de mermelada est\u00e1n hechos de un cuerpo de vidrio transparente y cuadrado, decorado con encantadores patrones de frutas en relieve y detalles de texto. Las tapas est\u00e1n disponibles en dorado y plateado, y en diferentes tama\u00f1os, mostrando una impresionante creatividad que combina a la perfecci\u00f3n utilidad y belleza.<\/p>\n<h2>Caracter\u00edsticas del producto<\/h2>\n<ul>\n<li><strong>Material de vidrio transparente:<\/strong> El uso de vidrio transparente permite ver con mucha claridad la miel almacenada dentro del frasco y, al mismo tiempo, apreciar los detalles en relieve combinando as\u00ed los dos aspectos: uso y belleza.<\/li>\n<li><strong>Cuerpo con relieve cuadrado:<\/strong> El cuerpo cuadrado, adornado con la fruta y el texto en relieve, ejemplifica un estilo minimalista pero al mismo tiempo creativo, introduciendo as\u00ed m\u00e1s el producto y mejorando el aspecto general de la l\u00ednea.<\/li>\n<li><strong>Hay diferentes tama\u00f1os disponibles:<\/strong> Se ofrecen en una variedad de tama\u00f1os para as\u00ed satisfacer plenamente las diferentes necesidades que puedan surgir, ya sea para almacenamiento de miel, embalaje de regalo o cualquier otra ocasi\u00f3n.<\/li>\n<\/ul>\n<h2 style=\"text-align: left;\">Especificaciones clave<\/h2>\n<table class=\"aligncenter\" style=\"border-collapse: collapse; width: 405.02pt;\" border=\"0\" width=\"540\" cellspacing=\"0\" cellpadding=\"0\">\n<tbody>\n<tr style=\"height: 13.50pt;\">\n<td style=\"height: 13.50pt; width: 96.00pt;\" width=\"128\" height=\"18\">Caracter\u00edstica<\/td>\n<td style=\"width: 309.00pt;\" width=\"412\">Especificaci\u00f3n<\/td>\n<\/tr>\n<tr style=\"height: 13.50pt;\">\n<td style=\"height: 13.50pt;\" height=\"18\">Capacidad<\/td>\n<td>250 ml, 500 ml, 750 ml<\/td>\n<\/tr>\n<tr style=\"height: 13.50pt;\">\n<td style=\"height: 13.50pt;\" height=\"18\">Forma<\/td>\n<td>Cuadrado con dise\u00f1o en relieve de estampado de frutas<\/td>\n<\/tr>\n<tr style=\"height: 13.50pt;\">\n<td style=\"height: 13.50pt;\" height=\"18\">Dimensiones<\/td>\n<td>8\u00d78,3 cm a 10\u00d713,3 cm<\/td>\n<\/tr>\n<tr style=\"height: 13.50pt;\">\n<td style=\"height: 13.50pt;\" height=\"18\">Material<\/td>\n<td>Vidrio transparente, tapa de rosca met\u00e1lica.<\/td>\n<\/tr>\n<tr style=\"height: 13.50pt;\">\n<td style=\"height: 13.50pt;\" height=\"18\">Opciones de tapa<\/td>\n<td>Oro, plata, negro (colores personalizados disponibles)<\/td>\n<\/tr>\n<tr style=\"height: 13.50pt;\">\n<td style=\"height: 13.50pt;\" height=\"18\">Mejor para<\/td>\n<td>Miel, mermeladas, conservas, sets de regalo, paquetes minoristas<\/td>\n<\/tr>\n<tr style=\"height: 13.50pt;\">\n<td style=\"height: 13.50pt;\" height=\"18\">Uso ideal<\/td>\n<td>Tarros de mermelada, tarros de miel<\/td>\n<\/tr>\n<\/tbody>\n<\/table>\n<h2>Historia de \u00e9xito: Elevando las marcas locales de miel<\/h2>\n<p>Uno de nuestros clientes, una empresa ap\u00edcola en expansi\u00f3n que abastece al mercado local, llevaba tiempo frustrada con el uso de tarros de miel comunes. Entonces, para su gama de productos de alta gama, decidi\u00f3 utilizar nuestros tarros de mermelada de 500 ml con tapa y dise\u00f1os en relieve. \u00bfLos resultados? Para empezar, el dise\u00f1o en relieve de frutas contribuy\u00f3 significativamente al aumento de las ventas en un 52 %, y los clientes los calificaron de &#034;obras de arte&#034;. Por lo tanto, la cantidad de clientes que volvieron aument\u00f3 un 63 %. La marca, por lo tanto, qued\u00f3 tan satisfecha con las rese\u00f1as que realiz\u00f3 tres pedidos m\u00e1s, cada uno del doble del tama\u00f1o de su pedido anterior de 100\u00a0000 unidades. Actualmente, este tarro se ha convertido en su envase est\u00e1ndar para toda su l\u00ednea de productos.<\/p>\n<h2>Ideas para modificar el almacenamiento de miel en vidrio<\/h2>\n<ul>\n<li><strong>Varios colores de gorra:<\/strong> Adem\u00e1s de nuestras tapas actuales en oro, plata, negro o blanco, tambi\u00e9n puede elegir un color Pantone personalizado que combine perfectamente con su marca.<\/li>\n<li><strong>Grabado personalizado:<\/strong> Se pueden cambiar diferentes dise\u00f1os de frutas al frasco para que queden grabados en relieve, y se puede hacer su logotipo o un dise\u00f1o \u00fanico directamente en los frascos de vidrio.<\/li>\n<li><strong>Tintado:<\/strong> El vidrio se puede te\u00f1ir ligeramente si desea tonos muy claros, por ejemplo, \u00e1mbar o verde, para protegerlo contra los rayos UV o simplemente para una apariencia de marca diferente, aunque el vidrio es completamente \u200b\u200d\u200b\u200c\u200d\u200b\u200d\u200c\u200d\u200b\u200c\u200d\u200b\u200d\u200ctransparente.<\/li>\n<\/ul>\n<p>\u00bfNecesita envases de vidrio ideales para su negocio? Descubra nuestra l\u00ednea completa de envases para miel y cont\u00e1ctenos para obtener un presupuesto al por mayor.<\/p>","protected":false},"excerpt":{"rendered":"<p>Frascos de mermelada de alta calidad decorados con motivos frutales en relieve. Ideales para mermeladas artesanales y envasado de alimentos. Personalizables. Muestras gratuitas disponibles.<\/p>","protected":false},"featured_media":2179,"template":"","meta":{"postBodyCss":"","postBodyMargin":[],"postBodyPadding":[],"postBodyBackground":{"backgroundType":"classic","gradient":""}},"product_brand":[],"product_cat":[15,17,52],"product_tag":[],"class_list":{"0":"post-2160","1":"product","2":"type-product","3":"status-publish","4":"has-post-thumbnail","6":"product_cat-glass-containers","7":"product_cat-glass-jars","8":"product_cat-glass-honey-jars","10":"first","11":"instock","12":"shipping-taxable","13":"product-type-simple"},"jetpack_sharing_enabled":true,"_links":{"self":[{"href":"https:\/\/minghanggroup.com\/es\/wp-json\/wp\/v2\/product\/2160","targetHints":{"allow":["GET"]}}],"collection":[{"href":"https:\/\/minghanggroup.com\/es\/wp-json\/wp\/v2\/product"}],"about":[{"href":"https:\/\/minghanggroup.com\/es\/wp-json\/wp\/v2\/types\/product"}],"wp:featuredmedia":[{"embeddable":true,"href":"https:\/\/minghanggroup.com\/es\/wp-json\/wp\/v2\/media\/2179"}],"wp:attachment":[{"href":"https:\/\/minghanggroup.com\/es\/wp-json\/wp\/v2\/media?parent=2160"}],"wp:term":[{"taxonomy":"product_brand","embeddable":true,"href":"https:\/\/minghanggroup.com\/es\/wp-json\/wp\/v2\/product_brand?post=2160"},{"taxonomy":"product_cat","embeddable":true,"href":"https:\/\/minghanggroup.com\/es\/wp-json\/wp\/v2\/product_cat?post=2160"},{"taxonomy":"product_tag","embeddable":true,"href":"https:\/\/minghanggroup.com\/es\/wp-json\/wp\/v2\/product_tag?post=2160"}],"curies":[{"name":"wp","href":"https:\/\/api.w.org\/{rel}","templated":true}]}}