{"id":2137,"date":"2025-10-28T15:03:04","date_gmt":"2025-10-28T07:03:04","guid":{"rendered":"https:\/\/minghanggroup.com\/?post_type=product&#038;p=2137"},"modified":"2026-01-20T13:43:03","modified_gmt":"2026-01-20T05:43:03","slug":"glass-milk-bottle-with-handle-for-yogurt","status":"publish","type":"product","link":"https:\/\/minghanggroup.com\/es\/producto\/glass-milk-bottle-with-handle-for-yogurt\/","title":{"rendered":"Botella de leche de vidrio acanalado de 120 ml con asa para pud\u00edn y yogur"},"content":{"rendered":"<p>Hemos contribuido decisivamente a la transformaci\u00f3n de los envases de numerosas marcas de la industria l\u00e1ctea, pasando de simples a llamativos. Nuestra innovadora botella de vidrio con asa no solo es un nuevo envase, sino un dispositivo que revoluciona su l\u00ednea de tarros de yogur. Imagine a los clientes viendo los brillantes colores de su yogur a trav\u00e9s de un cristal transparente, agarrando una pr\u00e1ctica asa y reconociendo su alta calidad. Este es el efecto de un envase de vidrio adecuado.<\/p>\n<h2>Caracter\u00edsticas del producto<\/h2>\n<ul>\n<li><strong>Elegancia de textura vintage:<\/strong>Las nervaduras o ranuras verticales en su botella de vidrio para leche brindan un aspecto que no se ve afectado por el tiempo y, por lo tanto, pueden hacer que su frasco de yogur se destaque de manera atractiva en los estantes.<\/li>\n<li><strong>Comodidad ergon\u00f3mica:<\/strong>El mango con la forma adecuada se adapta a su mano como un guante, lo que facilita el vertido y el transporte de su producto l\u00e1cteo.<\/li>\n<\/ul>\n<h2>Especificaciones clave<\/h2>\n<table style=\"border-collapse: collapse; width: 80%; margin-right: auto; margin-left: auto;\" border=\"0\" width=\"360\" cellspacing=\"0\" cellpadding=\"0\">\n<tbody>\n<tr style=\"height: 13.50pt;\">\n<td style=\"height: 13.5pt; width: 54pt; text-align: center;\" width=\"72\" height=\"18\">Modelo<\/td>\n<td style=\"width: 54pt; text-align: center;\" width=\"72\">Capacidad<\/td>\n<td style=\"width: 54pt; text-align: center;\" width=\"72\">Dimensiones<\/td>\n<td style=\"width: 54pt; text-align: center;\" width=\"72\">Accesorio<\/td>\n<td style=\"width: 54pt; text-align: center;\" width=\"72\">Textura<\/td>\n<\/tr>\n<tr style=\"height: 13.50pt;\">\n<td style=\"height: 13.5pt; text-align: center;\" align=\"right\" height=\"18\">64012047<\/td>\n<td style=\"text-align: center;\">120 ml<\/td>\n<td style=\"text-align: center;\">9.36.87.3cm<\/td>\n<td style=\"text-align: center;\">Manejar<\/td>\n<td style=\"text-align: center;\">ranuras verticales<\/td>\n<\/tr>\n<\/tbody>\n<\/table>\n<h2>Caso de \u00e9xito<\/h2>\n<p>Una marca de l\u00e1cteos se asoci\u00f3 con nosotros para crear una botella de vidrio acanalado personalizada con asa para su nueva l\u00ednea de yogur artesanal y leches saborizadas. Cada frasco de yogur de 120 ml cuenta con ranuras verticales que no solo facilitan el agarre, sino que tambi\u00e9n le dan un encantador estilo retro. Adem\u00e1s, la marca opt\u00f3 por un tap\u00f3n de rosca plateado mate con revestimiento de silicona para un sellado seguro y una f\u00e1cil reutilizaci\u00f3n.<\/p>\n<p>La l\u00ednea de productos se hizo popular muy r\u00e1pidamente en los caf\u00e9s locales y la marca de productos l\u00e1cteos pudo aumentar un 30% los pedidos.<\/p>\n<h2>Ideas de personalizaci\u00f3n para su marca<\/h2>\n<p>Convierta su empaque en una experiencia memorable. Simplemente elija su sabor caracter\u00edstico, ya sea &#034;Leche de Avena Cold Brew&#034; o &#034;Yogur de Canela y Arce&#034;, y nosotros lo haremos por usted con un dise\u00f1o distintivo compuesto por ranuras verticales profundamente grabadas, un acabado mate suave y una tapa personalizada de metal o madera. Tambi\u00e9n puede agregar un elegante sello de seguridad para mantener el producto fresco y decorar su logotipo o imagen con estampado en caliente de un solo toque o vidrio esmerilado. Haga que su frasco de yogur sea el \u00edcono que su marca merece.<\/p>","protected":false},"excerpt":{"rendered":"<p>Elegante botella de leche de vidrio con asa que tambi\u00e9n funciona como tarro de yogur: perfecta para l\u00e1cteos, postres o bebidas. Personaliza tus tapas, colores y logotipos para que combinen con tu marca.<\/p>","protected":false},"featured_media":2138,"template":"","meta":{"postBodyCss":"","postBodyMargin":[],"postBodyPadding":[],"postBodyBackground":{"backgroundType":"classic","gradient":""}},"product_brand":[],"product_cat":[15,16,46],"product_tag":[65,64],"class_list":{"0":"post-2137","1":"product","2":"type-product","3":"status-publish","4":"has-post-thumbnail","6":"product_cat-glass-containers","7":"product_cat-glass-bottles","8":"product_cat-glass-milk-bottles","9":"product_tag-glass-jam-jars","10":"product_tag-glass-yogurt-jars","12":"first","13":"instock","14":"shipping-taxable","15":"product-type-simple"},"jetpack_sharing_enabled":true,"_links":{"self":[{"href":"https:\/\/minghanggroup.com\/es\/wp-json\/wp\/v2\/product\/2137","targetHints":{"allow":["GET"]}}],"collection":[{"href":"https:\/\/minghanggroup.com\/es\/wp-json\/wp\/v2\/product"}],"about":[{"href":"https:\/\/minghanggroup.com\/es\/wp-json\/wp\/v2\/types\/product"}],"wp:featuredmedia":[{"embeddable":true,"href":"https:\/\/minghanggroup.com\/es\/wp-json\/wp\/v2\/media\/2138"}],"wp:attachment":[{"href":"https:\/\/minghanggroup.com\/es\/wp-json\/wp\/v2\/media?parent=2137"}],"wp:term":[{"taxonomy":"product_brand","embeddable":true,"href":"https:\/\/minghanggroup.com\/es\/wp-json\/wp\/v2\/product_brand?post=2137"},{"taxonomy":"product_cat","embeddable":true,"href":"https:\/\/minghanggroup.com\/es\/wp-json\/wp\/v2\/product_cat?post=2137"},{"taxonomy":"product_tag","embeddable":true,"href":"https:\/\/minghanggroup.com\/es\/wp-json\/wp\/v2\/product_tag?post=2137"}],"curies":[{"name":"wp","href":"https:\/\/api.w.org\/{rel}","templated":true}]}}