{"id":2132,"date":"2025-10-28T14:07:28","date_gmt":"2025-10-28T06:07:28","guid":{"rendered":"https:\/\/minghanggroup.com\/?post_type=product&#038;p=2132"},"modified":"2026-01-20T13:43:18","modified_gmt":"2026-01-20T05:43:18","slug":"100ml-200ml-round-planet-yogurt-glass-jars-for-yogurt-milk","status":"publish","type":"product","link":"https:\/\/minghanggroup.com\/es\/producto\/100ml-200ml-round-planet-yogurt-glass-jars-for-yogurt-milk\/","title":{"rendered":"Tarros de cristal redondos Planet Yogurt de 100 ml y 200 ml para yogur y leche"},"content":{"rendered":"<p>Olv\u00eddate de los envases aburridos que hacen que tus l\u00e1cteos pasen desapercibidos. Creamos frascos de yogur de vidrio personalizados con forma de planeta que convierten tu leche, yogur y zumo en el centro de atenci\u00f3n. No son solo envases, son la nueva arma secreta de tu marca para un envasado de l\u00e1cteos fresco y elegante. Como tu fabricante de referencia de envases de vidrio, utilizamos los materiales m\u00e1s frescos para que tu producto conserve su sabor fresco durante m\u00e1s tiempo.<\/p>\n<h2>Caracter\u00edsticas del producto<\/h2>\n<ol>\n<li><strong>Dise\u00f1os c\u00f3smicos:<\/strong>Los frascos de vidrio para yogur Planets son perfectos para que sus productos l\u00e1cteos se destaquen en los estantes: los clientes definitivamente querr\u00e1n conservar estas botellas de leche de vidrio reutilizables como decoraci\u00f3n de sus hogares.<\/li>\n<li><strong>Conveniencia de amplia apertura:<\/strong>Son muy f\u00e1ciles de llenar, servir y limpiar: con estas botellas con tapa, no hay necesidad de derramar l\u00edquidos. Perfectas para el envasado de l\u00e1cteos y para uso dom\u00e9stico.<\/li>\n<li><strong>Reutilizaci\u00f3n ecol\u00f3gica:<\/strong>El vidrio es de buena calidad, bastante grueso y resistente, y se puede reutilizar a diario, lo que reduce el desperdicio y, al mismo tiempo, aumenta su credibilidad ecol\u00f3gica. Estos frascos de yogur no son solo contenedores, sino embajadores de la marca.<\/li>\n<\/ol>\n<h2>Especificaciones clave<\/h2>\n<table style=\"border-collapse: collapse; width: 80%; margin-left: auto; margin-right: auto;\" border=\"0\" width=\"288\" cellspacing=\"0\" cellpadding=\"0\">\n<tbody>\n<tr style=\"height: 13.50pt;\">\n<td style=\"height: 13.5pt; width: 54pt; text-align: center;\" width=\"72\" height=\"18\">Modelo<\/td>\n<td style=\"width: 54pt; text-align: center;\" width=\"72\">Capacidad (ml)<\/td>\n<td style=\"width: 54pt; text-align: center;\" width=\"72\">Dimensiones (cm)<\/td>\n<td style=\"width: 54pt; text-align: center;\" width=\"72\">Forma<\/td>\n<\/tr>\n<tr style=\"height: 13.50pt;\">\n<td style=\"height: 13.5pt; text-align: center;\" align=\"right\" height=\"18\">64010045<\/td>\n<td style=\"text-align: center;\" align=\"right\">100<\/td>\n<td style=\"text-align: center;\">6.9&#215;6.2<\/td>\n<td class=\"et2\" style=\"text-align: center;\" rowspan=\"2\">Planeta redondo<\/td>\n<\/tr>\n<tr style=\"height: 13.50pt;\">\n<td style=\"height: 13.5pt; text-align: center;\" align=\"right\" height=\"18\">64020046<\/td>\n<td style=\"text-align: center;\" align=\"right\">200<\/td>\n<td style=\"text-align: center;\">7.9&#215;7.3<\/td>\n<\/tr>\n<\/tbody>\n<\/table>\n<h2>Caso de \u00e9xito<\/h2>\n<p>Una marca boutique de postres se asoci\u00f3 con nosotros para crear un frasco de pud\u00edn de vidrio personalizado con forma de planeta para su colecci\u00f3n de mousse y yogur. El frasco de yogur de 200 ml tiene una forma suave y esf\u00e9rica que imita un peque\u00f1o planeta: una forma divertida y elegante de representar la creatividad y la alegr\u00eda de la marca.<\/p>\n<p>Para lucir bien y ser funcionales, la marca eligi\u00f3 tapas giratorias de color plata mate con revestimientos de silicona de grado alimenticio para mantener la frescura herm\u00e9tica y sellar f\u00e1cilmente el producto durante el transporte refrigerado.<\/p>\n<p>El frasco adquiri\u00f3 un aspecto elegante y contempor\u00e1neo gracias al glaseado sutil y la impresi\u00f3n minimalista del logotipo blanco, lo que lo hizo destacar en los estantes de los caf\u00e9s y en las plataformas en l\u00ednea de la marca.<\/p>\n<p>Tras el lanzamiento de la nueva l\u00ednea, los frascos &#034;Planet Pudding&#034; se convirtieron en el envase m\u00e1s popular entre los clientes, muchos de los cuales apreciaron su aspecto lujoso y coleccionable. La marca, durante el primer trimestre, registr\u00f3 un aumento del 28 % en las compras recurrentes, lo que ha convertido el sencillo vaso de postre en un icono de su identidad visual.<\/p>\n<h2>Tus consejos de personalizaci\u00f3n<\/h2>\n<p>El mejor frasco de vidrio personalizado con forma de planeta ser\u00eda uno cuya forma redonda y elegante se enfatice visualmente. Puede elegir entre acabados esmerilados o degradados para evocar una impresi\u00f3n celestial de ensue\u00f1o, o bien estampar los logotipos de su marca para un aspecto t\u00e1ctil y lujoso. Comb\u00ednelo con tapas met\u00e1licas de rosca en oro mate, rosa o plata para conseguir ese toque moderno, o bien opte por tapas herm\u00e9ticas de madera si le gusta el lado verde de las cosas. Adem\u00e1s, tiene la libertad de dise\u00f1ar sus etiquetas y serigraf\u00eda de acuerdo con la marca de su postre o yogur, ya sea minimalista, divertida o lujosa.<\/p>","protected":false},"excerpt":{"rendered":"<p>Descubre nuestros tarros de yogur con forma de planeta: un dise\u00f1o elegante, perfecto para postres o postres. Personalizables con tapas, logotipos y acabados.<\/p>","protected":false},"featured_media":2133,"template":"","meta":{"postBodyCss":"","postBodyMargin":[],"postBodyPadding":[],"postBodyBackground":{"backgroundType":"classic","gradient":""}},"product_brand":[],"product_cat":[15,16,46],"product_tag":[65,64],"class_list":{"0":"post-2132","1":"product","2":"type-product","3":"status-publish","4":"has-post-thumbnail","6":"product_cat-glass-containers","7":"product_cat-glass-bottles","8":"product_cat-glass-milk-bottles","9":"product_tag-glass-jam-jars","10":"product_tag-glass-yogurt-jars","12":"first","13":"instock","14":"shipping-taxable","15":"product-type-simple"},"jetpack_sharing_enabled":true,"_links":{"self":[{"href":"https:\/\/minghanggroup.com\/es\/wp-json\/wp\/v2\/product\/2132","targetHints":{"allow":["GET"]}}],"collection":[{"href":"https:\/\/minghanggroup.com\/es\/wp-json\/wp\/v2\/product"}],"about":[{"href":"https:\/\/minghanggroup.com\/es\/wp-json\/wp\/v2\/types\/product"}],"wp:featuredmedia":[{"embeddable":true,"href":"https:\/\/minghanggroup.com\/es\/wp-json\/wp\/v2\/media\/2133"}],"wp:attachment":[{"href":"https:\/\/minghanggroup.com\/es\/wp-json\/wp\/v2\/media?parent=2132"}],"wp:term":[{"taxonomy":"product_brand","embeddable":true,"href":"https:\/\/minghanggroup.com\/es\/wp-json\/wp\/v2\/product_brand?post=2132"},{"taxonomy":"product_cat","embeddable":true,"href":"https:\/\/minghanggroup.com\/es\/wp-json\/wp\/v2\/product_cat?post=2132"},{"taxonomy":"product_tag","embeddable":true,"href":"https:\/\/minghanggroup.com\/es\/wp-json\/wp\/v2\/product_tag?post=2132"}],"curies":[{"name":"wp","href":"https:\/\/api.w.org\/{rel}","templated":true}]}}