{"id":2127,"date":"2025-10-27T17:21:19","date_gmt":"2025-10-27T09:21:19","guid":{"rendered":"https:\/\/minghanggroup.com\/?post_type=product&#038;p=2127"},"modified":"2026-01-20T13:43:53","modified_gmt":"2026-01-20T05:43:53","slug":"round-glass-yogurt-jars-for-dessert","status":"publish","type":"product","link":"https:\/\/minghanggroup.com\/es\/producto\/round-glass-yogurt-jars-for-dessert\/","title":{"rendered":"Tarros de yogur de vidrio redondo de 100-300 ml para postres y bebidas"},"content":{"rendered":"<p>Deje de conformarse con envases aburridos. Creamos tarros de yogur de vidrio a medida que hacen que cada bocado sea una delicia. Estas botellas de leche de vidrio de estilo retro combinan un atractivo atemporal con la funcionalidad actual, ideales para yogur, leche o zumo. Como su fabricante de confianza de envases de vidrio, utilizamos solo los mejores materiales para garantizar que su producto se mantenga fresco durante m\u00e1s tiempo.<\/p>\n<h2>Caracter\u00edsticas del producto<\/h2>\n<ol>\n<li><strong>Charm redondo vintage:<\/strong>El tipo de barriga grande es muy c\u00f3modo en la mano y causar\u00e1 una gran impresi\u00f3n en los clientes de los estantes de la tienda: sus clientes conservar\u00e1n estos frascos de yogur de vidrio como recuerdos.<\/li>\n<li><strong>Conveniencia de boca ancha:<\/strong>F\u00e1cil de llenar y servir: se acabaron los derrames en tus frascos de yogur. La mejor y m\u00e1s pr\u00e1ctica soluci\u00f3n para el envasado de l\u00e1cteos y el uso dom\u00e9stico.<\/li>\n<li><strong>Durable y reutilizable:<\/strong>El vidrio grueso est\u00e1 dise\u00f1ado para ser reutilizado a diario, lo que reduce el desperdicio y, al mismo tiempo, aumenta tu credibilidad ecol\u00f3gica. Reutiliza estos frascos de leche de vidrio para yogur, jugo o incluso como un recipiente para bebidas de moda.<\/li>\n<\/ol>\n<h2>Especificaciones clave<\/h2>\n<table style=\"border-collapse: collapse; width: 80%; margin-left: auto; margin-right: auto;\" border=\"0\" width=\"288\" cellspacing=\"0\" cellpadding=\"0\">\n<tbody>\n<tr style=\"height: 13.50pt;\">\n<td style=\"height: 13.5pt; width: 54pt; text-align: center;\" width=\"72\" height=\"18\">Modelo<\/td>\n<td style=\"width: 54pt; text-align: center;\" width=\"72\">Capacidad (ml)<\/td>\n<td style=\"width: 54pt; text-align: center;\" width=\"72\">Dimensiones (cm)<\/td>\n<td style=\"width: 54pt; text-align: center;\" width=\"72\">Forma<\/td>\n<\/tr>\n<tr style=\"height: 13.50pt;\">\n<td style=\"height: 13.5pt; text-align: center;\" align=\"right\" height=\"18\">64010042<\/td>\n<td style=\"text-align: center;\" align=\"right\">100<\/td>\n<td style=\"text-align: center;\">6.4&#215;6.5<\/td>\n<td class=\"et2\" style=\"text-align: center;\" rowspan=\"3\">Redondo<\/td>\n<\/tr>\n<tr style=\"height: 13.50pt;\">\n<td style=\"height: 13.5pt; text-align: center;\" align=\"right\" height=\"18\">64020043<\/td>\n<td style=\"text-align: center;\" align=\"right\">200<\/td>\n<td style=\"text-align: center;\">7.3&#215;7.2<\/td>\n<\/tr>\n<tr style=\"height: 13.50pt;\">\n<td style=\"height: 13.5pt; text-align: center;\" align=\"right\" height=\"18\">64030044<\/td>\n<td style=\"text-align: center;\" align=\"right\">300<\/td>\n<td style=\"text-align: center;\">8.3&#215;8.6<\/td>\n<\/tr>\n<\/tbody>\n<\/table>\n<h2>Caso de \u00e9xito<\/h2>\n<p>Nuestro equipo colabor\u00f3 \u200b\u200bcon una marca de postres para crear un dise\u00f1o personalizado para dos tarros de yogur de vidrio redondos. Cada tarro de 200 ml tiene una forma suave que combina a la perfecci\u00f3n con su concepto de postre. La marca opt\u00f3 por una tapa de pl\u00e1stico beige c\u00e1lido con silicona de grado alimenticio para mantener el tarro fresco y facilitar su apertura.<\/p>\n<p>Los frascos recibieron una renovaci\u00f3n para atraer a m\u00e1s clientes en el estante con un logotipo en relieve minimalista y una etiqueta transparente que revela las capas y la textura del postre.<\/p>\n<p>Despu\u00e9s del lanzamiento del producto, la marca registr\u00f3 un aumento del 30% en el n\u00famero de compras repetidas y un fuerte compromiso en l\u00ednea.<\/p>\n<h2>Tus consejos de personalizaci\u00f3n<\/h2>\n<p>\u00bfPor qu\u00e9 no dejar que tus tarros de yogur muestren el car\u00e1cter de tu marca en lugar de usar envases est\u00e1ndar? Comparte tu historia con nosotros, ya sea &#034;Vainilla Cl\u00e1sica&#034; o &#034;Caramelo Delicioso&#034;, y la haremos visualmente impactante. Puedes elegir entre un acabado mate o brillante, colocar un logotipo en relieve o esmerilado, y seleccionar una tapa de madera, metal o color pastel. Estamos aqu\u00ed para ayudarte. Tus tarros de yogur de cristal no son solo un recipiente; son el toque final de tu postre. Perm\u00edtenos transformarlos en tu estilo personal.<\/p>","protected":false},"excerpt":{"rendered":"<p>Bonitos y curvos frascos de yogur de vidrio con boca ancha para llenar y servir f\u00e1cilmente. Perfectos para postres cremosos o bebidas l\u00e1cteas: personal\u00edzalos con el estilo de tu marca.<\/p>","protected":false},"featured_media":2128,"template":"","meta":{"postBodyCss":"","postBodyMargin":[],"postBodyPadding":[],"postBodyBackground":{"backgroundType":"classic","gradient":""}},"product_brand":[],"product_cat":[15,16,46],"product_tag":[65,64,71],"class_list":{"0":"post-2127","1":"product","2":"type-product","3":"status-publish","4":"has-post-thumbnail","6":"product_cat-glass-containers","7":"product_cat-glass-bottles","8":"product_cat-glass-milk-bottles","9":"product_tag-glass-jam-jars","10":"product_tag-glass-yogurt-jars","11":"product_tag-honey-jars","13":"first","14":"instock","15":"shipping-taxable","16":"product-type-simple"},"jetpack_sharing_enabled":true,"_links":{"self":[{"href":"https:\/\/minghanggroup.com\/es\/wp-json\/wp\/v2\/product\/2127","targetHints":{"allow":["GET"]}}],"collection":[{"href":"https:\/\/minghanggroup.com\/es\/wp-json\/wp\/v2\/product"}],"about":[{"href":"https:\/\/minghanggroup.com\/es\/wp-json\/wp\/v2\/types\/product"}],"wp:featuredmedia":[{"embeddable":true,"href":"https:\/\/minghanggroup.com\/es\/wp-json\/wp\/v2\/media\/2128"}],"wp:attachment":[{"href":"https:\/\/minghanggroup.com\/es\/wp-json\/wp\/v2\/media?parent=2127"}],"wp:term":[{"taxonomy":"product_brand","embeddable":true,"href":"https:\/\/minghanggroup.com\/es\/wp-json\/wp\/v2\/product_brand?post=2127"},{"taxonomy":"product_cat","embeddable":true,"href":"https:\/\/minghanggroup.com\/es\/wp-json\/wp\/v2\/product_cat?post=2127"},{"taxonomy":"product_tag","embeddable":true,"href":"https:\/\/minghanggroup.com\/es\/wp-json\/wp\/v2\/product_tag?post=2127"}],"curies":[{"name":"wp","href":"https:\/\/api.w.org\/{rel}","templated":true}]}}