{"id":2119,"date":"2025-10-27T16:00:54","date_gmt":"2025-10-27T08:00:54","guid":{"rendered":"https:\/\/minghanggroup.com\/?post_type=product&#038;p=2119"},"modified":"2025-10-27T16:01:11","modified_gmt":"2025-10-27T08:01:11","slug":"custom-glass-milk-bottles-for-pudding","status":"publish","type":"product","link":"https:\/\/minghanggroup.com\/es\/producto\/custom-glass-milk-bottles-for-pudding\/","title":{"rendered":"Botellas de leche de vidrio cuadradas personalizadas para postres y bebidas"},"content":{"rendered":"<p>Su marca de l\u00e1cteos necesita un envase que realmente llame la atenci\u00f3n de los clientes. Fabricamos botellas de leche de vidrio personalizadas que convierten cada vertido en un momento de puro deleite. Estas botellas cuadradas de vidrio con tapa combinan un dise\u00f1o moderno con un encanto atemporal, perfectas para leche, yogur o zumo. Como su fabricante de confianza de envases de vidrio, utilizamos los materiales m\u00e1s frescos para que su producto conserve su sabor fresco durante m\u00e1s tiempo.<\/p>\n<h2>Caracter\u00edsticas del producto<\/h2>\n<ol>\n<li><strong>Dise\u00f1o cuadrado elegante:<\/strong>La forma cuadrada de bordes afilados del cuerpo proporciona una apariencia contempor\u00e1nea y de alta gama y tambi\u00e9n hace que la disposici\u00f3n de los estantes sea m\u00e1s eficiente y el etiquetado m\u00e1s f\u00e1cil.<\/li>\n<li><strong>Uso vers\u00e1til<\/strong>:El uso de este producto es principalmente para envasar leche, pudines, yogur, caf\u00e9 fr\u00edo o jugos de frutas, y tambi\u00e9n es perfecto para presentaciones en tiendas minoristas y cafeter\u00edas.<\/li>\n<li><strong>Opciones personalizables:<\/strong>El producto puede tener una tapa de metal, pl\u00e1stico o madera y tambi\u00e9n puede admitir la impresi\u00f3n de logotipo personalizado, relieve o acabado esmerilado.<\/li>\n<\/ol>\n<h2>Especificaciones clave<\/h2>\n<table style=\"border-collapse: collapse; width: 80%; margin-left: auto; margin-right: auto;\" border=\"0\" width=\"288\" cellspacing=\"0\" cellpadding=\"0\">\n<tbody>\n<tr style=\"height: 13.50pt;\">\n<td style=\"height: 13.5pt; width: 54pt; text-align: center;\" width=\"72\" height=\"18\">Modelo<\/td>\n<td style=\"width: 54pt; text-align: center;\" width=\"72\">Capacidad (ml)<\/td>\n<td style=\"width: 54pt; text-align: center;\" width=\"72\">Dimensiones (cm)<\/td>\n<td style=\"width: 54pt; text-align: center;\" width=\"72\">Forma<\/td>\n<\/tr>\n<tr style=\"height: 13.50pt;\">\n<td style=\"height: 13.5pt; text-align: center;\" align=\"right\" height=\"18\">64010040<\/td>\n<td style=\"text-align: center;\" align=\"right\">100<\/td>\n<td style=\"text-align: center;\">5,0 \u00d7 5,0 x 9,6<\/td>\n<td class=\"et2\" style=\"text-align: center;\" rowspan=\"2\">Cuadrado<\/td>\n<\/tr>\n<tr style=\"height: 13.50pt;\">\n<td style=\"height: 13.5pt; text-align: center;\" align=\"right\" height=\"18\">64035041<\/td>\n<td style=\"text-align: center;\" align=\"right\">350<\/td>\n<td style=\"text-align: center;\">6,0 \u00d7 6,0 x 16,1<\/td>\n<\/tr>\n<\/tbody>\n<\/table>\n<h2>Caso de \u00e9xito<\/h2>\n<p>Una marca boutique de productos l\u00e1cteos se asoci\u00f3 con nosotros para dise\u00f1ar una botella cuadrada de vidrio \u00fanica para su nueva l\u00ednea de leches fr\u00edas org\u00e1nicas y postres de pud\u00edn. Cada botella de 100 ml presenta un dise\u00f1o cuidadoso con l\u00edneas geom\u00e9tricas sencillas y un fondo de vidrio profundo. Un delicado tap\u00f3n de madera proporciona un sellado herm\u00e9tico, y el logotipo de la marca en relieve est\u00e1 decorado en la parte frontal, reflejando su maestr\u00eda y car\u00e1cter distintivo. Adem\u00e1s, la botella presenta un elegante acabado mate degradado, que realza el atractivo del producto y lo distingue del resto.<\/p>\n<p>Despu\u00e9s del relanzamiento del producto, las ventas aumentaron un 40% y los clientes est\u00e1n dando excelentes cr\u00edticas a la botella en t\u00e9rminos de su resistencia y reutilizaci\u00f3n.<\/p>\n<h2>Tus consejos de personalizaci\u00f3n<\/h2>\n<p>No armonice con un empaque mediocre: una botella de leche cuadrada de vidrio puede ser la cara de su marca. Comparta con nosotros su historia, ya sea &#034;Fresco de la granja org\u00e1nica&#034; o &#034;Elegante de la cafeter\u00eda moderna&#034;, y la materializaremos con un acabado esmerilado, un logotipo en relieve o un recubrimiento degradado. \u00bfBusca un volumen personalizado como 100 ml o 350 ml? Dise\u00f1aremos un molde especialmente para su l\u00ednea de productos. Elija tapas selladas de aluminio, corcho o bamb\u00fa para su botella; tambi\u00e9n disponemos de grabado de logotipos para todas estas opciones. Perm\u00edtanos convertir su botella de vidrio cuadrada en un dise\u00f1o fant\u00e1stico y reutilizable.<\/p>","protected":false},"excerpt":{"rendered":"<p>Elegantes botellas cuadradas de vidrio personalizadas para leche, yogur y jugo. Adem\u00e1s, la botella de vidrio a granel admite tapas, colores e impresi\u00f3n de logotipos personalizados para realzar la identidad de su marca.<\/p>","protected":false},"featured_media":2120,"template":"","meta":{"postBodyCss":"","postBodyMargin":[],"postBodyPadding":[],"postBodyBackground":{"backgroundType":"classic","gradient":""}},"product_brand":[],"product_cat":[15,16,46],"product_tag":[],"class_list":{"0":"post-2119","1":"product","2":"type-product","3":"status-publish","4":"has-post-thumbnail","6":"product_cat-glass-containers","7":"product_cat-glass-bottles","8":"product_cat-glass-milk-bottles","10":"first","11":"instock","12":"shipping-taxable","13":"product-type-simple"},"jetpack_sharing_enabled":true,"_links":{"self":[{"href":"https:\/\/minghanggroup.com\/es\/wp-json\/wp\/v2\/product\/2119","targetHints":{"allow":["GET"]}}],"collection":[{"href":"https:\/\/minghanggroup.com\/es\/wp-json\/wp\/v2\/product"}],"about":[{"href":"https:\/\/minghanggroup.com\/es\/wp-json\/wp\/v2\/types\/product"}],"wp:featuredmedia":[{"embeddable":true,"href":"https:\/\/minghanggroup.com\/es\/wp-json\/wp\/v2\/media\/2120"}],"wp:attachment":[{"href":"https:\/\/minghanggroup.com\/es\/wp-json\/wp\/v2\/media?parent=2119"}],"wp:term":[{"taxonomy":"product_brand","embeddable":true,"href":"https:\/\/minghanggroup.com\/es\/wp-json\/wp\/v2\/product_brand?post=2119"},{"taxonomy":"product_cat","embeddable":true,"href":"https:\/\/minghanggroup.com\/es\/wp-json\/wp\/v2\/product_cat?post=2119"},{"taxonomy":"product_tag","embeddable":true,"href":"https:\/\/minghanggroup.com\/es\/wp-json\/wp\/v2\/product_tag?post=2119"}],"curies":[{"name":"wp","href":"https:\/\/api.w.org\/{rel}","templated":true}]}}