{"id":2112,"date":"2025-10-27T14:08:34","date_gmt":"2025-10-27T06:08:34","guid":{"rendered":"https:\/\/minghanggroup.com\/?post_type=product&#038;p=2112"},"modified":"2025-10-27T14:08:34","modified_gmt":"2025-10-27T06:08:34","slug":"glass-milk-bottles-with-lids-wholesale-for-dairy-and-dessert","status":"publish","type":"product","link":"https:\/\/minghanggroup.com\/es\/producto\/glass-milk-bottles-with-lids-wholesale-for-dairy-and-dessert\/","title":{"rendered":"Botellas de leche de vidrio alto y delgado de 100-200 ml con tapa, venta al por mayor para l\u00e1cteos y postres"},"content":{"rendered":"<p>Botellas de leche de vidrio con tapas al por mayor, botella de vidrio con leche de chocolate<\/p>\n<p>El empaque para su marca de l\u00e1cteos debe ser lo que realmente llame la atenci\u00f3n de los clientes al navegar por las p\u00e1ginas. Fabricamos al por mayor botellas de vidrio para leche con tapas que hacen que cada vertido sea un momento de puro deleite. Estos frascos de vidrio de inspiraci\u00f3n retro combinan un encanto atemporal con la comodidad de hoy en d\u00eda, ideales para leche con chocolate, l\u00e1cteos o jugos. Como su proveedor confiable de envases de vidrio, utilizamos materias primas frescas que garantizan que su producto se mantenga fresco por m\u00e1s tiempo.<\/p>\n<h2>Caracter\u00edsticas del producto<\/h2>\n<ol>\n<li><strong>Dise\u00f1o delgado y elegante:<\/strong>Con su dise\u00f1o visualmente ligero y elegante, estas son las l\u00edneas altas y delgadas de la botella de vidrio de leche con chocolate, que encajar\u00edan perfectamente con el estilo de una marca de leche, jugo o pud\u00edn premium.<\/li>\n<li><strong>Vidrio transparente espesado:<\/strong>Est\u00e1 hecho de vidrio brillante y resistente, por lo que se expone el color natural del producto, el recipiente es hermoso y funcional al mismo tiempo.<\/li>\n<li><strong>Capacidad vers\u00e1til:<\/strong>Esta capacidad es ideal para distintos tipos de usos, como leche fresca, yogur, pud\u00edn y caf\u00e9 fr\u00edo.<\/li>\n<li><strong>Dise\u00f1o de boca sellable:<\/strong>Las tapas de metal, pl\u00e1stico o papel de aluminio con las que es compatible, garantizan un sellado a prueba de fugas y as\u00ed la frescura se puede conservar durante un mayor periodo de tiempo.<\/li>\n<\/ol>\n<h2>Especificaciones clave<\/h2>\n<table style=\"border-collapse: collapse; width: 80%; margin-left: auto; margin-right: auto;\" border=\"0\" width=\"288\" cellspacing=\"0\" cellpadding=\"0\">\n<tbody>\n<tr style=\"height: 13.50pt;\">\n<td style=\"height: 13.5pt; width: 54pt; text-align: center;\" width=\"72\" height=\"18\">Modelo<\/td>\n<td style=\"width: 54pt; text-align: center;\" width=\"72\">Capacidad (ml)<\/td>\n<td style=\"width: 54pt; text-align: center;\" width=\"72\">Dimensiones (cm)<\/td>\n<td style=\"width: 54pt; text-align: center;\" width=\"72\">Tipo de botella<\/td>\n<\/tr>\n<tr style=\"height: 13.50pt;\">\n<td style=\"height: 13.5pt; text-align: center;\" align=\"right\" height=\"18\">64010038<\/td>\n<td style=\"text-align: center;\" align=\"right\">100<\/td>\n<td style=\"text-align: center;\">4.5&#215;9.5<\/td>\n<td class=\"et2\" style=\"text-align: center;\" rowspan=\"2\">Delgado alto<\/td>\n<\/tr>\n<tr style=\"height: 13.50pt;\">\n<td style=\"height: 13.5pt; text-align: center;\" align=\"right\" height=\"18\">64020039<\/td>\n<td style=\"text-align: center;\" align=\"right\">200<\/td>\n<td style=\"text-align: center;\">6.0&#215;12.8<\/td>\n<\/tr>\n<\/tbody>\n<\/table>\n<h2>Caso de \u00e9xito<\/h2>\n<p>Una marca de productos l\u00e1cteos boutique nos encarg\u00f3 la creaci\u00f3n de botellas de leche de vidrio personalizadas con tapas al por mayor. La botella de 200 ml, con su esbelta silueta, no solo es una forma maravillosa de presentar el producto, ahorrando espacio de exposici\u00f3n y env\u00edo, sino que tambi\u00e9n combina a la perfecci\u00f3n elegancia y utilidad.<\/p>\n<p>El cliente opt\u00f3 por un tap\u00f3n de rosca blanco mate con un sello retr\u00e1ctil transparente para el estilo minimalista de la marca, lo que result\u00f3 en un envase elegante y est\u00e9ril. El delicado estampado esmerilado del logotipo en la botella evoca un aire lujoso y artesanal, ideal para cafeter\u00edas y supermercados de lujo.<\/p>\n<p>El nuevo envase ha sido recibido con gran entusiasmo por los clientes desde su lanzamiento. La empresa proveedora de la leche ha experimentado un aumento del 28 % en sus ventas durante las primeras seis semanas.<\/p>\n<h2>Tus consejos de personalizaci\u00f3n<\/h2>\n<p>La botella alargada de leche con chocolate de tu marca debe ser la que transmita su encanto \u00fanico. Con solo indicarnos el nombre de tu sabor (como &#034;crema de miel&#034; o &#034;aroma a mango&#034;), crearemos un sutil degradado de color, un logotipo en relieve o un acabado esmerilado que refleje la esencia de tu marca. \u00bfBuscas una colaboraci\u00f3n con una cafeter\u00eda con capacidad de 100 ml o 200 ml? \u00a1Esta botella de leche alta y delgada es justo lo que necesitas!<\/p>\n<p>Tu botella de vidrio no es un simple envase, sino un reflejo de la calidad y el estilo de tu marca. Hag\u00e1moslo creando bebidas inolvidables, pero solo una botella a la vez.<\/p>","protected":false},"excerpt":{"rendered":"<p>Botellas de leche de vidrio con tapa al por mayor, perfectas para yogur y batidos. La botella de leche con chocolate se puede personalizar con logotipos y recubrimiento de color para su marca.<\/p>","protected":false},"featured_media":2114,"template":"","meta":{"postBodyCss":"","postBodyMargin":[],"postBodyPadding":[],"postBodyBackground":{"backgroundType":"classic","gradient":""}},"product_brand":[],"product_cat":[15,16,46],"product_tag":[],"class_list":{"0":"post-2112","1":"product","2":"type-product","3":"status-publish","4":"has-post-thumbnail","6":"product_cat-glass-containers","7":"product_cat-glass-bottles","8":"product_cat-glass-milk-bottles","10":"first","11":"instock","12":"shipping-taxable","13":"product-type-simple"},"jetpack_sharing_enabled":true,"_links":{"self":[{"href":"https:\/\/minghanggroup.com\/es\/wp-json\/wp\/v2\/product\/2112","targetHints":{"allow":["GET"]}}],"collection":[{"href":"https:\/\/minghanggroup.com\/es\/wp-json\/wp\/v2\/product"}],"about":[{"href":"https:\/\/minghanggroup.com\/es\/wp-json\/wp\/v2\/types\/product"}],"wp:featuredmedia":[{"embeddable":true,"href":"https:\/\/minghanggroup.com\/es\/wp-json\/wp\/v2\/media\/2114"}],"wp:attachment":[{"href":"https:\/\/minghanggroup.com\/es\/wp-json\/wp\/v2\/media?parent=2112"}],"wp:term":[{"taxonomy":"product_brand","embeddable":true,"href":"https:\/\/minghanggroup.com\/es\/wp-json\/wp\/v2\/product_brand?post=2112"},{"taxonomy":"product_cat","embeddable":true,"href":"https:\/\/minghanggroup.com\/es\/wp-json\/wp\/v2\/product_cat?post=2112"},{"taxonomy":"product_tag","embeddable":true,"href":"https:\/\/minghanggroup.com\/es\/wp-json\/wp\/v2\/product_tag?post=2112"}],"curies":[{"name":"wp","href":"https:\/\/api.w.org\/{rel}","templated":true}]}}