{"id":2075,"date":"2025-10-24T17:06:14","date_gmt":"2025-10-24T09:06:14","guid":{"rendered":"https:\/\/minghanggroup.com\/?post_type=product&#038;p=2075"},"modified":"2026-01-20T13:44:11","modified_gmt":"2026-01-20T05:44:11","slug":"wholesale-glass-yogurt-bottles-for-packaging","status":"publish","type":"product","link":"https:\/\/minghanggroup.com\/es\/producto\/wholesale-glass-yogurt-bottles-for-packaging\/","title":{"rendered":"Botellas de yogur de vidrio de doble coraz\u00f3n de 100 ml, 150 ml y 250 ml para leche y postres."},"content":{"rendered":"<p>Para que su marca de leche destaque entre la multitud, un envase visualmente atractivo es fundamental. Fabricamos adorables envases de yogur de vidrio con forma de coraz\u00f3n que le dejar\u00e1n boquiabierto. Como reconocidos fabricantes de envases de vidrio, nos enorgullecemos de ofrecer las mejores materias primas para sus productos l\u00e1cteos. Estas elegantes botellas de leche de vidrio reciclable combinan a la perfecci\u00f3n el encanto de la vieja escuela con la funcionalidad contempor\u00e1nea. \u00bfPor qu\u00e9 no infusionar yogur, zumo o incluso un peque\u00f1o postre?<\/p>\n<h2>Caracter\u00edsticas del producto<\/h2>\n<ol>\n<li><strong>Dise\u00f1o de coraz\u00f3n rom\u00e1ntico:<\/strong>El relieve de doble coraz\u00f3n es el detalle que hace que las botellas de yogur de vidrio sean rom\u00e1nticas y definitivamente llamar\u00e1n la atenci\u00f3n en cada estante.<\/li>\n<li><strong>Vista de frescura de vidrio transparente:<\/strong>El vidrio transparente resalta el color brillante del yogur y as\u00ed el cliente puede ver la calidad m\u00e1s fresca incluso antes de realizar la compra.<\/li>\n<li><strong>Ajuste perfecto de la tapa:<\/strong>La boca ligeramente ensanchada puede combinarse con cualquier tapa de botella, por lo que no hay fugas ni derrames, solo pura alegr\u00eda l\u00e1ctea.<\/li>\n<li><strong>Tama\u00f1o optimizado para cada l\u00ednea de productos l\u00e1cteos:<\/strong>Estamos aqu\u00ed para ayudarle con el embotellado de sus productos l\u00e1cteos, desde muestras de 100 ml hasta 250 ml a granel.<\/li>\n<\/ol>\n<h2>Especificaciones clave<\/h2>\n<table style=\"border-collapse: collapse; width: 80%; margin-left: auto; margin-right: auto;\" border=\"0\" width=\"288\" cellspacing=\"0\" cellpadding=\"0\">\n<tbody>\n<tr style=\"height: 13.50pt;\">\n<td style=\"height: 13.5pt; width: 54pt; text-align: center;\" width=\"72\" height=\"18\">Modelo<\/td>\n<td style=\"width: 54pt; text-align: center;\" width=\"72\">Capacidad (ml)<\/td>\n<td style=\"width: 54pt; text-align: center;\" width=\"72\">Dimensiones (cm)<\/td>\n<td style=\"width: 54pt; text-align: center;\" width=\"72\">Patr\u00f3n<\/td>\n<\/tr>\n<tr style=\"height: 13.50pt;\">\n<td style=\"height: 13.5pt; text-align: center;\" align=\"right\" height=\"18\">64010035<\/td>\n<td style=\"text-align: center;\" align=\"right\">100<\/td>\n<td style=\"text-align: center;\">6.2&#215;6.7<\/td>\n<td class=\"et2\" style=\"text-align: center;\" rowspan=\"3\">Doble coraz\u00f3n<\/td>\n<\/tr>\n<tr style=\"height: 13.50pt;\">\n<td style=\"height: 13.5pt; text-align: center;\" align=\"right\" height=\"18\">64015036<\/td>\n<td style=\"text-align: center;\" align=\"right\">150<\/td>\n<td style=\"text-align: center;\">6.3&#215;7.9<\/td>\n<\/tr>\n<tr style=\"height: 13.50pt;\">\n<td style=\"height: 13.5pt; text-align: center;\" align=\"right\" height=\"18\">64025037<\/td>\n<td style=\"text-align: center;\" align=\"right\">250<\/td>\n<td style=\"text-align: center;\">7.0&#215;9.6<\/td>\n<\/tr>\n<\/tbody>\n<\/table>\n<h2>Caso de \u00e9xito<\/h2>\n<p>Despu\u00e9s de que una marca local de l\u00e1cteos decidiera lanzar un nuevo envase para su yogur, nos contactaron con la necesidad de botellas de yogur de vidrio personalizadas con forma de coraz\u00f3n. Un delicado doble relieve de coraz\u00f3n, fresco y con cari\u00f1o, adorna cada botella de 150 ml, lo que combina a la perfecci\u00f3n con el concepto &#034;Hecho con Coraz\u00f3n&#034; de la marca.<\/p>\n<p>A juego con el envase con tem\u00e1tica rom\u00e1ntica, la lecher\u00eda eligi\u00f3 una tapa de aluminio de color pastel con un sello herm\u00e9tico de silicona para garantizar la frescura del producto durante mucho tiempo. Su dise\u00f1o elegante y herm\u00e9tico es justo lo que la cadena de fr\u00edo necesita.<\/p>\n<p>Inmediatamente despu\u00e9s de la introducci\u00f3n del nuevo producto, los clientes quedaron cautivados por el aspecto adorable y exclusivo del producto, por lo tanto, las ventas aumentaron un 35% en dos meses.<\/p>\n<h2>Tus consejos de personalizaci\u00f3n<\/h2>\n<p>Dile adi\u00f3s a las botellas convencionales: tu botella de vidrio para pud\u00edn Double Heart debe reflejar el estilo \u00fanico de tu marca. Cu\u00e9ntanos tu sabor (como &#034;Pud\u00edn de Leche de Rosas&#034;), personaliza la tapa y crea una cobertura en tonos pastel. \u00bfBuscas un nuevo postre de 250 ml? Creemos juntos una experiencia memorable.<\/p>","protected":false},"excerpt":{"rendered":"<p>Endulza tu marca con nuestras botellas de yogur de vidrio de doble coraz\u00f3n, perfectas para leche, postres o yogur. Tapas, logotipos y colores personalizados disponibles para un toque encantador.<\/p>","protected":false},"featured_media":2076,"template":"","meta":{"postBodyCss":"","postBodyMargin":[],"postBodyPadding":[],"postBodyBackground":{"backgroundType":"classic","gradient":""}},"product_brand":[],"product_cat":[15,16,46],"product_tag":[65,64],"class_list":{"0":"post-2075","1":"product","2":"type-product","3":"status-publish","4":"has-post-thumbnail","6":"product_cat-glass-containers","7":"product_cat-glass-bottles","8":"product_cat-glass-milk-bottles","9":"product_tag-glass-jam-jars","10":"product_tag-glass-yogurt-jars","12":"first","13":"instock","14":"shipping-taxable","15":"product-type-simple"},"jetpack_sharing_enabled":true,"_links":{"self":[{"href":"https:\/\/minghanggroup.com\/es\/wp-json\/wp\/v2\/product\/2075","targetHints":{"allow":["GET"]}}],"collection":[{"href":"https:\/\/minghanggroup.com\/es\/wp-json\/wp\/v2\/product"}],"about":[{"href":"https:\/\/minghanggroup.com\/es\/wp-json\/wp\/v2\/types\/product"}],"wp:featuredmedia":[{"embeddable":true,"href":"https:\/\/minghanggroup.com\/es\/wp-json\/wp\/v2\/media\/2076"}],"wp:attachment":[{"href":"https:\/\/minghanggroup.com\/es\/wp-json\/wp\/v2\/media?parent=2075"}],"wp:term":[{"taxonomy":"product_brand","embeddable":true,"href":"https:\/\/minghanggroup.com\/es\/wp-json\/wp\/v2\/product_brand?post=2075"},{"taxonomy":"product_cat","embeddable":true,"href":"https:\/\/minghanggroup.com\/es\/wp-json\/wp\/v2\/product_cat?post=2075"},{"taxonomy":"product_tag","embeddable":true,"href":"https:\/\/minghanggroup.com\/es\/wp-json\/wp\/v2\/product_tag?post=2075"}],"curies":[{"name":"wp","href":"https:\/\/api.w.org\/{rel}","templated":true}]}}