{"id":2070,"date":"2025-10-24T15:25:50","date_gmt":"2025-10-24T07:25:50","guid":{"rendered":"https:\/\/minghanggroup.com\/?post_type=product&#038;p=2070"},"modified":"2025-10-24T17:40:11","modified_gmt":"2025-10-24T09:40:11","slug":"vertical-line-glass-yogurt-bottle-for-dessert-and-jelly","status":"publish","type":"product","link":"https:\/\/minghanggroup.com\/es\/producto\/vertical-line-glass-yogurt-bottle-for-dessert-and-jelly\/","title":{"rendered":"Botella de yogur de vidrio de l\u00ednea vertical de 100-200 ml para postres y gelatinas"},"content":{"rendered":"<p>Los envases de yogur de su l\u00ednea deben ser tan atractivos que los clientes dejen de mirarlos. Creamos dise\u00f1os de botellas de yogur de vidrio que realzan su lecher\u00eda. Estas botellas de leche de vidrio reutilizables tienen un agradable toque retro, a la vez que son modernas en estilo y funcionalidad, ideales para yogur, batidos o incluso postres.<\/p>\n<h2>Caracter\u00edsticas del producto<\/h2>\n<p><strong>Elegancia de agarre vertical<\/strong><\/p>\n<p>Al tener nervaduras verticales, tu botella de yogur de vidrio te dar\u00e1 una sensaci\u00f3n de lujo: no tendr\u00e1s que preocuparte de que se te resbale de la mano.<\/p>\n<p><strong>Vista de frescura cristalina<\/strong><\/p>\n<p>El uso de vidrio transparente permite ver el color brillante de su yogur: los clientes pueden ver la calidad incluso antes de realizar su compra.<\/p>\n<p><strong>Compatibilidad de tapas Seal-Perfect<\/strong><\/p>\n<p>La tapa de la botella con dise\u00f1o de boca ancha combina perfectamente con la botella: no habr\u00e1 fugas ni derrames, solo la pura alegr\u00eda de.<\/p>\n<h2>Especificaciones clave<\/h2>\n<table style=\"border-collapse: collapse; width: 80%; margin-left: auto; margin-right: auto;\" border=\"0\" width=\"288\" cellspacing=\"0\" cellpadding=\"0\">\n<tbody>\n<tr style=\"height: 13.50pt;\">\n<td style=\"height: 13.5pt; width: 54pt; text-align: center;\" width=\"72\" height=\"18\">Modelo<\/td>\n<td style=\"width: 54pt; text-align: center;\" width=\"72\">Capacidad (ml)<\/td>\n<td style=\"width: 54pt; text-align: center;\" width=\"72\">Dimensiones (cm)<\/td>\n<td style=\"width: 54pt; text-align: center;\" width=\"72\">Patr\u00f3n<\/td>\n<\/tr>\n<tr style=\"height: 13.50pt;\">\n<td style=\"height: 13.5pt; text-align: center;\" align=\"right\" height=\"18\">64010031<\/td>\n<td style=\"text-align: center;\" align=\"right\">100<\/td>\n<td style=\"text-align: center;\">6.8&#215;6.7<\/td>\n<td class=\"et2\" style=\"text-align: center;\" rowspan=\"4\">Vertical<\/td>\n<\/tr>\n<tr style=\"height: 13.50pt;\">\n<td style=\"height: 13.5pt; text-align: center;\" align=\"right\" height=\"18\">64013032<\/td>\n<td style=\"text-align: center;\" align=\"right\">130<\/td>\n<td style=\"text-align: center;\">6.6&#215;7.4<\/td>\n<\/tr>\n<tr style=\"height: 13.50pt;\">\n<td style=\"height: 13.5pt; text-align: center;\" align=\"right\" height=\"18\">64015033<\/td>\n<td style=\"text-align: center;\" align=\"right\">150<\/td>\n<td style=\"text-align: center;\">6.4&#215;7.7<\/td>\n<\/tr>\n<tr style=\"height: 13.50pt;\">\n<td style=\"height: 13.5pt; text-align: center;\" align=\"right\" height=\"18\">64020034<\/td>\n<td style=\"text-align: center;\" align=\"right\">200<\/td>\n<td style=\"text-align: center;\">7.2&#215;7.5<\/td>\n<\/tr>\n<\/tbody>\n<\/table>\n<h2>Caso de \u00e9xito<\/h2>\n<p>Un productor artesanal de yogur, a peque\u00f1a escala, nos contact\u00f3 para solicitar una botella de vidrio personalizada de 150 ml para yogur, con el fin de mejorar su l\u00ednea de productos premium. Juntos, dise\u00f1amos una botella con rayas verticales y un cuello liso y completamente roscado. El dise\u00f1o es perfecto para las tapas de rosca de aluminio y bamb\u00fa, lo que resulta en una experiencia de usuario natural y ecol\u00f3gica.<\/p>\n<p>El relieve vertical realza el agarre y le da a la botella un aspecto elegante y artesanal. Adem\u00e1s, para garantizar la m\u00e1xima frescura, cada tap\u00f3n cuenta con un revestimiento de silicona de grado alimenticio que garantiza un sellado herm\u00e9tico durante el almacenamiento y el transporte.<\/p>\n<p>Los pedidos online han crecido un 45% en s\u00f3lo dos meses.<\/p>\n<h2>Tus consejos de personalizaci\u00f3n<\/h2>\n<p>No te quedes con frascos sencillos: tu frasco de vidrio rayado para pud\u00edn de leche merece tener personalidad. Dinos el nombre de tu postre (por ejemplo, &#034;sue\u00f1o de vainilla&#034;) y lo haremos con rayas glaseadas, coberturas pastel o un sutil relieve de logotipo. \u00bfNecesitas 150 ml para pudines de cafeter\u00eda o 250 ml para sets de regalo? Elige el tama\u00f1o, la tapa y el color, y prep\u00e1rate para un env\u00edo r\u00e1pido sin pedido m\u00ednimo. Haz que un frasco de pud\u00edn sea la declaraci\u00f3n de tu marca.<\/p>","protected":false},"excerpt":{"rendered":"<p>Elegante botella de yogur de vidrio rayado con l\u00edneas verticales, perfecta para postres con leche, yogur y gelatina. Duradera, reutilizable e ideal para envasar postres.<\/p>","protected":false},"featured_media":2071,"template":"","meta":{"postBodyCss":"","postBodyMargin":[],"postBodyPadding":[],"postBodyBackground":{"backgroundType":"classic","gradient":""}},"product_brand":[],"product_cat":[15,46],"product_tag":[],"class_list":{"0":"post-2070","1":"product","2":"type-product","3":"status-publish","4":"has-post-thumbnail","6":"product_cat-glass-containers","7":"product_cat-glass-milk-bottles","9":"first","10":"instock","11":"shipping-taxable","12":"product-type-simple"},"jetpack_sharing_enabled":true,"_links":{"self":[{"href":"https:\/\/minghanggroup.com\/es\/wp-json\/wp\/v2\/product\/2070","targetHints":{"allow":["GET"]}}],"collection":[{"href":"https:\/\/minghanggroup.com\/es\/wp-json\/wp\/v2\/product"}],"about":[{"href":"https:\/\/minghanggroup.com\/es\/wp-json\/wp\/v2\/types\/product"}],"wp:featuredmedia":[{"embeddable":true,"href":"https:\/\/minghanggroup.com\/es\/wp-json\/wp\/v2\/media\/2071"}],"wp:attachment":[{"href":"https:\/\/minghanggroup.com\/es\/wp-json\/wp\/v2\/media?parent=2070"}],"wp:term":[{"taxonomy":"product_brand","embeddable":true,"href":"https:\/\/minghanggroup.com\/es\/wp-json\/wp\/v2\/product_brand?post=2070"},{"taxonomy":"product_cat","embeddable":true,"href":"https:\/\/minghanggroup.com\/es\/wp-json\/wp\/v2\/product_cat?post=2070"},{"taxonomy":"product_tag","embeddable":true,"href":"https:\/\/minghanggroup.com\/es\/wp-json\/wp\/v2\/product_tag?post=2070"}],"curies":[{"name":"wp","href":"https:\/\/api.w.org\/{rel}","templated":true}]}}